{"id":30037,"date":"2025-10-20T11:23:14","date_gmt":"2025-10-20T09:23:14","guid":{"rendered":"https:\/\/eterle.cz\/eshop\/produkt\/sada-4-sklenic-na-vino-waterford\/"},"modified":"2025-12-05T22:26:22","modified_gmt":"2025-12-05T21:26:22","slug":"sada-4-sklenic-na-vino-waterford","status":"publish","type":"product","link":"https:\/\/eterle.cz\/eshop\/produkt\/sada-4-sklenic-na-vino-waterford\/","title":{"rendered":"Sada 4 sklenic na v\u00edno \/ Waterford"},"content":{"rendered":"<p>Ru\u010dn\u011b foukan\u00e9 sklenice na v\u00edno z \u0159ady Elegance od zna\u010dky Waterford, kter\u00e1 p\u0159edstavuje sou\u010dasnou podobu klasick\u00e9ho irsk\u00e9ho k\u0159i\u0161\u0165\u00e1lu. Minimalistick\u00fd bezstopkov\u00fd tvar je navr\u017een tak, aby dokonale sed\u011bl v ruce a zv\u00fdraznil aroma i barvu v\u00edna. K\u0159i\u0161\u0165\u00e1lov\u00e9 sklo Waterford vynik\u00e1 mimo\u0159\u00e1dnou \u010distotou a jiskrou, kterou umoc\u0148uje precizn\u00ed ru\u010dn\u00ed zpracov\u00e1n\u00ed.  Sklenice jsou ide\u00e1ln\u00ed pro neform\u00e1ln\u011bj\u0161\u00ed akce a ve\u010d\u00edrky.<\/p>\n<p>Ide\u00e1ln\u00ed pro serv\u00edrov\u00e1n\u00ed b\u00edl\u00e9ho i \u010derven\u00e9ho v\u00edna, ale i jako elegantn\u00ed d\u00e1rek pro milovn\u00edky kvalitn\u00edho skla.<\/p>\n<p>Stav: nov\u00e9<br \/>\nZna\u010dka: Waterford<br \/>\nRozm\u011br<br \/>\nObjem: 500  ml<\/p>\n<p>&nbsp;<\/p>\n","protected":false},"excerpt":{"rendered":"<p>Ru\u010dn\u011b foukan\u00e9 sklenice na v\u00edno z \u0159ady Elegance od zna\u010dky Waterford, kter\u00e1 p\u0159edstavuje sou\u010dasnou podobu klasick\u00e9ho irsk\u00e9ho k\u0159i\u0161\u0165\u00e1lu. Minimalistick\u00fd bezstopkov\u00fd<\/p>\n","protected":false},"featured_media":30039,"template":"","meta":[],"product_brand":[],"product_cat":[75,134],"product_tag":[],"class_list":{"0":"post-30037","1":"product","2":"type-product","3":"status-publish","4":"has-post-thumbnail","6":"product_cat-sklo","7":"product_cat-sklenice","9":"first","10":"instock","11":"purchasable","12":"product-type-simple"},"_links":{"self":[{"href":"https:\/\/eterle.cz\/eshop\/wp-json\/wp\/v2\/product\/30037","targetHints":{"allow":["GET"]}}],"collection":[{"href":"https:\/\/eterle.cz\/eshop\/wp-json\/wp\/v2\/product"}],"about":[{"href":"https:\/\/eterle.cz\/eshop\/wp-json\/wp\/v2\/types\/product"}],"version-history":[{"count":1,"href":"https:\/\/eterle.cz\/eshop\/wp-json\/wp\/v2\/product\/30037\/revisions"}],"predecessor-version":[{"id":30038,"href":"https:\/\/eterle.cz\/eshop\/wp-json\/wp\/v2\/product\/30037\/revisions\/30038"}],"wp:featuredmedia":[{"embeddable":true,"href":"https:\/\/eterle.cz\/eshop\/wp-json\/wp\/v2\/media\/30039"}],"wp:attachment":[{"href":"https:\/\/eterle.cz\/eshop\/wp-json\/wp\/v2\/media?parent=30037"}],"wp:term":[{"taxonomy":"product_brand","embeddable":true,"href":"https:\/\/eterle.cz\/eshop\/wp-json\/wp\/v2\/product_brand?post=30037"},{"taxonomy":"product_cat","embeddable":true,"href":"https:\/\/eterle.cz\/eshop\/wp-json\/wp\/v2\/product_cat?post=30037"},{"taxonomy":"product_tag","embeddable":true,"href":"https:\/\/eterle.cz\/eshop\/wp-json\/wp\/v2\/product_tag?post=30037"}],"curies":[{"name":"wp","href":"https:\/\/api.w.org\/{rel}","templated":true}]}}