{"id":30042,"date":"2025-10-20T11:23:16","date_gmt":"2025-10-20T09:23:16","guid":{"rendered":"https:\/\/eterle.cz\/eshop\/produkt\/sada-4-sklenic-na-vino-waterford-2\/"},"modified":"2025-12-05T22:26:22","modified_gmt":"2025-12-05T21:26:22","slug":"sada-4-sklenic-na-vino-waterford-2","status":"publish","type":"product","link":"https:\/\/eterle.cz\/eshop\/produkt\/sada-4-sklenic-na-vino-waterford-2\/","title":{"rendered":"Sada 4 sklenic na v\u00edno \/ Waterford"},"content":{"rendered":"<p>Elegantn\u00ed k\u0159i\u0161\u0165\u00e1lov\u00e9 sklenice z kolekce Elegance od irsk\u00e9 zna\u010dky Waterford, navr\u017een\u00e9 speci\u00e1ln\u011b pro v\u00edna odr\u016fdy Cabernet Sauvignon. Jejich tvar s prostornou \u010d\u00ed\u0161\u00ed umo\u017e\u0148uje v\u00ednu d\u00fdchat a rozvinout pln\u00e9 aroma i chu\u0165ov\u00e9 nuance.<\/p>\n<p>Ka\u017ed\u00e1 sklenice je ru\u010dn\u011b foukan\u00e1 z prvot\u0159\u00eddn\u00edho k\u0159i\u0161\u0165\u00e1lu a vyzna\u010duje se v\u00fdjime\u010dnou lehkost\u00ed, tenkost\u00ed st\u011bn a precizn\u00ed rovnov\u00e1hou mezi kalichem, stopkou a podstavcem. Kolekce Elegance od Waterford p\u0159edstavuje spojen\u00ed modern\u00ed jednoduchosti s tradic\u00ed ru\u010dn\u00ed v\u00fdroby, pro kterou je zna\u010dka proslul\u00e1 od 18. stolet\u00ed.<\/p>\n<p>Stav: nov\u00e9<br \/>\nZna\u010dka: Waterford<br \/>\nRozm\u011br<br \/>\nObjem: 500 ml<\/p>\n<p>&nbsp;<\/p>\n","protected":false},"excerpt":{"rendered":"<p>Elegantn\u00ed k\u0159i\u0161\u0165\u00e1lov\u00e9 sklenice z kolekce Elegance od irsk\u00e9 zna\u010dky Waterford, navr\u017een\u00e9 speci\u00e1ln\u011b pro v\u00edna odr\u016fdy Cabernet Sauvignon. Jejich tvar s<\/p>\n","protected":false},"featured_media":30044,"template":"","meta":[],"product_brand":[],"product_cat":[75,134],"product_tag":[],"class_list":{"0":"post-30042","1":"product","2":"type-product","3":"status-publish","4":"has-post-thumbnail","6":"product_cat-sklo","7":"product_cat-sklenice","9":"first","10":"instock","11":"purchasable","12":"product-type-simple"},"_links":{"self":[{"href":"https:\/\/eterle.cz\/eshop\/wp-json\/wp\/v2\/product\/30042","targetHints":{"allow":["GET"]}}],"collection":[{"href":"https:\/\/eterle.cz\/eshop\/wp-json\/wp\/v2\/product"}],"about":[{"href":"https:\/\/eterle.cz\/eshop\/wp-json\/wp\/v2\/types\/product"}],"version-history":[{"count":1,"href":"https:\/\/eterle.cz\/eshop\/wp-json\/wp\/v2\/product\/30042\/revisions"}],"predecessor-version":[{"id":30043,"href":"https:\/\/eterle.cz\/eshop\/wp-json\/wp\/v2\/product\/30042\/revisions\/30043"}],"wp:featuredmedia":[{"embeddable":true,"href":"https:\/\/eterle.cz\/eshop\/wp-json\/wp\/v2\/media\/30044"}],"wp:attachment":[{"href":"https:\/\/eterle.cz\/eshop\/wp-json\/wp\/v2\/media?parent=30042"}],"wp:term":[{"taxonomy":"product_brand","embeddable":true,"href":"https:\/\/eterle.cz\/eshop\/wp-json\/wp\/v2\/product_brand?post=30042"},{"taxonomy":"product_cat","embeddable":true,"href":"https:\/\/eterle.cz\/eshop\/wp-json\/wp\/v2\/product_cat?post=30042"},{"taxonomy":"product_tag","embeddable":true,"href":"https:\/\/eterle.cz\/eshop\/wp-json\/wp\/v2\/product_tag?post=30042"}],"curies":[{"name":"wp","href":"https:\/\/api.w.org\/{rel}","templated":true}]}}