{"id":30049,"date":"2025-10-20T11:23:20","date_gmt":"2025-10-20T09:23:20","guid":{"rendered":"https:\/\/eterle.cz\/eshop\/produkt\/sada-4-sklenic-na-sekt-waterford\/"},"modified":"2025-12-05T22:26:22","modified_gmt":"2025-12-05T21:26:22","slug":"sada-4-sklenic-na-sekt-waterford","status":"publish","type":"product","link":"https:\/\/eterle.cz\/eshop\/produkt\/sada-4-sklenic-na-sekt-waterford\/","title":{"rendered":"Sada 4 sklenic na sekt \/ Waterford"},"content":{"rendered":"<p>Ru\u010dn\u011b brou\u0161en\u00e9 sklenice z kolekce Jasper Conran pro zna\u010dku Waterford spojuj\u00ed modern\u00ed britsk\u00fd design s dokonal\u00fdm irsk\u00fdm \u0159emeslem. Typick\u00e9 horizont\u00e1ln\u00ed ryt\u00ed dod\u00e1v\u00e1 sklu jemn\u00fd optick\u00fd efekt, kter\u00fd kr\u00e1sn\u011b odr\u00e1\u017e\u00ed sv\u011btlo a podtrhuje slavnostn\u00ed atmosf\u00e9ru.<\/p>\n<p>Kolekce vznikla ve spolupr\u00e1ci s n\u00e1vrh\u00e1\u0159em Jasperem Conranem, kter\u00fd je zn\u00e1m\u00fd sv\u00fdm minimalistick\u00fdm p\u0159\u00edstupem a d\u016frazem na \u010distotu tvar\u016f. Sklenice jsou ide\u00e1ln\u00ed pro serv\u00edrov\u00e1n\u00ed \u0161ampa\u0148sk\u00e9ho nebo prosecca.<\/p>\n<p>Stav: nov\u00e9<br \/>\nZna\u010dka: Waterford, Jasper Conran<br \/>\nRozm\u011br<br \/>\nObjem: 200 ml<\/p>\n<p>&nbsp;<\/p>\n","protected":false},"excerpt":{"rendered":"<p>Ru\u010dn\u011b brou\u0161en\u00e9 sklenice z kolekce Jasper Conran pro zna\u010dku Waterford spojuj\u00ed modern\u00ed britsk\u00fd design s dokonal\u00fdm irsk\u00fdm \u0159emeslem. Typick\u00e9 horizont\u00e1ln\u00ed<\/p>\n","protected":false},"featured_media":30051,"template":"","meta":[],"product_brand":[],"product_cat":[75,134],"product_tag":[],"class_list":{"0":"post-30049","1":"product","2":"type-product","3":"status-publish","4":"has-post-thumbnail","6":"product_cat-sklo","7":"product_cat-sklenice","9":"first","10":"instock","11":"purchasable","12":"product-type-simple"},"_links":{"self":[{"href":"https:\/\/eterle.cz\/eshop\/wp-json\/wp\/v2\/product\/30049","targetHints":{"allow":["GET"]}}],"collection":[{"href":"https:\/\/eterle.cz\/eshop\/wp-json\/wp\/v2\/product"}],"about":[{"href":"https:\/\/eterle.cz\/eshop\/wp-json\/wp\/v2\/types\/product"}],"version-history":[{"count":1,"href":"https:\/\/eterle.cz\/eshop\/wp-json\/wp\/v2\/product\/30049\/revisions"}],"predecessor-version":[{"id":30050,"href":"https:\/\/eterle.cz\/eshop\/wp-json\/wp\/v2\/product\/30049\/revisions\/30050"}],"wp:featuredmedia":[{"embeddable":true,"href":"https:\/\/eterle.cz\/eshop\/wp-json\/wp\/v2\/media\/30051"}],"wp:attachment":[{"href":"https:\/\/eterle.cz\/eshop\/wp-json\/wp\/v2\/media?parent=30049"}],"wp:term":[{"taxonomy":"product_brand","embeddable":true,"href":"https:\/\/eterle.cz\/eshop\/wp-json\/wp\/v2\/product_brand?post=30049"},{"taxonomy":"product_cat","embeddable":true,"href":"https:\/\/eterle.cz\/eshop\/wp-json\/wp\/v2\/product_cat?post=30049"},{"taxonomy":"product_tag","embeddable":true,"href":"https:\/\/eterle.cz\/eshop\/wp-json\/wp\/v2\/product_tag?post=30049"}],"curies":[{"name":"wp","href":"https:\/\/api.w.org\/{rel}","templated":true}]}}