{"id":30062,"date":"2025-10-20T11:23:29","date_gmt":"2025-10-20T09:23:29","guid":{"rendered":"https:\/\/eterle.cz\/eshop\/produkt\/dve-sklenice-na-sekt-waterford\/"},"modified":"2025-12-05T22:26:22","modified_gmt":"2025-12-05T21:26:22","slug":"dve-sklenice-na-sekt-waterford","status":"publish","type":"product","link":"https:\/\/eterle.cz\/eshop\/produkt\/dve-sklenice-na-sekt-waterford\/","title":{"rendered":"Dv\u011b sklenice na sekt \/ Waterford"},"content":{"rendered":"<p>Dvojice ru\u010dn\u011b brou\u0161en\u00fdch sklenic Waterford Geo z kolekce Johna Rochy spojuje irsk\u00e9 skl\u00e1\u0159sk\u00e9 \u0159emeslo s modern\u00ed geometri\u00ed. Jemn\u00e9 ryt\u00ed dod\u00e1v\u00e1 k\u0159i\u0161\u0165\u00e1lu architektonickou eleganci, d\u00edky kter\u00e9 p\u016fsob\u00ed slavnostn\u011b i minimalisticky. Ide\u00e1ln\u00ed pro p\u0159\u00edpitky se \u0161ampa\u0148sk\u00fdm \u010di proseccem.<\/p>\n<p>Stav: nov\u00e9<br \/>\nZna\u010dka: Waterford, John Rocha<br \/>\nRozm\u011br<br \/>\nObjem: 150 ml<\/p>\n<p>&nbsp;<\/p>\n","protected":false},"excerpt":{"rendered":"<p>Dvojice ru\u010dn\u011b brou\u0161en\u00fdch sklenic Waterford Geo z kolekce Johna Rochy spojuje irsk\u00e9 skl\u00e1\u0159sk\u00e9 \u0159emeslo s modern\u00ed geometri\u00ed. Jemn\u00e9 ryt\u00ed dod\u00e1v\u00e1<\/p>\n","protected":false},"featured_media":30064,"template":"","meta":[],"product_brand":[],"product_cat":[75,134],"product_tag":[],"class_list":{"0":"post-30062","1":"product","2":"type-product","3":"status-publish","4":"has-post-thumbnail","6":"product_cat-sklo","7":"product_cat-sklenice","9":"first","10":"instock","11":"purchasable","12":"product-type-simple"},"_links":{"self":[{"href":"https:\/\/eterle.cz\/eshop\/wp-json\/wp\/v2\/product\/30062","targetHints":{"allow":["GET"]}}],"collection":[{"href":"https:\/\/eterle.cz\/eshop\/wp-json\/wp\/v2\/product"}],"about":[{"href":"https:\/\/eterle.cz\/eshop\/wp-json\/wp\/v2\/types\/product"}],"version-history":[{"count":1,"href":"https:\/\/eterle.cz\/eshop\/wp-json\/wp\/v2\/product\/30062\/revisions"}],"predecessor-version":[{"id":30063,"href":"https:\/\/eterle.cz\/eshop\/wp-json\/wp\/v2\/product\/30062\/revisions\/30063"}],"wp:featuredmedia":[{"embeddable":true,"href":"https:\/\/eterle.cz\/eshop\/wp-json\/wp\/v2\/media\/30064"}],"wp:attachment":[{"href":"https:\/\/eterle.cz\/eshop\/wp-json\/wp\/v2\/media?parent=30062"}],"wp:term":[{"taxonomy":"product_brand","embeddable":true,"href":"https:\/\/eterle.cz\/eshop\/wp-json\/wp\/v2\/product_brand?post=30062"},{"taxonomy":"product_cat","embeddable":true,"href":"https:\/\/eterle.cz\/eshop\/wp-json\/wp\/v2\/product_cat?post=30062"},{"taxonomy":"product_tag","embeddable":true,"href":"https:\/\/eterle.cz\/eshop\/wp-json\/wp\/v2\/product_tag?post=30062"}],"curies":[{"name":"wp","href":"https:\/\/api.w.org\/{rel}","templated":true}]}}