{"id":30075,"date":"2025-10-20T11:23:37","date_gmt":"2025-10-20T09:23:37","guid":{"rendered":"https:\/\/eterle.cz\/eshop\/produkt\/dve-sklenice-na-vino-wedgwood\/"},"modified":"2025-12-05T22:26:21","modified_gmt":"2025-12-05T21:26:21","slug":"dve-sklenice-na-vino-wedgwood","status":"publish","type":"product","link":"https:\/\/eterle.cz\/eshop\/produkt\/dve-sklenice-na-vino-wedgwood\/","title":{"rendered":"Dv\u011b sklenice na v\u00edno \/ Wedgwood"},"content":{"rendered":"<p>Dvojice sklenic Wedgwood vynik\u00e1 jemn\u011b ryt\u00fdm dekorem, kter\u00fd p\u0159ipom\u00edn\u00e1 krajku z p\u0159elomu 19. a 20. stolet\u00ed. Precizn\u00ed ryt\u00ed vytv\u00e1\u0159\u00ed na k\u0159i\u0161\u0165\u00e1lu elegantn\u00ed hru sv\u011btla, typickou pro anglickou zna\u010dku s v\u00edce ne\u017e dvousetletou tradic\u00ed.<\/p>\n<p>Sklenice jsou  ide\u00e1ln\u00ed pro b\u00edl\u00e9 v\u00edno nebo jako dekorativn\u00ed dopln\u011bk pro slavnostn\u00ed stolov\u00e1n\u00ed.<\/p>\n<p>Stav: nov\u00e9<br \/>\nZna\u010dka: Wedgwood<br \/>\nRozm\u011br<br \/>\nObjem: 250 ml<\/p>\n<p>&nbsp;<\/p>\n","protected":false},"excerpt":{"rendered":"<p>Dvojice sklenic Wedgwood vynik\u00e1 jemn\u011b ryt\u00fdm dekorem, kter\u00fd p\u0159ipom\u00edn\u00e1 krajku z p\u0159elomu 19. a 20. stolet\u00ed. Precizn\u00ed ryt\u00ed vytv\u00e1\u0159\u00ed na<\/p>\n","protected":false},"featured_media":30077,"template":"","meta":[],"product_brand":[],"product_cat":[75,134],"product_tag":[],"class_list":{"0":"post-30075","1":"product","2":"type-product","3":"status-publish","4":"has-post-thumbnail","6":"product_cat-sklo","7":"product_cat-sklenice","9":"first","10":"instock","11":"purchasable","12":"product-type-simple"},"_links":{"self":[{"href":"https:\/\/eterle.cz\/eshop\/wp-json\/wp\/v2\/product\/30075","targetHints":{"allow":["GET"]}}],"collection":[{"href":"https:\/\/eterle.cz\/eshop\/wp-json\/wp\/v2\/product"}],"about":[{"href":"https:\/\/eterle.cz\/eshop\/wp-json\/wp\/v2\/types\/product"}],"version-history":[{"count":1,"href":"https:\/\/eterle.cz\/eshop\/wp-json\/wp\/v2\/product\/30075\/revisions"}],"predecessor-version":[{"id":30076,"href":"https:\/\/eterle.cz\/eshop\/wp-json\/wp\/v2\/product\/30075\/revisions\/30076"}],"wp:featuredmedia":[{"embeddable":true,"href":"https:\/\/eterle.cz\/eshop\/wp-json\/wp\/v2\/media\/30077"}],"wp:attachment":[{"href":"https:\/\/eterle.cz\/eshop\/wp-json\/wp\/v2\/media?parent=30075"}],"wp:term":[{"taxonomy":"product_brand","embeddable":true,"href":"https:\/\/eterle.cz\/eshop\/wp-json\/wp\/v2\/product_brand?post=30075"},{"taxonomy":"product_cat","embeddable":true,"href":"https:\/\/eterle.cz\/eshop\/wp-json\/wp\/v2\/product_cat?post=30075"},{"taxonomy":"product_tag","embeddable":true,"href":"https:\/\/eterle.cz\/eshop\/wp-json\/wp\/v2\/product_tag?post=30075"}],"curies":[{"name":"wp","href":"https:\/\/api.w.org\/{rel}","templated":true}]}}