{"id":30082,"date":"2025-10-20T11:23:41","date_gmt":"2025-10-20T09:23:41","guid":{"rendered":"https:\/\/eterle.cz\/eshop\/produkt\/dve-sklenice-na-vino-wik-and-walsoe\/"},"modified":"2026-01-01T19:19:42","modified_gmt":"2026-01-01T18:19:42","slug":"dve-sklenice-na-vino-wik-and-walsoe","status":"publish","type":"product","link":"https:\/\/eterle.cz\/eshop\/produkt\/dve-sklenice-na-vino-wik-and-walsoe\/","title":{"rendered":"Dv\u011b sklenice na v\u00edno \/ Wik and Walsoe"},"content":{"rendered":"<p>Dvojice sklenic Wik &#038; Wals\u00f8e ze seversk\u00e9 kolekce s jemn\u011b ryt\u00fdm motivem jelen\u016f v zimn\u00ed krajin\u011b. Jedna sklenice je \u0161ir\u0161\u00ed, ide\u00e1ln\u00ed pro \u010derven\u00e9 v\u00edno, druh\u00e1 u\u017e\u0161\u00ed \u2013 pro b\u00edl\u00e9 v\u00edno, nebo jako elegantn\u00ed p\u00e1nsk\u00e1 a d\u00e1msk\u00e1 varianta.<\/p>\n<p>Sklenice z k\u0159i\u0161\u0165\u00e1lu kombinuj\u00ed \u010dist\u00fd skandin\u00e1vsk\u00fd design s poetikou norsk\u00e9 p\u0159\u00edrody. Perfektn\u00ed jako v\u00e1no\u010dn\u00ed d\u00e1rek nebo pro slavnostn\u00ed zimn\u00ed st\u016fl.<\/p>\n<p>Stav: nov\u00e9<br \/>\nZna\u010dka: Wik and Walsoe<br \/>\nRozm\u011br<br \/>\nObjem na b\u00edl\u00e9: 250 ml<br \/>\nObjem na \u010derven\u00e9: 400 ml<\/p>\n<p>&nbsp;<\/p>\n","protected":false},"excerpt":{"rendered":"<p>Dvojice sklenic Wik &#038; Wals\u00f8e ze seversk\u00e9 kolekce s jemn\u011b ryt\u00fdm motivem jelen\u016f v zimn\u00ed krajin\u011b. Jedna sklenice je \u0161ir\u0161\u00ed,<\/p>\n","protected":false},"featured_media":30084,"template":"","meta":[],"product_brand":[],"product_cat":[75,134],"product_tag":[],"class_list":{"0":"post-30082","1":"product","2":"type-product","3":"status-publish","4":"has-post-thumbnail","6":"product_cat-sklo","7":"product_cat-sklenice","9":"first","10":"instock","11":"purchasable","12":"product-type-simple"},"_links":{"self":[{"href":"https:\/\/eterle.cz\/eshop\/wp-json\/wp\/v2\/product\/30082","targetHints":{"allow":["GET"]}}],"collection":[{"href":"https:\/\/eterle.cz\/eshop\/wp-json\/wp\/v2\/product"}],"about":[{"href":"https:\/\/eterle.cz\/eshop\/wp-json\/wp\/v2\/types\/product"}],"version-history":[{"count":1,"href":"https:\/\/eterle.cz\/eshop\/wp-json\/wp\/v2\/product\/30082\/revisions"}],"predecessor-version":[{"id":30083,"href":"https:\/\/eterle.cz\/eshop\/wp-json\/wp\/v2\/product\/30082\/revisions\/30083"}],"wp:featuredmedia":[{"embeddable":true,"href":"https:\/\/eterle.cz\/eshop\/wp-json\/wp\/v2\/media\/30084"}],"wp:attachment":[{"href":"https:\/\/eterle.cz\/eshop\/wp-json\/wp\/v2\/media?parent=30082"}],"wp:term":[{"taxonomy":"product_brand","embeddable":true,"href":"https:\/\/eterle.cz\/eshop\/wp-json\/wp\/v2\/product_brand?post=30082"},{"taxonomy":"product_cat","embeddable":true,"href":"https:\/\/eterle.cz\/eshop\/wp-json\/wp\/v2\/product_cat?post=30082"},{"taxonomy":"product_tag","embeddable":true,"href":"https:\/\/eterle.cz\/eshop\/wp-json\/wp\/v2\/product_tag?post=30082"}],"curies":[{"name":"wp","href":"https:\/\/api.w.org\/{rel}","templated":true}]}}