{"id":30089,"date":"2025-10-20T11:23:46","date_gmt":"2025-10-20T09:23:46","guid":{"rendered":"https:\/\/eterle.cz\/eshop\/produkt\/sklenena-miska-waterford\/"},"modified":"2026-02-22T23:16:57","modified_gmt":"2026-02-22T22:16:57","slug":"sklenena-miska-waterford","status":"publish","type":"product","link":"https:\/\/eterle.cz\/eshop\/produkt\/sklenena-miska-waterford\/","title":{"rendered":"Sklen\u011bn\u00e1 miska \/ Waterford"},"content":{"rendered":"<p>Elegantn\u00ed miska Waterford z \u010dir\u00e9ho k\u0159i\u0161\u0165\u00e1lu vynik\u00e1 \u010dist\u00fdmi liniemi a mistrovsk\u00fdm brusem, kter\u00fd zachycuje sv\u011btlo z ka\u017ed\u00e9ho \u00fahlu. Nad\u010dasov\u00fd design zt\u011bles\u0148uje kvalitu a preciznost, pro kterou je irsk\u00e1 zna\u010dka Waterford proslul\u00e1. Miska je vhodn\u00e1  jako serv\u00edrovac\u00ed na ovoce nebo o\u0159echy.<\/p>\n<p>Stav: nov\u00e9<br \/>\nZna\u010dka: Waterford<br \/>\nRozm\u011br: 20,5 x 18 cm<br \/>\nV\u00fd\u0161ka: 10 cm<\/p>\n<p>&nbsp;<\/p>\n","protected":false},"excerpt":{"rendered":"<p>Elegantn\u00ed miska Waterford z \u010dir\u00e9ho k\u0159i\u0161\u0165\u00e1lu vynik\u00e1 \u010dist\u00fdmi liniemi a mistrovsk\u00fdm brusem, kter\u00fd zachycuje sv\u011btlo z ka\u017ed\u00e9ho \u00fahlu. Nad\u010dasov\u00fd design<\/p>\n","protected":false},"featured_media":30091,"template":"","meta":[],"product_brand":[],"product_cat":[75,133],"product_tag":[],"class_list":{"0":"post-30089","1":"product","2":"type-product","3":"status-publish","4":"has-post-thumbnail","6":"product_cat-sklo","7":"product_cat-misy-sklo","9":"first","10":"instock","11":"purchasable","12":"product-type-simple"},"_links":{"self":[{"href":"https:\/\/eterle.cz\/eshop\/wp-json\/wp\/v2\/product\/30089","targetHints":{"allow":["GET"]}}],"collection":[{"href":"https:\/\/eterle.cz\/eshop\/wp-json\/wp\/v2\/product"}],"about":[{"href":"https:\/\/eterle.cz\/eshop\/wp-json\/wp\/v2\/types\/product"}],"version-history":[{"count":1,"href":"https:\/\/eterle.cz\/eshop\/wp-json\/wp\/v2\/product\/30089\/revisions"}],"predecessor-version":[{"id":30090,"href":"https:\/\/eterle.cz\/eshop\/wp-json\/wp\/v2\/product\/30089\/revisions\/30090"}],"wp:featuredmedia":[{"embeddable":true,"href":"https:\/\/eterle.cz\/eshop\/wp-json\/wp\/v2\/media\/30091"}],"wp:attachment":[{"href":"https:\/\/eterle.cz\/eshop\/wp-json\/wp\/v2\/media?parent=30089"}],"wp:term":[{"taxonomy":"product_brand","embeddable":true,"href":"https:\/\/eterle.cz\/eshop\/wp-json\/wp\/v2\/product_brand?post=30089"},{"taxonomy":"product_cat","embeddable":true,"href":"https:\/\/eterle.cz\/eshop\/wp-json\/wp\/v2\/product_cat?post=30089"},{"taxonomy":"product_tag","embeddable":true,"href":"https:\/\/eterle.cz\/eshop\/wp-json\/wp\/v2\/product_tag?post=30089"}],"curies":[{"name":"wp","href":"https:\/\/api.w.org\/{rel}","templated":true}]}}