{"id":30106,"date":"2025-10-20T11:23:57","date_gmt":"2025-10-20T09:23:57","guid":{"rendered":"https:\/\/eterle.cz\/eshop\/produkt\/sada-6-sklenic-s-modrou-stonkou\/"},"modified":"2025-12-15T00:33:47","modified_gmt":"2025-12-14T23:33:47","slug":"sada-6-sklenic-s-modrou-stonkou","status":"publish","type":"product","link":"https:\/\/eterle.cz\/eshop\/produkt\/sada-6-sklenic-s-modrou-stonkou\/","title":{"rendered":"Sada 6 sklenic s modrou stonkou"},"content":{"rendered":"<p>Sada \u0161esti vintage sklenic s tyrkysov\u011b modr\u00fdmi stonkami a jemn\u00fdm ryt\u00fdm dekorem dopln\u011bn\u00fdm o zlat\u00fd lem. Lehkost ru\u010dn\u011b foukan\u00e9ho skla a kontrast mezi \u010dirou miskou a barevnou stopkou dod\u00e1vaj\u00ed sad\u011b hrav\u00fd, ale noblesn\u00ed charakter. Ide\u00e1ln\u00ed na serv\u00edrov\u00e1n\u00ed dezertn\u00edch v\u00edn, lik\u00e9r\u016f \u010di mal\u00fdch koktejl\u016f.<\/p>\n<p>Stav: velmi dobr\u00fd<br \/>\nObjem: 50 ml<\/p>\n<p>&nbsp;<\/p>\n","protected":false},"excerpt":{"rendered":"<p>Sada \u0161esti vintage sklenic s tyrkysov\u011b modr\u00fdmi stonkami a jemn\u00fdm ryt\u00fdm dekorem dopln\u011bn\u00fdm o zlat\u00fd lem. Lehkost ru\u010dn\u011b foukan\u00e9ho skla<\/p>\n","protected":false},"featured_media":30108,"template":"","meta":[],"product_brand":[],"product_cat":[91],"product_tag":[],"class_list":{"0":"post-30106","1":"product","2":"type-product","3":"status-publish","4":"has-post-thumbnail","6":"product_cat-prodane","8":"first","9":"outofstock","10":"purchasable","11":"product-type-simple"},"_links":{"self":[{"href":"https:\/\/eterle.cz\/eshop\/wp-json\/wp\/v2\/product\/30106","targetHints":{"allow":["GET"]}}],"collection":[{"href":"https:\/\/eterle.cz\/eshop\/wp-json\/wp\/v2\/product"}],"about":[{"href":"https:\/\/eterle.cz\/eshop\/wp-json\/wp\/v2\/types\/product"}],"version-history":[{"count":1,"href":"https:\/\/eterle.cz\/eshop\/wp-json\/wp\/v2\/product\/30106\/revisions"}],"predecessor-version":[{"id":30107,"href":"https:\/\/eterle.cz\/eshop\/wp-json\/wp\/v2\/product\/30106\/revisions\/30107"}],"wp:featuredmedia":[{"embeddable":true,"href":"https:\/\/eterle.cz\/eshop\/wp-json\/wp\/v2\/media\/30108"}],"wp:attachment":[{"href":"https:\/\/eterle.cz\/eshop\/wp-json\/wp\/v2\/media?parent=30106"}],"wp:term":[{"taxonomy":"product_brand","embeddable":true,"href":"https:\/\/eterle.cz\/eshop\/wp-json\/wp\/v2\/product_brand?post=30106"},{"taxonomy":"product_cat","embeddable":true,"href":"https:\/\/eterle.cz\/eshop\/wp-json\/wp\/v2\/product_cat?post=30106"},{"taxonomy":"product_tag","embeddable":true,"href":"https:\/\/eterle.cz\/eshop\/wp-json\/wp\/v2\/product_tag?post=30106"}],"curies":[{"name":"wp","href":"https:\/\/api.w.org\/{rel}","templated":true}]}}