{"id":30111,"date":"2025-10-20T11:24:00","date_gmt":"2025-10-20T09:24:00","guid":{"rendered":"https:\/\/eterle.cz\/eshop\/produkt\/sada-6-sklenic-na-vino-5\/"},"modified":"2026-02-22T23:31:24","modified_gmt":"2026-02-22T22:31:24","slug":"sada-6-sklenic-na-vino-5","status":"publish","type":"product","link":"https:\/\/eterle.cz\/eshop\/produkt\/sada-6-sklenic-na-vino-5\/","title":{"rendered":"Sada 6 sklenic na v\u00edno"},"content":{"rendered":"<p>Sada \u0161esti vintage sklenic s plastick\u00fdm vertik\u00e1ln\u00edm vzorem, kter\u00fd elegantn\u011b odr\u00e1\u017e\u00ed sv\u011btlo a dod\u00e1v\u00e1 sklu decentn\u00ed jiskru. Klasick\u00fd tvar s pevnou stonkou p\u0159ipom\u00edn\u00e1 estetiku 60.\u201370. let, kdy funk\u010dnost a elegance tvo\u0159ily dokonal\u00fd p\u00e1r: Hod\u00ed se jak pro serv\u00edrov\u00e1n\u00ed vody, tak v\u00edna.<\/p>\n<p>Stav: velmi dobr\u00fd<br \/>\nObjem: 100 ml<\/p>\n<p>&nbsp;<\/p>\n","protected":false},"excerpt":{"rendered":"<p>Sada \u0161esti vintage sklenic s plastick\u00fdm vertik\u00e1ln\u00edm vzorem, kter\u00fd elegantn\u011b odr\u00e1\u017e\u00ed sv\u011btlo a dod\u00e1v\u00e1 sklu decentn\u00ed jiskru. Klasick\u00fd tvar s<\/p>\n","protected":false},"featured_media":30113,"template":"","meta":[],"product_brand":[],"product_cat":[91],"product_tag":[],"class_list":{"0":"post-30111","1":"product","2":"type-product","3":"status-publish","4":"has-post-thumbnail","6":"product_cat-prodane","8":"first","9":"outofstock","10":"purchasable","11":"product-type-simple"},"_links":{"self":[{"href":"https:\/\/eterle.cz\/eshop\/wp-json\/wp\/v2\/product\/30111","targetHints":{"allow":["GET"]}}],"collection":[{"href":"https:\/\/eterle.cz\/eshop\/wp-json\/wp\/v2\/product"}],"about":[{"href":"https:\/\/eterle.cz\/eshop\/wp-json\/wp\/v2\/types\/product"}],"version-history":[{"count":1,"href":"https:\/\/eterle.cz\/eshop\/wp-json\/wp\/v2\/product\/30111\/revisions"}],"predecessor-version":[{"id":30112,"href":"https:\/\/eterle.cz\/eshop\/wp-json\/wp\/v2\/product\/30111\/revisions\/30112"}],"wp:featuredmedia":[{"embeddable":true,"href":"https:\/\/eterle.cz\/eshop\/wp-json\/wp\/v2\/media\/30113"}],"wp:attachment":[{"href":"https:\/\/eterle.cz\/eshop\/wp-json\/wp\/v2\/media?parent=30111"}],"wp:term":[{"taxonomy":"product_brand","embeddable":true,"href":"https:\/\/eterle.cz\/eshop\/wp-json\/wp\/v2\/product_brand?post=30111"},{"taxonomy":"product_cat","embeddable":true,"href":"https:\/\/eterle.cz\/eshop\/wp-json\/wp\/v2\/product_cat?post=30111"},{"taxonomy":"product_tag","embeddable":true,"href":"https:\/\/eterle.cz\/eshop\/wp-json\/wp\/v2\/product_tag?post=30111"}],"curies":[{"name":"wp","href":"https:\/\/api.w.org\/{rel}","templated":true}]}}