{"id":30117,"date":"2025-10-20T11:24:04","date_gmt":"2025-10-20T09:24:04","guid":{"rendered":"https:\/\/eterle.cz\/eshop\/produkt\/sada-6-sklenic-na-vino-boro-crystal\/"},"modified":"2025-12-05T22:27:28","modified_gmt":"2025-12-05T21:27:28","slug":"sada-6-sklenic-na-vino-boro-crystal","status":"publish","type":"product","link":"https:\/\/eterle.cz\/eshop\/produkt\/sada-6-sklenic-na-vino-boro-crystal\/","title":{"rendered":"Sada 6 sklenic na v\u00edno \/ Boro crystal"},"content":{"rendered":"<p>Sada \u0161esti sklenic na v\u00edno Boro Crystal s charakteristickou plasticky tvarovanou stonkou, kter\u00e1 p\u016fsob\u00ed jako prstenec zachycuj\u00edc\u00ed sv\u011btlo. Elegantn\u00ed tvar \u010d\u00ed\u0161e kontrastuje s hrav\u00fdm designem stonky a vytv\u00e1\u0159\u00ed vyv\u00e1\u017eenou kombinaci tradice a moderny.<\/p>\n<p>Sklenice poch\u00e1zej\u00ed z \u010desk\u00e9ho Boro Crystal, zna\u010dky zn\u00e1m\u00e9 pro ru\u010dn\u011b foukan\u00e9 sklo vysok\u00e9 kvality s d\u016frazem na detail a optickou \u010distotu.<\/p>\n<p>Stav: velmi dobr\u00fd<br \/>\nZna\u010dka: Boro crystal, Czechoslovakia<br \/>\nObjem: 200 ml<\/p>\n<p>&nbsp;<\/p>\n","protected":false},"excerpt":{"rendered":"<p>Sada \u0161esti sklenic na v\u00edno Boro Crystal s charakteristickou plasticky tvarovanou stonkou, kter\u00e1 p\u016fsob\u00ed jako prstenec zachycuj\u00edc\u00ed sv\u011btlo. Elegantn\u00ed tvar<\/p>\n","protected":false},"featured_media":30119,"template":"","meta":[],"product_brand":[],"product_cat":[75,134],"product_tag":[],"class_list":{"0":"post-30117","1":"product","2":"type-product","3":"status-publish","4":"has-post-thumbnail","6":"product_cat-sklo","7":"product_cat-sklenice","9":"first","10":"instock","11":"purchasable","12":"product-type-simple"},"_links":{"self":[{"href":"https:\/\/eterle.cz\/eshop\/wp-json\/wp\/v2\/product\/30117","targetHints":{"allow":["GET"]}}],"collection":[{"href":"https:\/\/eterle.cz\/eshop\/wp-json\/wp\/v2\/product"}],"about":[{"href":"https:\/\/eterle.cz\/eshop\/wp-json\/wp\/v2\/types\/product"}],"version-history":[{"count":1,"href":"https:\/\/eterle.cz\/eshop\/wp-json\/wp\/v2\/product\/30117\/revisions"}],"predecessor-version":[{"id":30118,"href":"https:\/\/eterle.cz\/eshop\/wp-json\/wp\/v2\/product\/30117\/revisions\/30118"}],"wp:featuredmedia":[{"embeddable":true,"href":"https:\/\/eterle.cz\/eshop\/wp-json\/wp\/v2\/media\/30119"}],"wp:attachment":[{"href":"https:\/\/eterle.cz\/eshop\/wp-json\/wp\/v2\/media?parent=30117"}],"wp:term":[{"taxonomy":"product_brand","embeddable":true,"href":"https:\/\/eterle.cz\/eshop\/wp-json\/wp\/v2\/product_brand?post=30117"},{"taxonomy":"product_cat","embeddable":true,"href":"https:\/\/eterle.cz\/eshop\/wp-json\/wp\/v2\/product_cat?post=30117"},{"taxonomy":"product_tag","embeddable":true,"href":"https:\/\/eterle.cz\/eshop\/wp-json\/wp\/v2\/product_tag?post=30117"}],"curies":[{"name":"wp","href":"https:\/\/api.w.org\/{rel}","templated":true}]}}