{"id":30130,"date":"2025-10-20T11:24:12","date_gmt":"2025-10-20T09:24:12","guid":{"rendered":"https:\/\/eterle.cz\/eshop\/produkt\/sada-4-sklenic-na-vino-schott-zwiesel\/"},"modified":"2026-02-22T23:31:03","modified_gmt":"2026-02-22T22:31:03","slug":"sada-4-sklenic-na-vino-schott-zwiesel","status":"publish","type":"product","link":"https:\/\/eterle.cz\/eshop\/produkt\/sada-4-sklenic-na-vino-schott-zwiesel\/","title":{"rendered":"Sada 4 sklenic na v\u00edno \/ Schott Zwiesel"},"content":{"rendered":"<p>Sada \u010dty\u0159 sklenic Schott Zwiesel ur\u010den\u00fdch na \u010derven\u00e9 v\u00edno, vyroben\u00fdch z prvot\u0159\u00eddn\u00edho k\u0159i\u0161\u0165\u00e1lov\u00e9ho skla Tritan\u00ae, kter\u00e9 je odoln\u00e9 proti po\u0161kr\u00e1b\u00e1n\u00ed a b\u011b\u017en\u00e9mu opot\u0159eben\u00ed.<\/p>\n<p>Elegantn\u00ed tvar s m\u00edrn\u011b roz\u0161\u00ed\u0159enou \u010d\u00ed\u0161\u00ed umo\u017e\u0148uje v\u00ednu d\u00fdchat a pln\u011b rozvinout aroma, zat\u00edmco tenkost\u011bnn\u00e9 proveden\u00ed a precizn\u011b vytvarovan\u00e1 stopka d\u00e1vaj\u00ed sklenic\u00edm lehkost a sofistikovan\u00fd vzhled.<\/p>\n<p>Zna\u010dka Schott Zwiesel z n\u011bmeck\u00e9ho Zwieselu je synonymem pro spojen\u00ed \u0159emesln\u00e9 tradice a modern\u00ed technologie. Je obl\u00edbenou volbou someli\u00e9r\u016f i designov\u00fdch studi\u00ed po cel\u00e9m sv\u011bt\u011b.<\/p>\n<p>Stav: velmi dobr\u00fd<br \/>\nZna\u010dka: Schott Zwiesel<br \/>\nObjem: 550 ml<\/p>\n<p>&nbsp;<\/p>\n","protected":false},"excerpt":{"rendered":"<p>Sada \u010dty\u0159 sklenic Schott Zwiesel ur\u010den\u00fdch na \u010derven\u00e9 v\u00edno, vyroben\u00fdch z prvot\u0159\u00eddn\u00edho k\u0159i\u0161\u0165\u00e1lov\u00e9ho skla Tritan\u00ae, kter\u00e9 je odoln\u00e9 proti po\u0161kr\u00e1b\u00e1n\u00ed<\/p>\n","protected":false},"featured_media":30132,"template":"","meta":[],"product_brand":[],"product_cat":[91],"product_tag":[],"class_list":{"0":"post-30130","1":"product","2":"type-product","3":"status-publish","4":"has-post-thumbnail","6":"product_cat-prodane","8":"first","9":"outofstock","10":"purchasable","11":"product-type-simple"},"_links":{"self":[{"href":"https:\/\/eterle.cz\/eshop\/wp-json\/wp\/v2\/product\/30130","targetHints":{"allow":["GET"]}}],"collection":[{"href":"https:\/\/eterle.cz\/eshop\/wp-json\/wp\/v2\/product"}],"about":[{"href":"https:\/\/eterle.cz\/eshop\/wp-json\/wp\/v2\/types\/product"}],"version-history":[{"count":1,"href":"https:\/\/eterle.cz\/eshop\/wp-json\/wp\/v2\/product\/30130\/revisions"}],"predecessor-version":[{"id":30131,"href":"https:\/\/eterle.cz\/eshop\/wp-json\/wp\/v2\/product\/30130\/revisions\/30131"}],"wp:featuredmedia":[{"embeddable":true,"href":"https:\/\/eterle.cz\/eshop\/wp-json\/wp\/v2\/media\/30132"}],"wp:attachment":[{"href":"https:\/\/eterle.cz\/eshop\/wp-json\/wp\/v2\/media?parent=30130"}],"wp:term":[{"taxonomy":"product_brand","embeddable":true,"href":"https:\/\/eterle.cz\/eshop\/wp-json\/wp\/v2\/product_brand?post=30130"},{"taxonomy":"product_cat","embeddable":true,"href":"https:\/\/eterle.cz\/eshop\/wp-json\/wp\/v2\/product_cat?post=30130"},{"taxonomy":"product_tag","embeddable":true,"href":"https:\/\/eterle.cz\/eshop\/wp-json\/wp\/v2\/product_tag?post=30130"}],"curies":[{"name":"wp","href":"https:\/\/api.w.org\/{rel}","templated":true}]}}