{"id":30135,"date":"2025-10-20T11:24:15","date_gmt":"2025-10-20T09:24:15","guid":{"rendered":"https:\/\/eterle.cz\/eshop\/produkt\/sklenice-na-vino-2\/"},"modified":"2026-02-28T16:33:09","modified_gmt":"2026-02-28T15:33:09","slug":"sklenice-na-vino-2","status":"publish","type":"product","link":"https:\/\/eterle.cz\/eshop\/produkt\/sklenice-na-vino-2\/","title":{"rendered":"Sklenice na v\u00edno"},"content":{"rendered":"<p>Elegantn\u00ed sklenice z kou\u0159ov\u00e9ho skla v socha\u0159sky pojat\u00e9m tvaru s plastick\u00fdm uzlem mezi \u010d\u00ed\u0161\u00ed a stopkou.<br \/>\nJej\u00ed temn\u00fd odst\u00edn p\u016fsob\u00ed dramaticky, ale p\u0159itom decentn\u011b \u2013 jako ve\u010dern\u00ed sv\u011btlo, kter\u00e9 se zlom\u00ed v kapce v\u00edna.<br \/>\nSklenice se kr\u00e1sn\u011b vyj\u00edm\u00e1 jak samostatn\u011b, tak v kontrastu s \u010dir\u00fdm sklem.<\/p>\n<p>Stav: dobr\u00fd, m\u00edsty prou\u017eek od vody<br \/>\nObjem: 250 ml<\/p>\n<p>&nbsp;<\/p>\n","protected":false},"excerpt":{"rendered":"<p>Elegantn\u00ed sklenice z kou\u0159ov\u00e9ho skla v socha\u0159sky pojat\u00e9m tvaru s plastick\u00fdm uzlem mezi \u010d\u00ed\u0161\u00ed a stopkou. Jej\u00ed temn\u00fd odst\u00edn p\u016fsob\u00ed<\/p>\n","protected":false},"featured_media":30137,"template":"","meta":[],"product_brand":[],"product_cat":[75,134],"product_tag":[],"class_list":{"0":"post-30135","1":"product","2":"type-product","3":"status-publish","4":"has-post-thumbnail","6":"product_cat-sklo","7":"product_cat-sklenice","9":"first","10":"instock","11":"purchasable","12":"product-type-simple"},"_links":{"self":[{"href":"https:\/\/eterle.cz\/eshop\/wp-json\/wp\/v2\/product\/30135","targetHints":{"allow":["GET"]}}],"collection":[{"href":"https:\/\/eterle.cz\/eshop\/wp-json\/wp\/v2\/product"}],"about":[{"href":"https:\/\/eterle.cz\/eshop\/wp-json\/wp\/v2\/types\/product"}],"version-history":[{"count":1,"href":"https:\/\/eterle.cz\/eshop\/wp-json\/wp\/v2\/product\/30135\/revisions"}],"predecessor-version":[{"id":30136,"href":"https:\/\/eterle.cz\/eshop\/wp-json\/wp\/v2\/product\/30135\/revisions\/30136"}],"wp:featuredmedia":[{"embeddable":true,"href":"https:\/\/eterle.cz\/eshop\/wp-json\/wp\/v2\/media\/30137"}],"wp:attachment":[{"href":"https:\/\/eterle.cz\/eshop\/wp-json\/wp\/v2\/media?parent=30135"}],"wp:term":[{"taxonomy":"product_brand","embeddable":true,"href":"https:\/\/eterle.cz\/eshop\/wp-json\/wp\/v2\/product_brand?post=30135"},{"taxonomy":"product_cat","embeddable":true,"href":"https:\/\/eterle.cz\/eshop\/wp-json\/wp\/v2\/product_cat?post=30135"},{"taxonomy":"product_tag","embeddable":true,"href":"https:\/\/eterle.cz\/eshop\/wp-json\/wp\/v2\/product_tag?post=30135"}],"curies":[{"name":"wp","href":"https:\/\/api.w.org\/{rel}","templated":true}]}}