{"id":30182,"date":"2025-10-20T11:29:22","date_gmt":"2025-10-20T09:29:22","guid":{"rendered":"https:\/\/eterle.cz\/eshop\/produkt\/misa-wedgwood\/"},"modified":"2026-02-22T23:15:23","modified_gmt":"2026-02-22T22:15:23","slug":"misa-wedgwood","status":"publish","type":"product","link":"https:\/\/eterle.cz\/eshop\/produkt\/misa-wedgwood\/","title":{"rendered":"M\u00edsa \/ Wedgwood"},"content":{"rendered":"<p>Porcel\u00e1nov\u00e1 m\u00edsa z kolekce navr\u017een\u00e9 Verou Wang pro britskou zna\u010dku Wedgwood. Matn\u00fd antracitov\u00fd povrch a jednoduch\u00fd obl\u00fd tvar j\u00ed dod\u00e1vaj\u00ed nad\u010dasovou eleganci i modern\u00ed klid.Vynikne samostatn\u011b jako solit\u00e9rn\u00ed objekt nebo p\u0159i serv\u00edrov\u00e1n\u00ed.<\/p>\n<p>Stav: nov\u00fd<br \/>\nZna\u010dka: Vera Wang pro Wedgwood<br \/>\nRozm\u011br<br \/>\nPr\u016fm\u011br: 17 cm<br \/>\nV\u00fd\u0161ka: 12 cm<\/p>\n<p>&nbsp;<\/p>\n","protected":false},"excerpt":{"rendered":"<p>Porcel\u00e1nov\u00e1 m\u00edsa z kolekce navr\u017een\u00e9 Verou Wang pro britskou zna\u010dku Wedgwood. Matn\u00fd antracitov\u00fd povrch a jednoduch\u00fd obl\u00fd tvar j\u00ed dod\u00e1vaj\u00ed<\/p>\n","protected":false},"featured_media":30184,"template":"","meta":[],"product_brand":[],"product_cat":[76,110],"product_tag":[],"class_list":{"0":"post-30182","1":"product","2":"type-product","3":"status-publish","4":"has-post-thumbnail","6":"product_cat-porcelan","7":"product_cat-misy","9":"first","10":"instock","11":"purchasable","12":"product-type-simple"},"_links":{"self":[{"href":"https:\/\/eterle.cz\/eshop\/wp-json\/wp\/v2\/product\/30182","targetHints":{"allow":["GET"]}}],"collection":[{"href":"https:\/\/eterle.cz\/eshop\/wp-json\/wp\/v2\/product"}],"about":[{"href":"https:\/\/eterle.cz\/eshop\/wp-json\/wp\/v2\/types\/product"}],"version-history":[{"count":1,"href":"https:\/\/eterle.cz\/eshop\/wp-json\/wp\/v2\/product\/30182\/revisions"}],"predecessor-version":[{"id":30183,"href":"https:\/\/eterle.cz\/eshop\/wp-json\/wp\/v2\/product\/30182\/revisions\/30183"}],"wp:featuredmedia":[{"embeddable":true,"href":"https:\/\/eterle.cz\/eshop\/wp-json\/wp\/v2\/media\/30184"}],"wp:attachment":[{"href":"https:\/\/eterle.cz\/eshop\/wp-json\/wp\/v2\/media?parent=30182"}],"wp:term":[{"taxonomy":"product_brand","embeddable":true,"href":"https:\/\/eterle.cz\/eshop\/wp-json\/wp\/v2\/product_brand?post=30182"},{"taxonomy":"product_cat","embeddable":true,"href":"https:\/\/eterle.cz\/eshop\/wp-json\/wp\/v2\/product_cat?post=30182"},{"taxonomy":"product_tag","embeddable":true,"href":"https:\/\/eterle.cz\/eshop\/wp-json\/wp\/v2\/product_tag?post=30182"}],"curies":[{"name":"wp","href":"https:\/\/api.w.org\/{rel}","templated":true}]}}