{"id":30188,"date":"2025-10-20T11:29:26","date_gmt":"2025-10-20T09:29:26","guid":{"rendered":"https:\/\/eterle.cz\/eshop\/produkt\/detska-miska-thun\/"},"modified":"2026-02-22T23:15:23","modified_gmt":"2026-02-22T22:15:23","slug":"detska-miska-thun","status":"publish","type":"product","link":"https:\/\/eterle.cz\/eshop\/produkt\/detska-miska-thun\/","title":{"rendered":"D\u011btsk\u00e1 miska\/ Thun"},"content":{"rendered":"<p>Porcel\u00e1nov\u00e1 miska zna\u010dky Thun s decentn\u00edm v\u00e1no\u010dn\u00edm dekorem z licencovan\u00e9 Disney s\u00e9rie.<br \/>\nUvnit\u0159 motiv Minnie a Pluta u ozdoben\u00e9ho strome\u010dku, lem v jemn\u00e9m \u010derven\u00e9m odst\u00ednu s punt\u00edky.<\/p>\n<p>Miska, kter\u00fd p\u0159ipomene d\u011btstv\u00ed i kouzlo V\u00e1noc, ide\u00e1ln\u00ed na sn\u00edda\u0148ov\u00e9 ka\u0161e nebo ovoce.<\/p>\n<p>Stav: nov\u00fd<br \/>\nZna\u010dka: Thun<br \/>\nRozm\u011br<br \/>\nPr\u016fm\u011br: 15 cm<br \/>\nV\u00fd\u0161ka: 7,5 cm<\/p>\n<p>&nbsp;<\/p>\n","protected":false},"excerpt":{"rendered":"<p>Porcel\u00e1nov\u00e1 miska zna\u010dky Thun s decentn\u00edm v\u00e1no\u010dn\u00edm dekorem z licencovan\u00e9 Disney s\u00e9rie. Uvnit\u0159 motiv Minnie a Pluta u ozdoben\u00e9ho strome\u010dku,<\/p>\n","protected":false},"featured_media":30190,"template":"","meta":[],"product_brand":[],"product_cat":[76,110,112],"product_tag":[],"class_list":{"0":"post-30188","1":"product","2":"type-product","3":"status-publish","4":"has-post-thumbnail","6":"product_cat-porcelan","7":"product_cat-misy","8":"product_cat-detsky-porcelan","10":"first","11":"instock","12":"purchasable","13":"product-type-simple"},"_links":{"self":[{"href":"https:\/\/eterle.cz\/eshop\/wp-json\/wp\/v2\/product\/30188","targetHints":{"allow":["GET"]}}],"collection":[{"href":"https:\/\/eterle.cz\/eshop\/wp-json\/wp\/v2\/product"}],"about":[{"href":"https:\/\/eterle.cz\/eshop\/wp-json\/wp\/v2\/types\/product"}],"version-history":[{"count":1,"href":"https:\/\/eterle.cz\/eshop\/wp-json\/wp\/v2\/product\/30188\/revisions"}],"predecessor-version":[{"id":30189,"href":"https:\/\/eterle.cz\/eshop\/wp-json\/wp\/v2\/product\/30188\/revisions\/30189"}],"wp:featuredmedia":[{"embeddable":true,"href":"https:\/\/eterle.cz\/eshop\/wp-json\/wp\/v2\/media\/30190"}],"wp:attachment":[{"href":"https:\/\/eterle.cz\/eshop\/wp-json\/wp\/v2\/media?parent=30188"}],"wp:term":[{"taxonomy":"product_brand","embeddable":true,"href":"https:\/\/eterle.cz\/eshop\/wp-json\/wp\/v2\/product_brand?post=30188"},{"taxonomy":"product_cat","embeddable":true,"href":"https:\/\/eterle.cz\/eshop\/wp-json\/wp\/v2\/product_cat?post=30188"},{"taxonomy":"product_tag","embeddable":true,"href":"https:\/\/eterle.cz\/eshop\/wp-json\/wp\/v2\/product_tag?post=30188"}],"curies":[{"name":"wp","href":"https:\/\/api.w.org\/{rel}","templated":true}]}}