{"id":30195,"date":"2025-10-20T11:29:33","date_gmt":"2025-10-20T09:29:33","guid":{"rendered":"https:\/\/eterle.cz\/eshop\/produkt\/sada-6-dezertnich-talirku-wedgwood\/"},"modified":"2025-12-05T22:27:27","modified_gmt":"2025-12-05T21:27:27","slug":"sada-6-dezertnich-talirku-wedgwood","status":"publish","type":"product","link":"https:\/\/eterle.cz\/eshop\/produkt\/sada-6-dezertnich-talirku-wedgwood\/","title":{"rendered":"Sada 6 dezertn\u00edch tal\u00ed\u0159k\u016f \/ Wedgwood"},"content":{"rendered":"<p>Sada 6 dezertn\u00edch tal\u00ed\u0159k\u016f z kolekce Amherst (1984) od britsk\u00e9 zna\u010dky Wedgwood, kter\u00e1 je od roku 1759 synonymem pro precizn\u00ed \u0159emeslo a vyt\u0159\u00edben\u00fd vkus. Jemn\u011b \u0161ed\u00fd lem s modr\u00fdmi ornamenty a platinov\u00fdm okrajem vytv\u00e1\u0159\u00ed dojem klidu a decentn\u00edho luxusu.<\/p>\n<p>Nad\u010dasov\u00e1 elegance, kter\u00e1 se hod\u00ed pro slavnostn\u00ed stolov\u00e1n\u00ed i pro chv\u00edle, kdy chcete b\u011b\u017en\u00fd okam\u017eik prom\u011bnit v mal\u00fd ob\u0159ad kr\u00e1sy.<\/p>\n<p>Stav: nov\u00fd<br \/>\nZna\u010dka: Wedgwood<br \/>\nPr\u016fm\u011br: 21 cm<\/p>\n<p>&nbsp;<\/p>\n","protected":false},"excerpt":{"rendered":"<p>Sada 6 dezertn\u00edch tal\u00ed\u0159k\u016f z kolekce Amherst (1984) od britsk\u00e9 zna\u010dky Wedgwood, kter\u00e1 je od roku 1759 synonymem pro precizn\u00ed<\/p>\n","protected":false},"featured_media":30197,"template":"","meta":[],"product_brand":[],"product_cat":[76,109,111],"product_tag":[],"class_list":{"0":"post-30195","1":"product","2":"type-product","3":"status-publish","4":"has-post-thumbnail","6":"product_cat-porcelan","7":"product_cat-talire","8":"product_cat-porcelanove-sady","10":"first","11":"instock","12":"purchasable","13":"product-type-simple"},"_links":{"self":[{"href":"https:\/\/eterle.cz\/eshop\/wp-json\/wp\/v2\/product\/30195","targetHints":{"allow":["GET"]}}],"collection":[{"href":"https:\/\/eterle.cz\/eshop\/wp-json\/wp\/v2\/product"}],"about":[{"href":"https:\/\/eterle.cz\/eshop\/wp-json\/wp\/v2\/types\/product"}],"version-history":[{"count":1,"href":"https:\/\/eterle.cz\/eshop\/wp-json\/wp\/v2\/product\/30195\/revisions"}],"predecessor-version":[{"id":30196,"href":"https:\/\/eterle.cz\/eshop\/wp-json\/wp\/v2\/product\/30195\/revisions\/30196"}],"wp:featuredmedia":[{"embeddable":true,"href":"https:\/\/eterle.cz\/eshop\/wp-json\/wp\/v2\/media\/30197"}],"wp:attachment":[{"href":"https:\/\/eterle.cz\/eshop\/wp-json\/wp\/v2\/media?parent=30195"}],"wp:term":[{"taxonomy":"product_brand","embeddable":true,"href":"https:\/\/eterle.cz\/eshop\/wp-json\/wp\/v2\/product_brand?post=30195"},{"taxonomy":"product_cat","embeddable":true,"href":"https:\/\/eterle.cz\/eshop\/wp-json\/wp\/v2\/product_cat?post=30195"},{"taxonomy":"product_tag","embeddable":true,"href":"https:\/\/eterle.cz\/eshop\/wp-json\/wp\/v2\/product_tag?post=30195"}],"curies":[{"name":"wp","href":"https:\/\/api.w.org\/{rel}","templated":true}]}}