{"id":30207,"date":"2025-10-20T11:29:42","date_gmt":"2025-10-20T09:29:42","guid":{"rendered":"https:\/\/eterle.cz\/eshop\/produkt\/sada-mis-rosenthal-2\/"},"modified":"2026-03-18T21:55:04","modified_gmt":"2026-03-18T20:55:04","slug":"sada-mis-rosenthal-2","status":"publish","type":"product","link":"https:\/\/eterle.cz\/eshop\/produkt\/sada-mis-rosenthal-2\/","title":{"rendered":"Sada m\u00eds \/ Rosenthal"},"content":{"rendered":"<p>Porcel\u00e1nov\u00e1 sada z kolekce Polygon Broadway, kterou pro zna\u010dku Rosenthal navrhla americk\u00e1 design\u00e9rka Dorothy Hafner. Kolekce vznikla v 80. letech a pat\u0159\u00ed mezi vrcholn\u00e9 p\u0159\u00edklady postmodern\u00edho designu \u2013 v\u00fdrazn\u00e1 geometrie, pastelov\u00e9 barvy a \u010dern\u00e9 akcenty vytv\u00e1\u0159ej\u00ed hrav\u00fd, p\u0159esto kultivovan\u00fd v\u00fdraz.<\/p>\n<p>Hafner pro Rosenthal vytvo\u0159ila n\u011bkolik ikonick\u00fdch s\u00e9ri\u00ed, kter\u00e9 dnes pat\u0159\u00ed k vyhled\u00e1van\u00fdm sb\u011bratelsk\u00fdm kus\u016fm. Tyto m\u00edsy v osmihrann\u00e9m tvaru p\u0159edstavuj\u00ed kombinaci dokonal\u00e9ho zpracov\u00e1n\u00ed a radosti z tvaru i barvy \u2013 modern\u00ed klasiku s du\u0161\u00ed 80. let.<\/p>\n<p>Stav: velmi dobr\u00fd<br \/>\nZna\u010dka: Rosenthal<br \/>\nRozm\u011br<br \/>\nMen\u0161\u00ed m\u00edsa: 14,5 cm x 32 cm<br \/>\nV\u011bt\u0161\u00ed m\u00edsa: 21,5 cm x 37 cm<\/p>\n<p>&nbsp;<\/p>\n","protected":false},"excerpt":{"rendered":"<p>Porcel\u00e1nov\u00e1 sada z kolekce Polygon Broadway, kterou pro zna\u010dku Rosenthal navrhla americk\u00e1 design\u00e9rka Dorothy Hafner. Kolekce vznikla v 80. letech<\/p>\n","protected":false},"featured_media":30209,"template":"","meta":[],"product_brand":[],"product_cat":[76,110,111],"product_tag":[],"class_list":{"0":"post-30207","1":"product","2":"type-product","3":"status-publish","4":"has-post-thumbnail","6":"product_cat-porcelan","7":"product_cat-misy","8":"product_cat-porcelanove-sady","10":"first","11":"instock","12":"purchasable","13":"product-type-simple"},"_links":{"self":[{"href":"https:\/\/eterle.cz\/eshop\/wp-json\/wp\/v2\/product\/30207","targetHints":{"allow":["GET"]}}],"collection":[{"href":"https:\/\/eterle.cz\/eshop\/wp-json\/wp\/v2\/product"}],"about":[{"href":"https:\/\/eterle.cz\/eshop\/wp-json\/wp\/v2\/types\/product"}],"version-history":[{"count":1,"href":"https:\/\/eterle.cz\/eshop\/wp-json\/wp\/v2\/product\/30207\/revisions"}],"predecessor-version":[{"id":30208,"href":"https:\/\/eterle.cz\/eshop\/wp-json\/wp\/v2\/product\/30207\/revisions\/30208"}],"wp:featuredmedia":[{"embeddable":true,"href":"https:\/\/eterle.cz\/eshop\/wp-json\/wp\/v2\/media\/30209"}],"wp:attachment":[{"href":"https:\/\/eterle.cz\/eshop\/wp-json\/wp\/v2\/media?parent=30207"}],"wp:term":[{"taxonomy":"product_brand","embeddable":true,"href":"https:\/\/eterle.cz\/eshop\/wp-json\/wp\/v2\/product_brand?post=30207"},{"taxonomy":"product_cat","embeddable":true,"href":"https:\/\/eterle.cz\/eshop\/wp-json\/wp\/v2\/product_cat?post=30207"},{"taxonomy":"product_tag","embeddable":true,"href":"https:\/\/eterle.cz\/eshop\/wp-json\/wp\/v2\/product_tag?post=30207"}],"curies":[{"name":"wp","href":"https:\/\/api.w.org\/{rel}","templated":true}]}}