{"id":30216,"date":"2025-10-20T11:29:47","date_gmt":"2025-10-20T09:29:47","guid":{"rendered":"https:\/\/eterle.cz\/eshop\/produkt\/kavova-souprava-pro-6-rosenthal\/"},"modified":"2025-11-09T00:33:33","modified_gmt":"2025-11-08T23:33:33","slug":"kavova-souprava-pro-6-rosenthal","status":"publish","type":"product","link":"https:\/\/eterle.cz\/eshop\/produkt\/kavova-souprava-pro-6-rosenthal\/","title":{"rendered":"K\u00e1vov\u00e1 souprava pro 6 \/ Rosenthal"},"content":{"rendered":"<p>Porcel\u00e1nov\u00e1 k\u00e1vov\u00e1 sada zna\u010dky Rosenthal, ur\u010den\u00e1 pro \u0161est osob. Decentn\u00ed dekor s pastelov\u00fdmi listy a jemn\u011b geometrick\u00e9 tvary \u0161\u00e1lk\u016f, konvice i d\u017eb\u00e1nku odkazuj\u00ed na eleganci pov\u00e1le\u010dn\u00e9ho modernismu. Lehk\u00fd, vzdu\u0161n\u00fd design, kter\u00fd v sob\u011b spojuje n\u011bmeckou preciznost a estetiku 60. let.<\/p>\n<p>Souprava zahrnuje konvici, cuk\u0159enku, ml\u00e9kovku a \u0161est \u0161\u00e1lk\u016f s pod\u0161\u00e1lky.<\/p>\n<p>Stav: dobr\u00fd (praskl\u00e1 ml\u00e9kovka, o\u0161t\u00edpan\u00fd jeden hrnek)<br \/>\nZna\u010dka: Rozenthal<br \/>\nRozm\u011br<br \/>\nObjem konvice: 1 l<br \/>\nObjem hrne\u010dku: 180 ml<br \/>\nObjem ml\u00e9kovky: 120 ml<br \/>\nV\u00fd\u0161ka cuk\u0159enky: 10,5 cm<br \/>\nPr\u016fm\u011br pod\u0161\u00e1lku: 16 cm<\/p>\n<p>&nbsp;<\/p>\n","protected":false},"excerpt":{"rendered":"<p>Porcel\u00e1nov\u00e1 k\u00e1vov\u00e1 sada zna\u010dky Rosenthal, ur\u010den\u00e1 pro \u0161est osob. Decentn\u00ed dekor s pastelov\u00fdmi listy a jemn\u011b geometrick\u00e9 tvary \u0161\u00e1lk\u016f, konvice<\/p>\n","protected":false},"featured_media":30218,"template":"","meta":[],"product_brand":[],"product_cat":[91],"product_tag":[],"class_list":{"0":"post-30216","1":"product","2":"type-product","3":"status-publish","4":"has-post-thumbnail","6":"product_cat-prodane","8":"first","9":"outofstock","10":"purchasable","11":"product-type-simple"},"_links":{"self":[{"href":"https:\/\/eterle.cz\/eshop\/wp-json\/wp\/v2\/product\/30216","targetHints":{"allow":["GET"]}}],"collection":[{"href":"https:\/\/eterle.cz\/eshop\/wp-json\/wp\/v2\/product"}],"about":[{"href":"https:\/\/eterle.cz\/eshop\/wp-json\/wp\/v2\/types\/product"}],"version-history":[{"count":1,"href":"https:\/\/eterle.cz\/eshop\/wp-json\/wp\/v2\/product\/30216\/revisions"}],"predecessor-version":[{"id":30217,"href":"https:\/\/eterle.cz\/eshop\/wp-json\/wp\/v2\/product\/30216\/revisions\/30217"}],"wp:featuredmedia":[{"embeddable":true,"href":"https:\/\/eterle.cz\/eshop\/wp-json\/wp\/v2\/media\/30218"}],"wp:attachment":[{"href":"https:\/\/eterle.cz\/eshop\/wp-json\/wp\/v2\/media?parent=30216"}],"wp:term":[{"taxonomy":"product_brand","embeddable":true,"href":"https:\/\/eterle.cz\/eshop\/wp-json\/wp\/v2\/product_brand?post=30216"},{"taxonomy":"product_cat","embeddable":true,"href":"https:\/\/eterle.cz\/eshop\/wp-json\/wp\/v2\/product_cat?post=30216"},{"taxonomy":"product_tag","embeddable":true,"href":"https:\/\/eterle.cz\/eshop\/wp-json\/wp\/v2\/product_tag?post=30216"}],"curies":[{"name":"wp","href":"https:\/\/api.w.org\/{rel}","templated":true}]}}