{"id":30231,"date":"2025-10-20T11:29:57","date_gmt":"2025-10-20T09:29:57","guid":{"rendered":"https:\/\/eterle.cz\/eshop\/produkt\/kavova-sada-pro-6-kahla\/"},"modified":"2025-12-05T22:27:27","modified_gmt":"2025-12-05T21:27:27","slug":"kavova-sada-pro-6-kahla","status":"publish","type":"product","link":"https:\/\/eterle.cz\/eshop\/produkt\/kavova-sada-pro-6-kahla\/","title":{"rendered":"K\u00e1vov\u00e1 sada pro 6 \/ Kahla"},"content":{"rendered":"<p>K\u00e1vov\u00e1 sada zna\u010dky Kahla pro \u0161est osob. \u010cern\u00fd leskl\u00fd podklad dopl\u0148uje stylizovan\u00fd motiv kv\u011bt\u016f v \u010derven\u00e9, zelen\u00e9 a b\u00edl\u00e9, typick\u00fd pro 50. l\u00e9ta. Charakteristick\u00fd tvar pat\u0159\u00ed k nejpoveden\u011bj\u0161\u00edm uk\u00e1zk\u00e1m designu z obdob\u00ed pov\u00e1le\u010dn\u00e9 moderny ve v\u00fdchodn\u00edm N\u011bmecku.<\/p>\n<p>Souprava zahrnuje konvici, cuk\u0159enku, ml\u00e9kovku a \u0161est \u0161\u00e1lk\u016f s pod\u0161\u00e1lky.<\/p>\n<p>Stav: dobr\u00fd<br \/>\nZna\u010dka: Kahla<br \/>\nRozm\u011br<br \/>\nObjem konvice: 500 ml<br \/>\nObjem hrne\u010dku: 100 ml<br \/>\nObjem ml\u00e9kovky: 100 ml<br \/>\nV\u00fd\u0161ka cuk\u0159enky: 11 cm<br \/>\nPr\u016fm\u011br pod\u0161\u00e1lku: 11 cm<\/p>\n<p>&nbsp;<\/p>\n","protected":false},"excerpt":{"rendered":"<p>K\u00e1vov\u00e1 sada zna\u010dky Kahla pro \u0161est osob. \u010cern\u00fd leskl\u00fd podklad dopl\u0148uje stylizovan\u00fd motiv kv\u011bt\u016f v \u010derven\u00e9, zelen\u00e9 a b\u00edl\u00e9, typick\u00fd<\/p>\n","protected":false},"featured_media":30233,"template":"","meta":[],"product_brand":[],"product_cat":[76,111],"product_tag":[],"class_list":{"0":"post-30231","1":"product","2":"type-product","3":"status-publish","4":"has-post-thumbnail","6":"product_cat-porcelan","7":"product_cat-porcelanove-sady","9":"first","10":"instock","11":"purchasable","12":"product-type-simple"},"_links":{"self":[{"href":"https:\/\/eterle.cz\/eshop\/wp-json\/wp\/v2\/product\/30231","targetHints":{"allow":["GET"]}}],"collection":[{"href":"https:\/\/eterle.cz\/eshop\/wp-json\/wp\/v2\/product"}],"about":[{"href":"https:\/\/eterle.cz\/eshop\/wp-json\/wp\/v2\/types\/product"}],"version-history":[{"count":1,"href":"https:\/\/eterle.cz\/eshop\/wp-json\/wp\/v2\/product\/30231\/revisions"}],"predecessor-version":[{"id":30232,"href":"https:\/\/eterle.cz\/eshop\/wp-json\/wp\/v2\/product\/30231\/revisions\/30232"}],"wp:featuredmedia":[{"embeddable":true,"href":"https:\/\/eterle.cz\/eshop\/wp-json\/wp\/v2\/media\/30233"}],"wp:attachment":[{"href":"https:\/\/eterle.cz\/eshop\/wp-json\/wp\/v2\/media?parent=30231"}],"wp:term":[{"taxonomy":"product_brand","embeddable":true,"href":"https:\/\/eterle.cz\/eshop\/wp-json\/wp\/v2\/product_brand?post=30231"},{"taxonomy":"product_cat","embeddable":true,"href":"https:\/\/eterle.cz\/eshop\/wp-json\/wp\/v2\/product_cat?post=30231"},{"taxonomy":"product_tag","embeddable":true,"href":"https:\/\/eterle.cz\/eshop\/wp-json\/wp\/v2\/product_tag?post=30231"}],"curies":[{"name":"wp","href":"https:\/\/api.w.org\/{rel}","templated":true}]}}