{"id":30241,"date":"2025-10-20T11:30:04","date_gmt":"2025-10-20T09:30:04","guid":{"rendered":"https:\/\/eterle.cz\/eshop\/produkt\/jidelni-sada-pro-6-rosenthal-4\/"},"modified":"2026-01-01T19:19:41","modified_gmt":"2026-01-01T18:19:41","slug":"jidelni-sada-pro-6-rosenthal-4","status":"publish","type":"product","link":"https:\/\/eterle.cz\/eshop\/produkt\/jidelni-sada-pro-6-rosenthal-4\/","title":{"rendered":"J\u00eddeln\u00ed sada pro 6 \/ Rosenthal"},"content":{"rendered":"<p>Reprezentativn\u00ed j\u00eddeln\u00ed souprava pro 6 osob od zna\u010dky Rosenthal Germany, vyroben\u00e1 na zak\u00e1zku pro z\u00e1mek Charlottenburg v Berl\u00edn\u011b. B\u00edl\u00fd porcel\u00e1n se zlat\u00fdm punt\u00edkovan\u00fdm lemem p\u016fsob\u00ed slavnostn\u011b, p\u0159esto jemn\u011b a kultivovan\u011b. Typick\u00e9 pro zak\u00e1zkovou v\u00fdrobu Rosenthalu z poloviny 20. stolet\u00ed.<\/p>\n<p>Souprava pro \u0161est osob zahrnuje 29 kus\u016f: 6x m\u011blk\u00e9 tal\u00ed\u0159e, 6x dezertn\u00ed tal\u00ed\u0159e, 6x misky na buj\u00f3n s pod\u0161\u00e1lkem, 1x sal\u00e1tov\u00e1 m\u00edsa, 1x serv\u00edrovac\u00ed t\u00e1c, 1x om\u00e1\u010dn\u00edk, 1x pol\u00e9vkov\u00e1 m\u00edsa a 1x terina.<\/p>\n<p>Stav: velmi dobr\u00fd<br \/>\nZna\u010dka: Rosenthal<br \/>\nRozm\u011br<br \/>\nPr\u016fm\u011br m\u011blk\u00e9ho tal\u00ed\u0159e: 25 cm<br \/>\nObjem misky na buj\u00f3n: 200 ml<br \/>\nPr\u016fm\u011br pod\u0161\u00e1lku na misky na buj\u00f3n: 16 cm<br \/>\nPr\u016fm\u011br dezertn\u00edho tal\u00ed\u0159ku: 19,5 cm<br \/>\nT\u00e1c: 33,5 cm x 18,5 cm<br \/>\nObjem pol\u00e9vkov\u00e9 m\u00edsy: 1,6 l<br \/>\nObjem m\u00edsy s poklopem: 750 ml<br \/>\nSal\u00e1tov\u00e1 m\u00edsa: pr\u016fm\u011br 19 cm, v\u00fd\u0161ka 8 cm<br \/>\nObjem om\u00e1\u010dkovn\u00edku: 300 ml<\/p>\n<p>&nbsp;<\/p>\n","protected":false},"excerpt":{"rendered":"<p>Reprezentativn\u00ed j\u00eddeln\u00ed souprava pro 6 osob od zna\u010dky Rosenthal Germany, vyroben\u00e1 na zak\u00e1zku pro z\u00e1mek Charlottenburg v Berl\u00edn\u011b. B\u00edl\u00fd porcel\u00e1n<\/p>\n","protected":false},"featured_media":30243,"template":"","meta":[],"product_brand":[],"product_cat":[76,111],"product_tag":[],"class_list":{"0":"post-30241","1":"product","2":"type-product","3":"status-publish","4":"has-post-thumbnail","6":"product_cat-porcelan","7":"product_cat-porcelanove-sady","8":"product_shipping_class-nadrozmerne","10":"first","11":"instock","12":"purchasable","13":"product-type-simple"},"_links":{"self":[{"href":"https:\/\/eterle.cz\/eshop\/wp-json\/wp\/v2\/product\/30241","targetHints":{"allow":["GET"]}}],"collection":[{"href":"https:\/\/eterle.cz\/eshop\/wp-json\/wp\/v2\/product"}],"about":[{"href":"https:\/\/eterle.cz\/eshop\/wp-json\/wp\/v2\/types\/product"}],"version-history":[{"count":1,"href":"https:\/\/eterle.cz\/eshop\/wp-json\/wp\/v2\/product\/30241\/revisions"}],"predecessor-version":[{"id":30242,"href":"https:\/\/eterle.cz\/eshop\/wp-json\/wp\/v2\/product\/30241\/revisions\/30242"}],"wp:featuredmedia":[{"embeddable":true,"href":"https:\/\/eterle.cz\/eshop\/wp-json\/wp\/v2\/media\/30243"}],"wp:attachment":[{"href":"https:\/\/eterle.cz\/eshop\/wp-json\/wp\/v2\/media?parent=30241"}],"wp:term":[{"taxonomy":"product_brand","embeddable":true,"href":"https:\/\/eterle.cz\/eshop\/wp-json\/wp\/v2\/product_brand?post=30241"},{"taxonomy":"product_cat","embeddable":true,"href":"https:\/\/eterle.cz\/eshop\/wp-json\/wp\/v2\/product_cat?post=30241"},{"taxonomy":"product_tag","embeddable":true,"href":"https:\/\/eterle.cz\/eshop\/wp-json\/wp\/v2\/product_tag?post=30241"}],"curies":[{"name":"wp","href":"https:\/\/api.w.org\/{rel}","templated":true}]}}