{"id":30256,"date":"2025-10-20T11:30:16","date_gmt":"2025-10-20T09:30:16","guid":{"rendered":"https:\/\/eterle.cz\/eshop\/produkt\/tac-na-cukrovi-eva-trio\/"},"modified":"2026-02-14T22:55:38","modified_gmt":"2026-02-14T21:55:38","slug":"tac-na-cukrovi-eva-trio","status":"publish","type":"product","link":"https:\/\/eterle.cz\/eshop\/produkt\/tac-na-cukrovi-eva-trio\/","title":{"rendered":"T\u00e1c na cukrov\u00ed \/ Eva Trio"},"content":{"rendered":"<p>Porcel\u00e1nov\u00fd t\u00e1cek zna\u010dky Eva Trio, navr\u017een\u00fd d\u00e1nsk\u00fdm design\u00e9rem Ole Palsbym. Minimalistick\u00fd tvar s jemn\u011b zaoblen\u00fdmi rohy a ryt\u00fdm okrajem vych\u00e1z\u00ed z princip\u016f skandin\u00e1vsk\u00e9ho designu \u2013 jednoduchost, funk\u010dnost a p\u0159irozen\u00e1 elegance.<\/p>\n<p>T\u00e1cek se hod\u00ed k serv\u00edrov\u00e1n\u00ed drobn\u00fdch pokrm\u016f, ovoce nebo cukrov\u00ed. Nad\u010dasov\u00fd kousek, kter\u00fd pot\u011b\u0161\u00ed milovn\u00edky seversk\u00e9 estetiky i kvalitn\u00edho u\u017eitn\u00e9ho designu.<\/p>\n<p>Stav: dobr\u00fd, jen na jendom m\u00edst\u011b mal\u00e1 te\u010dka z v\u00fdroby<br \/>\nZna\u010dka: Eva Trio<br \/>\nRozm\u011br: 36,5 cm x 12,5 cm<\/p>\n<p>&nbsp;<\/p>\n","protected":false},"excerpt":{"rendered":"<p>Porcel\u00e1nov\u00fd t\u00e1cek zna\u010dky Eva Trio, navr\u017een\u00fd d\u00e1nsk\u00fdm design\u00e9rem Ole Palsbym. Minimalistick\u00fd tvar s jemn\u011b zaoblen\u00fdmi rohy a ryt\u00fdm okrajem vych\u00e1z\u00ed<\/p>\n","protected":false},"featured_media":30258,"template":"","meta":[],"product_brand":[],"product_cat":[76,110],"product_tag":[],"class_list":{"0":"post-30256","1":"product","2":"type-product","3":"status-publish","4":"has-post-thumbnail","6":"product_cat-porcelan","7":"product_cat-misy","9":"first","10":"instock","11":"purchasable","12":"product-type-simple"},"_links":{"self":[{"href":"https:\/\/eterle.cz\/eshop\/wp-json\/wp\/v2\/product\/30256","targetHints":{"allow":["GET"]}}],"collection":[{"href":"https:\/\/eterle.cz\/eshop\/wp-json\/wp\/v2\/product"}],"about":[{"href":"https:\/\/eterle.cz\/eshop\/wp-json\/wp\/v2\/types\/product"}],"version-history":[{"count":1,"href":"https:\/\/eterle.cz\/eshop\/wp-json\/wp\/v2\/product\/30256\/revisions"}],"predecessor-version":[{"id":30257,"href":"https:\/\/eterle.cz\/eshop\/wp-json\/wp\/v2\/product\/30256\/revisions\/30257"}],"wp:featuredmedia":[{"embeddable":true,"href":"https:\/\/eterle.cz\/eshop\/wp-json\/wp\/v2\/media\/30258"}],"wp:attachment":[{"href":"https:\/\/eterle.cz\/eshop\/wp-json\/wp\/v2\/media?parent=30256"}],"wp:term":[{"taxonomy":"product_brand","embeddable":true,"href":"https:\/\/eterle.cz\/eshop\/wp-json\/wp\/v2\/product_brand?post=30256"},{"taxonomy":"product_cat","embeddable":true,"href":"https:\/\/eterle.cz\/eshop\/wp-json\/wp\/v2\/product_cat?post=30256"},{"taxonomy":"product_tag","embeddable":true,"href":"https:\/\/eterle.cz\/eshop\/wp-json\/wp\/v2\/product_tag?post=30256"}],"curies":[{"name":"wp","href":"https:\/\/api.w.org\/{rel}","templated":true}]}}