{"id":30292,"date":"2025-10-20T11:30:39","date_gmt":"2025-10-20T09:30:39","guid":{"rendered":"https:\/\/eterle.cz\/eshop\/produkt\/miska-bernadotte\/"},"modified":"2025-11-09T00:33:17","modified_gmt":"2025-11-08T23:33:17","slug":"miska-bernadotte","status":"publish","type":"product","link":"https:\/\/eterle.cz\/eshop\/produkt\/miska-bernadotte\/","title":{"rendered":"Miska \/ Bernadotte"},"content":{"rendered":"<p>Sal\u00e1tov\u00e1 miska s bohat\u00fdm dekorem citr\u00f3n\u016f od Tania Bulh\u00f5es, brazilsk\u00e9 zna\u010dky luxusn\u00edho porcel\u00e1nov\u00e9ho n\u00e1dob\u00ed a bytov\u00fdch dopl\u0148k\u016f, zn\u00e1m\u00e9 pro spojen\u00ed brazilsk\u00e9 \u017eivosti s francouzskou eleganc\u00ed. Zna\u010dka, kterou zalo\u017eila Tania Bulh\u00f5es, vznikla v roce 1989 s ru\u010dn\u011b malovan\u00fdm porcel\u00e1nem v mal\u00e9m butiku v Braz\u00edlii. Od t\u00e9 doby se rozrostla v celosv\u011btov\u011b uzn\u00e1vanou zna\u010dku zn\u00e1mou sv\u00fdmi sofistikovan\u00fdmi designy a spoluprac\u00ed s \u0159emesln\u00edky, jako je Royal Limoges, historick\u00e1 francouzsk\u00e1 porcel\u00e1nka.<\/p>\n<p>Stav: nov\u00fd<br \/>\nZna\u010dka: Bernadotte<br \/>\nRozm\u011br<br \/>\nPr\u016fm\u011br: 18 cm<br \/>\nV\u00fd\u0161ka: 5 cm<\/p>\n<p>&nbsp;<\/p>\n","protected":false},"excerpt":{"rendered":"<p>Sal\u00e1tov\u00e1 miska s bohat\u00fdm dekorem citr\u00f3n\u016f od Tania Bulh\u00f5es, brazilsk\u00e9 zna\u010dky luxusn\u00edho porcel\u00e1nov\u00e9ho n\u00e1dob\u00ed a bytov\u00fdch dopl\u0148k\u016f, zn\u00e1m\u00e9 pro spojen\u00ed<\/p>\n","protected":false},"featured_media":30294,"template":"","meta":[],"product_brand":[],"product_cat":[91],"product_tag":[],"class_list":{"0":"post-30292","1":"product","2":"type-product","3":"status-publish","4":"has-post-thumbnail","6":"product_cat-prodane","8":"first","9":"outofstock","10":"purchasable","11":"product-type-simple"},"_links":{"self":[{"href":"https:\/\/eterle.cz\/eshop\/wp-json\/wp\/v2\/product\/30292","targetHints":{"allow":["GET"]}}],"collection":[{"href":"https:\/\/eterle.cz\/eshop\/wp-json\/wp\/v2\/product"}],"about":[{"href":"https:\/\/eterle.cz\/eshop\/wp-json\/wp\/v2\/types\/product"}],"version-history":[{"count":1,"href":"https:\/\/eterle.cz\/eshop\/wp-json\/wp\/v2\/product\/30292\/revisions"}],"predecessor-version":[{"id":30293,"href":"https:\/\/eterle.cz\/eshop\/wp-json\/wp\/v2\/product\/30292\/revisions\/30293"}],"wp:featuredmedia":[{"embeddable":true,"href":"https:\/\/eterle.cz\/eshop\/wp-json\/wp\/v2\/media\/30294"}],"wp:attachment":[{"href":"https:\/\/eterle.cz\/eshop\/wp-json\/wp\/v2\/media?parent=30292"}],"wp:term":[{"taxonomy":"product_brand","embeddable":true,"href":"https:\/\/eterle.cz\/eshop\/wp-json\/wp\/v2\/product_brand?post=30292"},{"taxonomy":"product_cat","embeddable":true,"href":"https:\/\/eterle.cz\/eshop\/wp-json\/wp\/v2\/product_cat?post=30292"},{"taxonomy":"product_tag","embeddable":true,"href":"https:\/\/eterle.cz\/eshop\/wp-json\/wp\/v2\/product_tag?post=30292"}],"curies":[{"name":"wp","href":"https:\/\/api.w.org\/{rel}","templated":true}]}}