{"id":30300,"date":"2025-10-20T11:30:44","date_gmt":"2025-10-20T09:30:44","guid":{"rendered":"https:\/\/eterle.cz\/eshop\/produkt\/skolni-plakat-preslicka-rolni\/"},"modified":"2025-11-09T00:32:28","modified_gmt":"2025-11-08T23:32:28","slug":"skolni-plakat-preslicka-rolni","status":"publish","type":"product","link":"https:\/\/eterle.cz\/eshop\/produkt\/skolni-plakat-preslicka-rolni\/","title":{"rendered":"\u0160koln\u00ed plak\u00e1t P\u0159esli\u010dka roln\u00ed"},"content":{"rendered":"<p>\u0160koln\u00ed plak\u00e1t &#8222;p\u0159esli\u010dka roln\u00ed&#8220; od od Gustava Da\u0148ka &#8211; Otakara Zejbrl\u00edka z roku 1938 z cyklu P\u0159\u00edroda v obrazech.<\/p>\n<p>Stav: p\u0159im\u011b\u0159en\u00fd st\u00e1\u0159\u00ed, zachoval\u00fd s drobn\u00fdmi nedostatky viz foto<br \/>\nRozm\u011br<br \/>\n\u0160\u00ed\u0159ka: 105 cm<br \/>\nV\u00fd\u0161ka: 79 cm<\/p>\n<p>&nbsp;<\/p>\n","protected":false},"excerpt":{"rendered":"<p>\u0160koln\u00ed plak\u00e1t &#8222;p\u0159esli\u010dka roln\u00ed&#8220; od od Gustava Da\u0148ka &#8211; Otakara Zejbrl\u00edka z roku 1938 z cyklu P\u0159\u00edroda v obrazech. Stav:<\/p>\n","protected":false},"featured_media":30302,"template":"","meta":[],"product_brand":[],"product_cat":[91],"product_tag":[],"class_list":{"0":"post-30300","1":"product","2":"type-product","3":"status-publish","4":"has-post-thumbnail","6":"product_cat-prodane","7":"product_shipping_class-nadrozmerne","9":"first","10":"outofstock","11":"purchasable","12":"product-type-simple"},"_links":{"self":[{"href":"https:\/\/eterle.cz\/eshop\/wp-json\/wp\/v2\/product\/30300","targetHints":{"allow":["GET"]}}],"collection":[{"href":"https:\/\/eterle.cz\/eshop\/wp-json\/wp\/v2\/product"}],"about":[{"href":"https:\/\/eterle.cz\/eshop\/wp-json\/wp\/v2\/types\/product"}],"version-history":[{"count":1,"href":"https:\/\/eterle.cz\/eshop\/wp-json\/wp\/v2\/product\/30300\/revisions"}],"predecessor-version":[{"id":30301,"href":"https:\/\/eterle.cz\/eshop\/wp-json\/wp\/v2\/product\/30300\/revisions\/30301"}],"wp:featuredmedia":[{"embeddable":true,"href":"https:\/\/eterle.cz\/eshop\/wp-json\/wp\/v2\/media\/30302"}],"wp:attachment":[{"href":"https:\/\/eterle.cz\/eshop\/wp-json\/wp\/v2\/media?parent=30300"}],"wp:term":[{"taxonomy":"product_brand","embeddable":true,"href":"https:\/\/eterle.cz\/eshop\/wp-json\/wp\/v2\/product_brand?post=30300"},{"taxonomy":"product_cat","embeddable":true,"href":"https:\/\/eterle.cz\/eshop\/wp-json\/wp\/v2\/product_cat?post=30300"},{"taxonomy":"product_tag","embeddable":true,"href":"https:\/\/eterle.cz\/eshop\/wp-json\/wp\/v2\/product_tag?post=30300"}],"curies":[{"name":"wp","href":"https:\/\/api.w.org\/{rel}","templated":true}]}}