{"id":30307,"date":"2025-10-20T11:30:48","date_gmt":"2025-10-20T09:30:48","guid":{"rendered":"https:\/\/eterle.cz\/eshop\/produkt\/skolni-plakat-kukurice\/"},"modified":"2025-11-09T00:32:06","modified_gmt":"2025-11-08T23:32:06","slug":"skolni-plakat-kukurice","status":"publish","type":"product","link":"https:\/\/eterle.cz\/eshop\/produkt\/skolni-plakat-kukurice\/","title":{"rendered":"\u0160koln\u00ed plak\u00e1t kuku\u0159ice"},"content":{"rendered":"<p>\u0160koln\u00ed plak\u00e1t &#8222;kuku\u0159ice&#8220; od Gustava Da\u0148ka &#8211; Otakara Zejbrl\u00edka z roku 1938 z cyklu P\u0159\u00edroda v obrazech.<\/p>\n<p>Stav: p\u0159im\u011b\u0159en\u00fd st\u00e1\u0159\u00ed, zachoval\u00fd s drobn\u00fdmi nedostatky viz foto<br \/>\nRozm\u011br<br \/>\n\u0160\u00ed\u0159ka: 102 cm<br \/>\nV\u00fd\u0161ka: 84 cm<\/p>\n<p>&nbsp;<\/p>\n","protected":false},"excerpt":{"rendered":"<p>\u0160koln\u00ed plak\u00e1t &#8222;kuku\u0159ice&#8220; od Gustava Da\u0148ka &#8211; Otakara Zejbrl\u00edka z roku 1938 z cyklu P\u0159\u00edroda v obrazech. Stav: p\u0159im\u011b\u0159en\u00fd st\u00e1\u0159\u00ed,<\/p>\n","protected":false},"featured_media":30309,"template":"","meta":[],"product_brand":[],"product_cat":[91],"product_tag":[],"class_list":{"0":"post-30307","1":"product","2":"type-product","3":"status-publish","4":"has-post-thumbnail","6":"product_cat-prodane","7":"product_shipping_class-nadrozmerne","9":"first","10":"outofstock","11":"purchasable","12":"product-type-simple"},"_links":{"self":[{"href":"https:\/\/eterle.cz\/eshop\/wp-json\/wp\/v2\/product\/30307","targetHints":{"allow":["GET"]}}],"collection":[{"href":"https:\/\/eterle.cz\/eshop\/wp-json\/wp\/v2\/product"}],"about":[{"href":"https:\/\/eterle.cz\/eshop\/wp-json\/wp\/v2\/types\/product"}],"version-history":[{"count":1,"href":"https:\/\/eterle.cz\/eshop\/wp-json\/wp\/v2\/product\/30307\/revisions"}],"predecessor-version":[{"id":30308,"href":"https:\/\/eterle.cz\/eshop\/wp-json\/wp\/v2\/product\/30307\/revisions\/30308"}],"wp:featuredmedia":[{"embeddable":true,"href":"https:\/\/eterle.cz\/eshop\/wp-json\/wp\/v2\/media\/30309"}],"wp:attachment":[{"href":"https:\/\/eterle.cz\/eshop\/wp-json\/wp\/v2\/media?parent=30307"}],"wp:term":[{"taxonomy":"product_brand","embeddable":true,"href":"https:\/\/eterle.cz\/eshop\/wp-json\/wp\/v2\/product_brand?post=30307"},{"taxonomy":"product_cat","embeddable":true,"href":"https:\/\/eterle.cz\/eshop\/wp-json\/wp\/v2\/product_cat?post=30307"},{"taxonomy":"product_tag","embeddable":true,"href":"https:\/\/eterle.cz\/eshop\/wp-json\/wp\/v2\/product_tag?post=30307"}],"curies":[{"name":"wp","href":"https:\/\/api.w.org\/{rel}","templated":true}]}}