{"id":30330,"date":"2025-10-20T11:31:03","date_gmt":"2025-10-20T09:31:03","guid":{"rendered":"https:\/\/eterle.cz\/eshop\/produkt\/chrt-cerny-dux\/"},"modified":"2026-01-20T21:25:46","modified_gmt":"2026-01-20T20:25:46","slug":"chrt-cerny-dux","status":"publish","type":"product","link":"https:\/\/eterle.cz\/eshop\/produkt\/chrt-cerny-dux\/","title":{"rendered":"Chrt \u010dern\u00fd \/ Dux"},"content":{"rendered":"<p>So\u0161ku chrta navrhl v\u00fdtvarn\u00edk Ji\u0159\u00ed \u010cernoch v \u0161edes\u00e1t\u00fdch letech minul\u00e9ho stolet\u00ed\u00a0 pro Royal Dux. Pro jeho tvorbu bylo typick\u00e9 siln\u00e9 stylizov\u00e1n\u00ed figurek, n\u011bkdy bylo a\u017e t\u011b\u017ek\u00e9 poznat, o jak\u00e9 zv\u00ed\u0159e se jedn\u00e1. V tomto p\u0159\u00edpad\u011b je ale zn\u00e1zorn\u011bn\u00ed chrta velmi v\u011brohodn\u00e9 a pln\u00e9 anatomick\u00fdch detail\u016f. \u0160lo p\u0159edev\u0161\u00edm o zachycen\u00ed pohybu.<\/p>\n<p>Stav: perfektn\u00ed<br \/>\nZna\u010dka: Dux<br \/>\nRozm\u011br<br \/>\nV\u00fd\u0161ka: 12 cm<br \/>\nD\u00e9lka: 25,5 cm<\/p>\n<p>&nbsp;<\/p>\n","protected":false},"excerpt":{"rendered":"<p>So\u0161ku chrta navrhl v\u00fdtvarn\u00edk Ji\u0159\u00ed \u010cernoch v \u0161edes\u00e1t\u00fdch letech minul\u00e9ho stolet\u00ed\u00a0 pro Royal Dux. Pro jeho tvorbu bylo typick\u00e9 siln\u00e9<\/p>\n","protected":false},"featured_media":30332,"template":"","meta":[],"product_brand":[],"product_cat":[91],"product_tag":[],"class_list":{"0":"post-30330","1":"product","2":"type-product","3":"status-publish","4":"has-post-thumbnail","6":"product_cat-prodane","8":"first","9":"outofstock","10":"purchasable","11":"product-type-simple"},"_links":{"self":[{"href":"https:\/\/eterle.cz\/eshop\/wp-json\/wp\/v2\/product\/30330","targetHints":{"allow":["GET"]}}],"collection":[{"href":"https:\/\/eterle.cz\/eshop\/wp-json\/wp\/v2\/product"}],"about":[{"href":"https:\/\/eterle.cz\/eshop\/wp-json\/wp\/v2\/types\/product"}],"version-history":[{"count":1,"href":"https:\/\/eterle.cz\/eshop\/wp-json\/wp\/v2\/product\/30330\/revisions"}],"predecessor-version":[{"id":30331,"href":"https:\/\/eterle.cz\/eshop\/wp-json\/wp\/v2\/product\/30330\/revisions\/30331"}],"wp:featuredmedia":[{"embeddable":true,"href":"https:\/\/eterle.cz\/eshop\/wp-json\/wp\/v2\/media\/30332"}],"wp:attachment":[{"href":"https:\/\/eterle.cz\/eshop\/wp-json\/wp\/v2\/media?parent=30330"}],"wp:term":[{"taxonomy":"product_brand","embeddable":true,"href":"https:\/\/eterle.cz\/eshop\/wp-json\/wp\/v2\/product_brand?post=30330"},{"taxonomy":"product_cat","embeddable":true,"href":"https:\/\/eterle.cz\/eshop\/wp-json\/wp\/v2\/product_cat?post=30330"},{"taxonomy":"product_tag","embeddable":true,"href":"https:\/\/eterle.cz\/eshop\/wp-json\/wp\/v2\/product_tag?post=30330"}],"curies":[{"name":"wp","href":"https:\/\/api.w.org\/{rel}","templated":true}]}}