{"id":30335,"date":"2025-10-20T11:31:07","date_gmt":"2025-10-20T09:31:07","guid":{"rendered":"https:\/\/eterle.cz\/eshop\/produkt\/cajove-lzicky-wedgwood\/"},"modified":"2026-01-04T14:10:34","modified_gmt":"2026-01-04T13:10:34","slug":"cajove-lzicky-wedgwood","status":"publish","type":"product","link":"https:\/\/eterle.cz\/eshop\/produkt\/cajove-lzicky-wedgwood\/","title":{"rendered":"\u010cajov\u00e9 l\u017ei\u010dky \/ Wedgwood"},"content":{"rendered":"<p>Elegantn\u00ed sada \u0161esti \u010dajov\u00fdch l\u017ei\u010dek od britsk\u00e9 zna\u010dky Wedgwood, zabalen\u00e1 v p\u016fvodn\u00ed tmav\u011b modr\u00e9 kazet\u011b s logem. Minimalistick\u00fd design v kombinaci s vysoce le\u0161t\u011bn\u00fdm kovem odkazuje na nad\u010dasov\u00fd styl zna\u010dky, kter\u00e1 u\u017e od roku 1759 spojuje dokonal\u00e9 \u0159emeslo s britskou eleganc\u00ed.<\/p>\n<p>Ide\u00e1ln\u00ed jako d\u00e1rek nebo dopln\u011bk ke stoln\u00edmu servisu.<\/p>\n<p>Stav: nov\u00e9 v origin\u00e1l krabi\u010d\u010dce<br \/>\nZna\u010dka: Wedgwood<\/p>\n<p>&nbsp;<\/p>\n","protected":false},"excerpt":{"rendered":"<p>Elegantn\u00ed sada \u0161esti \u010dajov\u00fdch l\u017ei\u010dek od britsk\u00e9 zna\u010dky Wedgwood, zabalen\u00e1 v p\u016fvodn\u00ed tmav\u011b modr\u00e9 kazet\u011b s logem. Minimalistick\u00fd design v<\/p>\n","protected":false},"featured_media":30337,"template":"","meta":[],"product_brand":[],"product_cat":[80,137],"product_tag":[],"class_list":{"0":"post-30335","1":"product","2":"type-product","3":"status-publish","4":"has-post-thumbnail","6":"product_cat-dekorace","7":"product_cat-ostatni-dekorace","9":"first","10":"instock","11":"purchasable","12":"product-type-simple"},"_links":{"self":[{"href":"https:\/\/eterle.cz\/eshop\/wp-json\/wp\/v2\/product\/30335","targetHints":{"allow":["GET"]}}],"collection":[{"href":"https:\/\/eterle.cz\/eshop\/wp-json\/wp\/v2\/product"}],"about":[{"href":"https:\/\/eterle.cz\/eshop\/wp-json\/wp\/v2\/types\/product"}],"version-history":[{"count":1,"href":"https:\/\/eterle.cz\/eshop\/wp-json\/wp\/v2\/product\/30335\/revisions"}],"predecessor-version":[{"id":30336,"href":"https:\/\/eterle.cz\/eshop\/wp-json\/wp\/v2\/product\/30335\/revisions\/30336"}],"wp:featuredmedia":[{"embeddable":true,"href":"https:\/\/eterle.cz\/eshop\/wp-json\/wp\/v2\/media\/30337"}],"wp:attachment":[{"href":"https:\/\/eterle.cz\/eshop\/wp-json\/wp\/v2\/media?parent=30335"}],"wp:term":[{"taxonomy":"product_brand","embeddable":true,"href":"https:\/\/eterle.cz\/eshop\/wp-json\/wp\/v2\/product_brand?post=30335"},{"taxonomy":"product_cat","embeddable":true,"href":"https:\/\/eterle.cz\/eshop\/wp-json\/wp\/v2\/product_cat?post=30335"},{"taxonomy":"product_tag","embeddable":true,"href":"https:\/\/eterle.cz\/eshop\/wp-json\/wp\/v2\/product_tag?post=30335"}],"curies":[{"name":"wp","href":"https:\/\/api.w.org\/{rel}","templated":true}]}}