{"id":30342,"date":"2025-10-20T11:31:12","date_gmt":"2025-10-20T09:31:12","guid":{"rendered":"https:\/\/eterle.cz\/eshop\/produkt\/kovovy-svicen-wedgwood\/"},"modified":"2026-01-01T19:19:41","modified_gmt":"2026-01-01T18:19:41","slug":"kovovy-svicen-wedgwood","status":"publish","type":"product","link":"https:\/\/eterle.cz\/eshop\/produkt\/kovovy-svicen-wedgwood\/","title":{"rendered":"Kovov\u00fd sv\u00edcen \/ Wedgwood"},"content":{"rendered":"<p>Modern\u00ed sv\u00edcen zna\u010dky Wedgwood v proveden\u00ed z le\u0161t\u011bn\u00e9ho kovu s jemn\u00fdm \u017eebrov\u00e1n\u00edm.<br \/>\nMinimalistick\u00fd tvar a precizn\u00ed zpracov\u00e1n\u00ed z n\u011bj d\u011blaj\u00ed decentn\u00ed, ale v\u00fdrazn\u00fd dopln\u011bk ka\u017ed\u00e9ho interi\u00e9ru.<br \/>\nVhodn\u00fd pro dv\u011b \u010dajov\u00e9 sv\u00ed\u010dky, ide\u00e1ln\u00ed na slavnostn\u00ed st\u016fl.<\/p>\n<p>Stav: velmi dobr\u00fd<br \/>\nZna\u010dka: Wedgwood<br \/>\nRozm\u011br<br \/>\nD\u00e9lka: 11,5 cm<br \/>\n\u0160\u00ed\u0159ka: 6,5 cm<\/p>\n<p>&nbsp;<\/p>\n","protected":false},"excerpt":{"rendered":"<p>Modern\u00ed sv\u00edcen zna\u010dky Wedgwood v proveden\u00ed z le\u0161t\u011bn\u00e9ho kovu s jemn\u00fdm \u017eebrov\u00e1n\u00edm. Minimalistick\u00fd tvar a precizn\u00ed zpracov\u00e1n\u00ed z n\u011bj d\u011blaj\u00ed<\/p>\n","protected":false},"featured_media":30344,"template":"","meta":[],"product_brand":[],"product_cat":[80,135],"product_tag":[],"class_list":{"0":"post-30342","1":"product","2":"type-product","3":"status-publish","4":"has-post-thumbnail","6":"product_cat-dekorace","7":"product_cat-svicny","9":"first","10":"instock","11":"purchasable","12":"product-type-simple"},"_links":{"self":[{"href":"https:\/\/eterle.cz\/eshop\/wp-json\/wp\/v2\/product\/30342","targetHints":{"allow":["GET"]}}],"collection":[{"href":"https:\/\/eterle.cz\/eshop\/wp-json\/wp\/v2\/product"}],"about":[{"href":"https:\/\/eterle.cz\/eshop\/wp-json\/wp\/v2\/types\/product"}],"version-history":[{"count":1,"href":"https:\/\/eterle.cz\/eshop\/wp-json\/wp\/v2\/product\/30342\/revisions"}],"predecessor-version":[{"id":30343,"href":"https:\/\/eterle.cz\/eshop\/wp-json\/wp\/v2\/product\/30342\/revisions\/30343"}],"wp:featuredmedia":[{"embeddable":true,"href":"https:\/\/eterle.cz\/eshop\/wp-json\/wp\/v2\/media\/30344"}],"wp:attachment":[{"href":"https:\/\/eterle.cz\/eshop\/wp-json\/wp\/v2\/media?parent=30342"}],"wp:term":[{"taxonomy":"product_brand","embeddable":true,"href":"https:\/\/eterle.cz\/eshop\/wp-json\/wp\/v2\/product_brand?post=30342"},{"taxonomy":"product_cat","embeddable":true,"href":"https:\/\/eterle.cz\/eshop\/wp-json\/wp\/v2\/product_cat?post=30342"},{"taxonomy":"product_tag","embeddable":true,"href":"https:\/\/eterle.cz\/eshop\/wp-json\/wp\/v2\/product_tag?post=30342"}],"curies":[{"name":"wp","href":"https:\/\/api.w.org\/{rel}","templated":true}]}}