{"id":30347,"date":"2025-10-20T11:31:16","date_gmt":"2025-10-20T09:31:16","guid":{"rendered":"https:\/\/eterle.cz\/eshop\/produkt\/dva-sklenene-svicny-waterford\/"},"modified":"2025-12-10T19:46:05","modified_gmt":"2025-12-10T18:46:05","slug":"dva-sklenene-svicny-waterford","status":"publish","type":"product","link":"https:\/\/eterle.cz\/eshop\/produkt\/dva-sklenene-svicny-waterford\/","title":{"rendered":"Dva sklen\u011bn\u00e9 sv\u00edcny \/ Waterford"},"content":{"rendered":"<p>P\u00e1r k\u0159i\u0161\u0165\u00e1lov\u00fdch sv\u00edcn\u016f od irsk\u00e9 zna\u010dky Waterford, zn\u00e1m\u00e9 sv\u00fdm ru\u010dn\u011b brou\u0161en\u00fdm sklem nejvy\u0161\u0161\u00ed kvality.<br \/>\n\u010cist\u00e9 linie, v\u00fdrazn\u00e1 hloubka materi\u00e1lu a typick\u00e1 z\u00e1\u0159ivost k\u0159i\u0161\u0165\u00e1lu d\u011blaj\u00ed z tohoto dua nad\u010dasov\u00fd dopln\u011bk slavnostn\u00edho stolu i modern\u00edho interi\u00e9ru.<\/p>\n<p>K dispozici m\u00e1me i p\u00e1r sv\u00edcn\u016f o v\u00fd\u0161ce 10 cm, budou hezk\u00e9 v kombinaci. R\u016fzn\u00e9 v\u00fd\u0161ky dodaj\u00ed dynamiku.<\/p>\n<p>Stav: nov\u00fd<br \/>\nZna\u010dka: Waterford<br \/>\nRozm\u011br<br \/>\nV\u00fd\u0161ka: 20 cm<br \/>\n\u0160\u00ed\u0159ka dole: 8,5 cm<br \/>\nHloubka dole: 5,5 cm<\/p>\n<p>&nbsp;<\/p>\n","protected":false},"excerpt":{"rendered":"<p>P\u00e1r k\u0159i\u0161\u0165\u00e1lov\u00fdch sv\u00edcn\u016f od irsk\u00e9 zna\u010dky Waterford, zn\u00e1m\u00e9 sv\u00fdm ru\u010dn\u011b brou\u0161en\u00fdm sklem nejvy\u0161\u0161\u00ed kvality. \u010cist\u00e9 linie, v\u00fdrazn\u00e1 hloubka materi\u00e1lu a<\/p>\n","protected":false},"featured_media":30349,"template":"","meta":[],"product_brand":[],"product_cat":[91],"product_tag":[],"class_list":{"0":"post-30347","1":"product","2":"type-product","3":"status-publish","4":"has-post-thumbnail","6":"product_cat-prodane","8":"first","9":"outofstock","10":"purchasable","11":"product-type-simple"},"_links":{"self":[{"href":"https:\/\/eterle.cz\/eshop\/wp-json\/wp\/v2\/product\/30347","targetHints":{"allow":["GET"]}}],"collection":[{"href":"https:\/\/eterle.cz\/eshop\/wp-json\/wp\/v2\/product"}],"about":[{"href":"https:\/\/eterle.cz\/eshop\/wp-json\/wp\/v2\/types\/product"}],"version-history":[{"count":1,"href":"https:\/\/eterle.cz\/eshop\/wp-json\/wp\/v2\/product\/30347\/revisions"}],"predecessor-version":[{"id":30348,"href":"https:\/\/eterle.cz\/eshop\/wp-json\/wp\/v2\/product\/30347\/revisions\/30348"}],"wp:featuredmedia":[{"embeddable":true,"href":"https:\/\/eterle.cz\/eshop\/wp-json\/wp\/v2\/media\/30349"}],"wp:attachment":[{"href":"https:\/\/eterle.cz\/eshop\/wp-json\/wp\/v2\/media?parent=30347"}],"wp:term":[{"taxonomy":"product_brand","embeddable":true,"href":"https:\/\/eterle.cz\/eshop\/wp-json\/wp\/v2\/product_brand?post=30347"},{"taxonomy":"product_cat","embeddable":true,"href":"https:\/\/eterle.cz\/eshop\/wp-json\/wp\/v2\/product_cat?post=30347"},{"taxonomy":"product_tag","embeddable":true,"href":"https:\/\/eterle.cz\/eshop\/wp-json\/wp\/v2\/product_tag?post=30347"}],"curies":[{"name":"wp","href":"https:\/\/api.w.org\/{rel}","templated":true}]}}