{"id":30362,"date":"2025-10-20T11:31:27","date_gmt":"2025-10-20T09:31:27","guid":{"rendered":"https:\/\/eterle.cz\/eshop\/produkt\/dva-sklenene-svicny-waterford-3\/"},"modified":"2026-01-01T19:19:41","modified_gmt":"2026-01-01T18:19:41","slug":"dva-sklenene-svicny-waterford-3","status":"publish","type":"product","link":"https:\/\/eterle.cz\/eshop\/produkt\/dva-sklenene-svicny-waterford-3\/","title":{"rendered":"Dva sklen\u011bn\u00e9 sv\u00edcny \/ Waterford"},"content":{"rendered":"<p>Minimalistick\u00fd p\u00e1r k\u0159i\u0161\u0165\u00e1lov\u00fdch sv\u00edcn\u016f od irsk\u00e9 zna\u010dky Waterford, zn\u00e1m\u00e9 svou mimo\u0159\u00e1dnou \u010distotou skla a precizn\u00edm ru\u010dn\u00edm zpracov\u00e1n\u00edm. \u010cir\u00fd k\u0159i\u0161\u0165\u00e1l zv\u00fdraz\u0148uje hru sv\u011btla a d\u00e1v\u00e1 vyniknout ka\u017ed\u00e9mu plameni \u010di kv\u011btin\u011b. Univerz\u00e1ln\u00ed tvar umo\u017e\u0148uje pou\u017eit\u00ed i jako drobnou v\u00e1zi\u010dku.<\/p>\n<p>Stav: nov\u00fd<br \/>\nZna\u010dka: Waterford<br \/>\nRozm\u011br<br \/>\nV\u00fd\u0161ka: 15 cm<br \/>\n\u0160\u00ed\u0159ka: 4,5 cm<br \/>\nHloubka: 4,5 cm<\/p>\n<p>&nbsp;<\/p>\n","protected":false},"excerpt":{"rendered":"<p>Minimalistick\u00fd p\u00e1r k\u0159i\u0161\u0165\u00e1lov\u00fdch sv\u00edcn\u016f od irsk\u00e9 zna\u010dky Waterford, zn\u00e1m\u00e9 svou mimo\u0159\u00e1dnou \u010distotou skla a precizn\u00edm ru\u010dn\u00edm zpracov\u00e1n\u00edm. \u010cir\u00fd k\u0159i\u0161\u0165\u00e1l zv\u00fdraz\u0148uje<\/p>\n","protected":false},"featured_media":30364,"template":"","meta":[],"product_brand":[],"product_cat":[80,135],"product_tag":[],"class_list":{"0":"post-30362","1":"product","2":"type-product","3":"status-publish","4":"has-post-thumbnail","6":"product_cat-dekorace","7":"product_cat-svicny","9":"first","10":"instock","11":"purchasable","12":"product-type-simple"},"_links":{"self":[{"href":"https:\/\/eterle.cz\/eshop\/wp-json\/wp\/v2\/product\/30362","targetHints":{"allow":["GET"]}}],"collection":[{"href":"https:\/\/eterle.cz\/eshop\/wp-json\/wp\/v2\/product"}],"about":[{"href":"https:\/\/eterle.cz\/eshop\/wp-json\/wp\/v2\/types\/product"}],"version-history":[{"count":1,"href":"https:\/\/eterle.cz\/eshop\/wp-json\/wp\/v2\/product\/30362\/revisions"}],"predecessor-version":[{"id":30363,"href":"https:\/\/eterle.cz\/eshop\/wp-json\/wp\/v2\/product\/30362\/revisions\/30363"}],"wp:featuredmedia":[{"embeddable":true,"href":"https:\/\/eterle.cz\/eshop\/wp-json\/wp\/v2\/media\/30364"}],"wp:attachment":[{"href":"https:\/\/eterle.cz\/eshop\/wp-json\/wp\/v2\/media?parent=30362"}],"wp:term":[{"taxonomy":"product_brand","embeddable":true,"href":"https:\/\/eterle.cz\/eshop\/wp-json\/wp\/v2\/product_brand?post=30362"},{"taxonomy":"product_cat","embeddable":true,"href":"https:\/\/eterle.cz\/eshop\/wp-json\/wp\/v2\/product_cat?post=30362"},{"taxonomy":"product_tag","embeddable":true,"href":"https:\/\/eterle.cz\/eshop\/wp-json\/wp\/v2\/product_tag?post=30362"}],"curies":[{"name":"wp","href":"https:\/\/api.w.org\/{rel}","templated":true}]}}