{"id":30369,"date":"2025-10-20T11:31:32","date_gmt":"2025-10-20T09:31:32","guid":{"rendered":"https:\/\/eterle.cz\/eshop\/produkt\/nerezovy-svicen-cresia\/"},"modified":"2026-01-06T19:37:15","modified_gmt":"2026-01-06T18:37:15","slug":"nerezovy-svicen-cresia","status":"publish","type":"product","link":"https:\/\/eterle.cz\/eshop\/produkt\/nerezovy-svicen-cresia\/","title":{"rendered":"Nerezov\u00fd sv\u00edcen \/ Cresia"},"content":{"rendered":"<p>Elegantn\u00ed kovov\u00fd sv\u00edcen s chromovan\u00fdm povrchem od italsk\u00e9 zna\u010dky Caresia (Cresia S.r.l.), kter\u00e1 spojuje \u0159emeslnou preciznost s modern\u00edm italsk\u00fdm designem. Zrcadlov\u00fd lesk a \u010dist\u00e9 linie vytv\u00e1\u0159ej\u00ed harmonii mezi minimalismem a eleganc\u00ed,  ide\u00e1ln\u00ed pro modern\u00ed interi\u00e9ry i klasick\u00e9 stoly. Po vyjmut\u00ed vnit\u0159n\u00ed \u010d\u00e1sti lze pou\u017e\u00edt i jako v\u00e1za.<\/p>\n<p>Stav: nov\u00fd<br \/>\nZna\u010dka: Cresia, Italy<br \/>\nRozm\u011br<br \/>\nV\u00fd\u0161ka: 12 cm<br \/>\n\u0160\u00ed\u0159ka dole: 6 cm<br \/>\nHloubka dole: 6 cm<\/p>\n<p>&nbsp;<\/p>\n","protected":false},"excerpt":{"rendered":"<p>Elegantn\u00ed kovov\u00fd sv\u00edcen s chromovan\u00fdm povrchem od italsk\u00e9 zna\u010dky Caresia (Cresia S.r.l.), kter\u00e1 spojuje \u0159emeslnou preciznost s modern\u00edm italsk\u00fdm designem.<\/p>\n","protected":false},"featured_media":30371,"template":"","meta":[],"product_brand":[],"product_cat":[80,135],"product_tag":[],"class_list":{"0":"post-30369","1":"product","2":"type-product","3":"status-publish","4":"has-post-thumbnail","6":"product_cat-dekorace","7":"product_cat-svicny","9":"first","10":"instock","11":"purchasable","12":"product-type-simple"},"_links":{"self":[{"href":"https:\/\/eterle.cz\/eshop\/wp-json\/wp\/v2\/product\/30369","targetHints":{"allow":["GET"]}}],"collection":[{"href":"https:\/\/eterle.cz\/eshop\/wp-json\/wp\/v2\/product"}],"about":[{"href":"https:\/\/eterle.cz\/eshop\/wp-json\/wp\/v2\/types\/product"}],"version-history":[{"count":1,"href":"https:\/\/eterle.cz\/eshop\/wp-json\/wp\/v2\/product\/30369\/revisions"}],"predecessor-version":[{"id":30370,"href":"https:\/\/eterle.cz\/eshop\/wp-json\/wp\/v2\/product\/30369\/revisions\/30370"}],"wp:featuredmedia":[{"embeddable":true,"href":"https:\/\/eterle.cz\/eshop\/wp-json\/wp\/v2\/media\/30371"}],"wp:attachment":[{"href":"https:\/\/eterle.cz\/eshop\/wp-json\/wp\/v2\/media?parent=30369"}],"wp:term":[{"taxonomy":"product_brand","embeddable":true,"href":"https:\/\/eterle.cz\/eshop\/wp-json\/wp\/v2\/product_brand?post=30369"},{"taxonomy":"product_cat","embeddable":true,"href":"https:\/\/eterle.cz\/eshop\/wp-json\/wp\/v2\/product_cat?post=30369"},{"taxonomy":"product_tag","embeddable":true,"href":"https:\/\/eterle.cz\/eshop\/wp-json\/wp\/v2\/product_tag?post=30369"}],"curies":[{"name":"wp","href":"https:\/\/api.w.org\/{rel}","templated":true}]}}