{"id":30374,"date":"2025-10-20T11:31:35","date_gmt":"2025-10-20T09:31:35","guid":{"rendered":"https:\/\/eterle.cz\/eshop\/produkt\/mapa-moravy-a-slezska\/"},"modified":"2025-12-10T19:45:46","modified_gmt":"2025-12-10T18:45:46","slug":"mapa-moravy-a-slezska","status":"publish","type":"product","link":"https:\/\/eterle.cz\/eshop\/produkt\/mapa-moravy-a-slezska\/","title":{"rendered":"Mapa Moravy a Slezska"},"content":{"rendered":"<p>Podrobn\u00e1 mapa Moravy a Slezska a pl\u00e1n velk\u00e9ho Brna, vydal V. Neubert a synov\u00e9 na S\u00edchov\u011b podle n\u00e1vrhu Dr. Franti\u0161ka Mach\u00e1ta. F. Mach\u00e1t byl st\u0159edo\u0161kolsk\u00fd profesor a autor u\u010debnic v oboru zem\u011bpisu a \u010desk\u00fdch d\u011bjin, \u0161koln\u00edch map a gl\u00f3b\u016f.<\/p>\n<p>Stav: k\u0159ehk\u00fd, popraskan\u00e1<br \/>\nRozm\u011br<br \/>\n\u0160\u00ed\u0159ka: 78 cm<br \/>\nV\u00fd\u0161ka: 78 cm<\/p>\n<p>&nbsp;<\/p>\n","protected":false},"excerpt":{"rendered":"<p>Podrobn\u00e1 mapa Moravy a Slezska a pl\u00e1n velk\u00e9ho Brna, vydal V. Neubert a synov\u00e9 na S\u00edchov\u011b podle n\u00e1vrhu Dr. Franti\u0161ka<\/p>\n","protected":false},"featured_media":30376,"template":"","meta":[],"product_brand":[],"product_cat":[91],"product_tag":[],"class_list":{"0":"post-30374","1":"product","2":"type-product","3":"status-publish","4":"has-post-thumbnail","6":"product_cat-prodane","7":"product_shipping_class-nadrozmerne","9":"first","10":"outofstock","11":"purchasable","12":"product-type-simple"},"_links":{"self":[{"href":"https:\/\/eterle.cz\/eshop\/wp-json\/wp\/v2\/product\/30374","targetHints":{"allow":["GET"]}}],"collection":[{"href":"https:\/\/eterle.cz\/eshop\/wp-json\/wp\/v2\/product"}],"about":[{"href":"https:\/\/eterle.cz\/eshop\/wp-json\/wp\/v2\/types\/product"}],"version-history":[{"count":1,"href":"https:\/\/eterle.cz\/eshop\/wp-json\/wp\/v2\/product\/30374\/revisions"}],"predecessor-version":[{"id":30375,"href":"https:\/\/eterle.cz\/eshop\/wp-json\/wp\/v2\/product\/30374\/revisions\/30375"}],"wp:featuredmedia":[{"embeddable":true,"href":"https:\/\/eterle.cz\/eshop\/wp-json\/wp\/v2\/media\/30376"}],"wp:attachment":[{"href":"https:\/\/eterle.cz\/eshop\/wp-json\/wp\/v2\/media?parent=30374"}],"wp:term":[{"taxonomy":"product_brand","embeddable":true,"href":"https:\/\/eterle.cz\/eshop\/wp-json\/wp\/v2\/product_brand?post=30374"},{"taxonomy":"product_cat","embeddable":true,"href":"https:\/\/eterle.cz\/eshop\/wp-json\/wp\/v2\/product_cat?post=30374"},{"taxonomy":"product_tag","embeddable":true,"href":"https:\/\/eterle.cz\/eshop\/wp-json\/wp\/v2\/product_tag?post=30374"}],"curies":[{"name":"wp","href":"https:\/\/api.w.org\/{rel}","templated":true}]}}