{"id":30382,"date":"2025-10-20T11:31:40","date_gmt":"2025-10-20T09:31:40","guid":{"rendered":"https:\/\/eterle.cz\/eshop\/produkt\/sklenena-hlava\/"},"modified":"2025-11-09T00:31:32","modified_gmt":"2025-11-08T23:31:32","slug":"sklenena-hlava","status":"publish","type":"product","link":"https:\/\/eterle.cz\/eshop\/produkt\/sklenena-hlava\/","title":{"rendered":"Sklen\u011bn\u00e1 hlava"},"content":{"rendered":"<p>Sklen\u011bn\u00e1 hlava lze pou\u017e\u00edt voln\u011b jako dekorace nebo ji prakticky vyu\u017e\u00edt na odlo\u017een\u00ed klobouku \u010di sluch\u00e1tek.<\/p>\n<p>Stav: velmi dobr\u00fd<br \/>\nRozm\u011br<br \/>\nV\u00fd\u0161ka: 25 cm<br \/>\nHloubka: 20 cm<\/p>\n<p>&nbsp;<\/p>\n","protected":false},"excerpt":{"rendered":"<p>Sklen\u011bn\u00e1 hlava lze pou\u017e\u00edt voln\u011b jako dekorace nebo ji prakticky vyu\u017e\u00edt na odlo\u017een\u00ed klobouku \u010di sluch\u00e1tek. Stav: velmi dobr\u00fd Rozm\u011br<\/p>\n","protected":false},"featured_media":30384,"template":"","meta":[],"product_brand":[],"product_cat":[91],"product_tag":[],"class_list":{"0":"post-30382","1":"product","2":"type-product","3":"status-publish","4":"has-post-thumbnail","6":"product_cat-prodane","8":"first","9":"outofstock","10":"purchasable","11":"product-type-simple"},"_links":{"self":[{"href":"https:\/\/eterle.cz\/eshop\/wp-json\/wp\/v2\/product\/30382","targetHints":{"allow":["GET"]}}],"collection":[{"href":"https:\/\/eterle.cz\/eshop\/wp-json\/wp\/v2\/product"}],"about":[{"href":"https:\/\/eterle.cz\/eshop\/wp-json\/wp\/v2\/types\/product"}],"version-history":[{"count":1,"href":"https:\/\/eterle.cz\/eshop\/wp-json\/wp\/v2\/product\/30382\/revisions"}],"predecessor-version":[{"id":30383,"href":"https:\/\/eterle.cz\/eshop\/wp-json\/wp\/v2\/product\/30382\/revisions\/30383"}],"wp:featuredmedia":[{"embeddable":true,"href":"https:\/\/eterle.cz\/eshop\/wp-json\/wp\/v2\/media\/30384"}],"wp:attachment":[{"href":"https:\/\/eterle.cz\/eshop\/wp-json\/wp\/v2\/media?parent=30382"}],"wp:term":[{"taxonomy":"product_brand","embeddable":true,"href":"https:\/\/eterle.cz\/eshop\/wp-json\/wp\/v2\/product_brand?post=30382"},{"taxonomy":"product_cat","embeddable":true,"href":"https:\/\/eterle.cz\/eshop\/wp-json\/wp\/v2\/product_cat?post=30382"},{"taxonomy":"product_tag","embeddable":true,"href":"https:\/\/eterle.cz\/eshop\/wp-json\/wp\/v2\/product_tag?post=30382"}],"curies":[{"name":"wp","href":"https:\/\/api.w.org\/{rel}","templated":true}]}}