{"id":30467,"date":"2025-10-23T11:29:32","date_gmt":"2025-10-23T09:29:32","guid":{"rendered":"https:\/\/eterle.cz\/eshop\/produkt\/parove-lampicky-jakes\/"},"modified":"2025-11-21T20:18:44","modified_gmt":"2025-11-21T19:18:44","slug":"parove-lampicky-jakes","status":"publish","type":"product","link":"https:\/\/eterle.cz\/eshop\/produkt\/parove-lampicky-jakes\/","title":{"rendered":"Parov\u00e9 lampi\u010dky \/ Jake\u0161"},"content":{"rendered":"<p>Dvojice ikonick\u00fdch lamp z foukan\u00e9ho skla v syt\u011b oran\u017eov\u00e9m odst\u00ednu, kter\u00fd vynikne i v tlumen\u00e9m sv\u011btle. Kovov\u00e1 z\u00e1kladna dod\u00e1v\u00e1 stabilitu, zat\u00edmco jednolit\u00fd sklen\u011bn\u00fd tvar p\u016fsob\u00ed m\u011bkce a organicky \u2013 jako kapka barvy rozsv\u00edcen\u00e1 zevnit\u0159. Tento model b\u00fdv\u00e1 spojov\u00e1n s n\u00e1vrhy Ivana Jake\u0161e, kter\u00fd ve 70. letech experimentoval s houbovit\u00fdmi formami a syt\u00fdmi barvami skla. Skv\u011ble se uplatn\u00ed v interi\u00e9ru s prvky retro designu i v modern\u00edm prostoru jako solit\u00e9r s v\u00fdraznou osobnost\u00ed.<\/p>\n<p>Stav: el. p\u016fvodn\u00ed, funk\u010dn\u00ed<br \/>\nZna\u010dka: Ivan Jake\u0161<br \/>\nRozm\u011br<br \/>\nV\u00fd\u0161ka: 28 cm<br \/>\nPr\u016fm\u011br: 18 cm<br \/>\nV\u00e1ha: 2,5 kg<\/p>\n<p>&nbsp;<\/p>\n","protected":false},"excerpt":{"rendered":"<p>Dvojice ikonick\u00fdch lamp z foukan\u00e9ho skla v syt\u011b oran\u017eov\u00e9m odst\u00ednu, kter\u00fd vynikne i v tlumen\u00e9m sv\u011btle. Kovov\u00e1 z\u00e1kladna dod\u00e1v\u00e1 stabilitu,<\/p>\n","protected":false},"featured_media":30469,"template":"","meta":[],"product_brand":[],"product_cat":[91],"product_tag":[],"class_list":{"0":"post-30467","1":"product","2":"type-product","3":"status-publish","4":"has-post-thumbnail","6":"product_cat-prodane","7":"product_shipping_class-nadrozmerne","9":"first","10":"outofstock","11":"purchasable","12":"product-type-simple"},"_links":{"self":[{"href":"https:\/\/eterle.cz\/eshop\/wp-json\/wp\/v2\/product\/30467","targetHints":{"allow":["GET"]}}],"collection":[{"href":"https:\/\/eterle.cz\/eshop\/wp-json\/wp\/v2\/product"}],"about":[{"href":"https:\/\/eterle.cz\/eshop\/wp-json\/wp\/v2\/types\/product"}],"version-history":[{"count":5,"href":"https:\/\/eterle.cz\/eshop\/wp-json\/wp\/v2\/product\/30467\/revisions"}],"predecessor-version":[{"id":31680,"href":"https:\/\/eterle.cz\/eshop\/wp-json\/wp\/v2\/product\/30467\/revisions\/31680"}],"wp:featuredmedia":[{"embeddable":true,"href":"https:\/\/eterle.cz\/eshop\/wp-json\/wp\/v2\/media\/30469"}],"wp:attachment":[{"href":"https:\/\/eterle.cz\/eshop\/wp-json\/wp\/v2\/media?parent=30467"}],"wp:term":[{"taxonomy":"product_brand","embeddable":true,"href":"https:\/\/eterle.cz\/eshop\/wp-json\/wp\/v2\/product_brand?post=30467"},{"taxonomy":"product_cat","embeddable":true,"href":"https:\/\/eterle.cz\/eshop\/wp-json\/wp\/v2\/product_cat?post=30467"},{"taxonomy":"product_tag","embeddable":true,"href":"https:\/\/eterle.cz\/eshop\/wp-json\/wp\/v2\/product_tag?post=30467"}],"curies":[{"name":"wp","href":"https:\/\/api.w.org\/{rel}","templated":true}]}}