{"id":30474,"date":"2025-10-23T11:29:38","date_gmt":"2025-10-23T09:29:38","guid":{"rendered":"https:\/\/eterle.cz\/eshop\/produkt\/stolni-lampicka-napako-4\/"},"modified":"2025-11-18T23:09:21","modified_gmt":"2025-11-18T22:09:21","slug":"stolni-lampicka-napako-4","status":"publish","type":"product","link":"https:\/\/eterle.cz\/eshop\/produkt\/stolni-lampicka-napako-4\/","title":{"rendered":"Stoln\u00ed lampi\u010dka \/ Napako"},"content":{"rendered":"<p>Stoln\u00ed kovov\u00e1 lampi\u010dka zhotoven\u00e1 firmou NAPAKO, typ 85132 dle n\u00e1vrhu Josefa H\u016frky. NAPAKO (n\u00e1stroj\u00e1\u0159i, pas\u00ed\u0159i, kovotla\u010ditel\u00e9) bylo zalo\u017eeno v roce 1919 jako \u00fa\u010delov\u00e9 sdru\u017een\u00ed mal\u00fdch soukrom\u00fdch firem. D\u00edky kvalifikovan\u00e9 a \u0159emesln\u011b zru\u010dn\u00e9 pr\u00e1ci je v obdob\u00ed 1. poloviny 20.stolet\u00ed kvalita a n\u00e1pl\u0148 v\u00fdroby na velmi vysok\u00e9 \u00farovni. Lampi\u010dka poch\u00e1z\u00ed z 70. let minul\u00e9ho stolet\u00ed.<\/p>\n<p>Stav: el. p\u016fvodn\u00ed, funk\u010dn\u00ed<br \/>\nZna\u010dka: Napako, Josef H\u016frka<br \/>\nRozm\u011br<br \/>\nV\u00fd\u0161ka: 29 cm<br \/>\nHloubka: 24 cm<br \/>\nV\u00e1ha: 1 kg<\/p>\n<p>&nbsp;<\/p>\n","protected":false},"excerpt":{"rendered":"<p>Stoln\u00ed kovov\u00e1 lampi\u010dka zhotoven\u00e1 firmou NAPAKO, typ 85132 dle n\u00e1vrhu Josefa H\u016frky. NAPAKO (n\u00e1stroj\u00e1\u0159i, pas\u00ed\u0159i, kovotla\u010ditel\u00e9) bylo zalo\u017eeno v roce<\/p>\n","protected":false},"featured_media":30476,"template":"","meta":[],"product_brand":[],"product_cat":[91],"product_tag":[],"class_list":{"0":"post-30474","1":"product","2":"type-product","3":"status-publish","4":"has-post-thumbnail","6":"product_cat-prodane","7":"product_shipping_class-nadrozmerne","9":"first","10":"outofstock","11":"purchasable","12":"product-type-simple"},"_links":{"self":[{"href":"https:\/\/eterle.cz\/eshop\/wp-json\/wp\/v2\/product\/30474","targetHints":{"allow":["GET"]}}],"collection":[{"href":"https:\/\/eterle.cz\/eshop\/wp-json\/wp\/v2\/product"}],"about":[{"href":"https:\/\/eterle.cz\/eshop\/wp-json\/wp\/v2\/types\/product"}],"version-history":[{"count":1,"href":"https:\/\/eterle.cz\/eshop\/wp-json\/wp\/v2\/product\/30474\/revisions"}],"predecessor-version":[{"id":30475,"href":"https:\/\/eterle.cz\/eshop\/wp-json\/wp\/v2\/product\/30474\/revisions\/30475"}],"wp:featuredmedia":[{"embeddable":true,"href":"https:\/\/eterle.cz\/eshop\/wp-json\/wp\/v2\/media\/30476"}],"wp:attachment":[{"href":"https:\/\/eterle.cz\/eshop\/wp-json\/wp\/v2\/media?parent=30474"}],"wp:term":[{"taxonomy":"product_brand","embeddable":true,"href":"https:\/\/eterle.cz\/eshop\/wp-json\/wp\/v2\/product_brand?post=30474"},{"taxonomy":"product_cat","embeddable":true,"href":"https:\/\/eterle.cz\/eshop\/wp-json\/wp\/v2\/product_cat?post=30474"},{"taxonomy":"product_tag","embeddable":true,"href":"https:\/\/eterle.cz\/eshop\/wp-json\/wp\/v2\/product_tag?post=30474"}],"curies":[{"name":"wp","href":"https:\/\/api.w.org\/{rel}","templated":true}]}}