{"id":30499,"date":"2025-10-23T11:30:01","date_gmt":"2025-10-23T09:30:01","guid":{"rendered":"https:\/\/eterle.cz\/eshop\/produkt\/stolni-lampa-cinan-h-frantova\/"},"modified":"2026-04-13T14:54:51","modified_gmt":"2026-04-13T12:54:51","slug":"stolni-lampa-cinan-h-frantova","status":"publish","type":"product","link":"https:\/\/eterle.cz\/eshop\/produkt\/stolni-lampa-cinan-h-frantova\/","title":{"rendered":"Stoln\u00ed lampa \u010d\u00ed\u0148an \/ H. Frantov\u00e1"},"content":{"rendered":"<p>Ikona \u010deskoslovensk\u00e9ho modernismu. Stoln\u00ed lampi\u010dka p\u0159ezd\u00edvan\u00e1 \u201e\u010c\u00ed\u0148an\u201c, jej\u00ed\u017e tvar p\u0159ipom\u00edn\u00e1 klobouk orient\u00e1ln\u00edho st\u0159ihu, vznikla v 50. letech pod rukama um\u011bleckopr\u016fmyslov\u00e9 v\u00fdtvarnice Heleny Frantov\u00e9. Vyr\u00e1b\u011bla se n\u011bkolik desetilet\u00ed (a\u017e do 70. let min, stolet\u00ed) a stala se jedn\u00edm z nejn\u00e1padn\u011bj\u0161\u00edch symbol\u016f pov\u00e1le\u010dn\u00e9ho designu. Lehk\u00e1 kovov\u00e1 konstrukce s troj\u00faheln\u00edkovou z\u00e1kladnou umo\u017e\u0148uje lampu nejen postavit, ale i zav\u011bsit na ze\u010f. Kombinace m\u011bd\u011bn\u00e9ho t\u011bla a roz\u0161\u00ed\u0159en\u00e9ho st\u00ednidla p\u016fsob\u00ed elegantn\u011b, p\u0159itom s lehkost\u00ed, kter\u00e1 je pro tehdej\u0161\u00ed \u010desk\u00fd design tak typick\u00e1. Dodnes p\u016fsob\u00ed jako socha\u0159sk\u00fd objekt.<\/p>\n<p>Stav: el. p\u016fvodn\u00ed, funk\u010dn\u00ed<br \/>\nZna\u010dka: \u010d\u00ed\u0148an \/ H. Frantov\u00e1<br \/>\nRozm\u011br<br \/>\nV\u00fd\u0161ka: 40 cm<br \/>\nPr\u016fm\u011br: 33 cm<br \/>\nV\u00e1ha: 1kg<\/p>\n<p>&nbsp;<\/p>\n","protected":false},"excerpt":{"rendered":"<p>Ikona \u010deskoslovensk\u00e9ho modernismu. Stoln\u00ed lampi\u010dka p\u0159ezd\u00edvan\u00e1 \u201e\u010c\u00ed\u0148an\u201c, jej\u00ed\u017e tvar p\u0159ipom\u00edn\u00e1 klobouk orient\u00e1ln\u00edho st\u0159ihu, vznikla v 50. letech pod rukama um\u011bleckopr\u016fmyslov\u00e9<\/p>\n","protected":false},"featured_media":30501,"template":"","meta":[],"product_brand":[],"product_cat":[91],"product_tag":[],"class_list":{"0":"post-30499","1":"product","2":"type-product","3":"status-publish","4":"has-post-thumbnail","6":"product_cat-prodane","7":"product_shipping_class-nadrozmerne","9":"first","10":"outofstock","11":"purchasable","12":"product-type-simple"},"_links":{"self":[{"href":"https:\/\/eterle.cz\/eshop\/wp-json\/wp\/v2\/product\/30499","targetHints":{"allow":["GET"]}}],"collection":[{"href":"https:\/\/eterle.cz\/eshop\/wp-json\/wp\/v2\/product"}],"about":[{"href":"https:\/\/eterle.cz\/eshop\/wp-json\/wp\/v2\/types\/product"}],"version-history":[{"count":1,"href":"https:\/\/eterle.cz\/eshop\/wp-json\/wp\/v2\/product\/30499\/revisions"}],"predecessor-version":[{"id":30500,"href":"https:\/\/eterle.cz\/eshop\/wp-json\/wp\/v2\/product\/30499\/revisions\/30500"}],"wp:featuredmedia":[{"embeddable":true,"href":"https:\/\/eterle.cz\/eshop\/wp-json\/wp\/v2\/media\/30501"}],"wp:attachment":[{"href":"https:\/\/eterle.cz\/eshop\/wp-json\/wp\/v2\/media?parent=30499"}],"wp:term":[{"taxonomy":"product_brand","embeddable":true,"href":"https:\/\/eterle.cz\/eshop\/wp-json\/wp\/v2\/product_brand?post=30499"},{"taxonomy":"product_cat","embeddable":true,"href":"https:\/\/eterle.cz\/eshop\/wp-json\/wp\/v2\/product_cat?post=30499"},{"taxonomy":"product_tag","embeddable":true,"href":"https:\/\/eterle.cz\/eshop\/wp-json\/wp\/v2\/product_tag?post=30499"}],"curies":[{"name":"wp","href":"https:\/\/api.w.org\/{rel}","templated":true}]}}