{"id":30506,"date":"2025-10-23T11:30:07","date_gmt":"2025-10-23T09:30:07","guid":{"rendered":"https:\/\/eterle.cz\/eshop\/produkt\/stolni-lampa-tabery-5\/"},"modified":"2025-12-05T22:29:25","modified_gmt":"2025-12-05T21:29:25","slug":"stolni-lampa-tabery-5","status":"publish","type":"product","link":"https:\/\/eterle.cz\/eshop\/produkt\/stolni-lampa-tabery-5\/","title":{"rendered":"Stoln\u00ed lampa \/ Tabery"},"content":{"rendered":"<p>Obl\u00edben\u00e1 stoln\u00ed lampa podle n\u00e1vrhu design\u00e9ra \u0160t\u011bp\u00e1na Tabery, kterou navrh v 70. letech pro Osv\u011btlovac\u00ed sklo, st\u0159edisko podniku v Kostanech u Teplic. Jde o ikonick\u00fd, notoricky zn\u00e1m\u00fd model z op\u00e1lov\u00e9ho skla, kter\u00e9 je v jednom kuse spole\u010dn\u011b s podstavcem. P\u0159i rozsv\u00edcen\u00ed se v\u0161ak rozz\u00e1\u0159\u00ed pouze jeho horn\u00ed \u010d\u00e1st.<\/p>\n<p>Stav: el. p\u016fvodn\u00ed, funk\u010dn\u00ed<br \/>\nZna\u010dka: \u0160t\u011bp\u00e1n Tabery<br \/>\nRozm\u011br<br \/>\nV\u00fd\u0161ka: 42 cm<br \/>\nPr\u016fm\u011br: 25 cm<br \/>\nV\u00e1ha: 2,8 kg<\/p>\n<p>&nbsp;<\/p>\n","protected":false},"excerpt":{"rendered":"<p>Obl\u00edben\u00e1 stoln\u00ed lampa podle n\u00e1vrhu design\u00e9ra \u0160t\u011bp\u00e1na Tabery, kterou navrh v 70. letech pro Osv\u011btlovac\u00ed sklo, st\u0159edisko podniku v Kostanech<\/p>\n","protected":false},"featured_media":30508,"template":"","meta":[],"product_brand":[],"product_cat":[79,141],"product_tag":[],"class_list":{"0":"post-30506","1":"product","2":"type-product","3":"status-publish","4":"has-post-thumbnail","6":"product_cat-svetla","7":"product_cat-stolni-lampy","8":"product_shipping_class-nadrozmerne","10":"first","11":"instock","12":"purchasable","13":"product-type-simple"},"_links":{"self":[{"href":"https:\/\/eterle.cz\/eshop\/wp-json\/wp\/v2\/product\/30506","targetHints":{"allow":["GET"]}}],"collection":[{"href":"https:\/\/eterle.cz\/eshop\/wp-json\/wp\/v2\/product"}],"about":[{"href":"https:\/\/eterle.cz\/eshop\/wp-json\/wp\/v2\/types\/product"}],"version-history":[{"count":1,"href":"https:\/\/eterle.cz\/eshop\/wp-json\/wp\/v2\/product\/30506\/revisions"}],"predecessor-version":[{"id":30507,"href":"https:\/\/eterle.cz\/eshop\/wp-json\/wp\/v2\/product\/30506\/revisions\/30507"}],"wp:featuredmedia":[{"embeddable":true,"href":"https:\/\/eterle.cz\/eshop\/wp-json\/wp\/v2\/media\/30508"}],"wp:attachment":[{"href":"https:\/\/eterle.cz\/eshop\/wp-json\/wp\/v2\/media?parent=30506"}],"wp:term":[{"taxonomy":"product_brand","embeddable":true,"href":"https:\/\/eterle.cz\/eshop\/wp-json\/wp\/v2\/product_brand?post=30506"},{"taxonomy":"product_cat","embeddable":true,"href":"https:\/\/eterle.cz\/eshop\/wp-json\/wp\/v2\/product_cat?post=30506"},{"taxonomy":"product_tag","embeddable":true,"href":"https:\/\/eterle.cz\/eshop\/wp-json\/wp\/v2\/product_tag?post=30506"}],"curies":[{"name":"wp","href":"https:\/\/api.w.org\/{rel}","templated":true}]}}