{"id":30513,"date":"2025-10-23T11:30:12","date_gmt":"2025-10-23T09:30:12","guid":{"rendered":"https:\/\/eterle.cz\/eshop\/produkt\/stolni-lampicka-lidokov-2\/"},"modified":"2026-03-17T22:27:41","modified_gmt":"2026-03-17T21:27:41","slug":"stolni-lampicka-lidokov-2","status":"publish","type":"product","link":"https:\/\/eterle.cz\/eshop\/produkt\/stolni-lampicka-lidokov-2\/","title":{"rendered":"Stoln\u00ed lampi\u010dka \/ Lidokov"},"content":{"rendered":"<p>Ikonick\u00e1 stoln\u00ed lampi\u010dka Lidokov typ L117 z 60.-70. let minul\u00e9ho stolet\u00ed, kterou pro n\u00e1rodn\u00ed podnik navrhl Josef H\u016frka. Lampi\u010dka se vyzna\u010duje velmi jednoduchou a \u010distou lini\u00ed s v\u00fdraznou barvou, co\u017e jsou charakteristick\u00e9 rysy pro tvorbu J. H\u016frky. Je celokovov\u00e1, s pochromovanou konstrukc\u00ed.<\/p>\n<p>Stav: el. p\u016fvodn\u00ed, funk\u010dn\u00ed<br \/>\nZna\u010dka: Josef H\u016frka \/ Lidokov<br \/>\nRozm\u011br<br \/>\nD\u00e9lka st\u00ednidla: 19,5 cm<br \/>\nPr\u016fm\u011br st\u00ednidla: 12 cm<br \/>\nV\u00fd\u0161ka: 46 cm<br \/>\nV\u00e1ha: 1,2 kg<\/p>\n<p>&nbsp;<\/p>\n","protected":false},"excerpt":{"rendered":"<p>Ikonick\u00e1 stoln\u00ed lampi\u010dka Lidokov typ L117 z 60.-70. let minul\u00e9ho stolet\u00ed, kterou pro n\u00e1rodn\u00ed podnik navrhl Josef H\u016frka. Lampi\u010dka se<\/p>\n","protected":false},"featured_media":30515,"template":"","meta":[],"product_brand":[],"product_cat":[91],"product_tag":[],"class_list":{"0":"post-30513","1":"product","2":"type-product","3":"status-publish","4":"has-post-thumbnail","6":"product_cat-prodane","7":"product_shipping_class-nadrozmerne","9":"first","10":"outofstock","11":"purchasable","12":"product-type-simple"},"_links":{"self":[{"href":"https:\/\/eterle.cz\/eshop\/wp-json\/wp\/v2\/product\/30513","targetHints":{"allow":["GET"]}}],"collection":[{"href":"https:\/\/eterle.cz\/eshop\/wp-json\/wp\/v2\/product"}],"about":[{"href":"https:\/\/eterle.cz\/eshop\/wp-json\/wp\/v2\/types\/product"}],"version-history":[{"count":1,"href":"https:\/\/eterle.cz\/eshop\/wp-json\/wp\/v2\/product\/30513\/revisions"}],"predecessor-version":[{"id":30514,"href":"https:\/\/eterle.cz\/eshop\/wp-json\/wp\/v2\/product\/30513\/revisions\/30514"}],"wp:featuredmedia":[{"embeddable":true,"href":"https:\/\/eterle.cz\/eshop\/wp-json\/wp\/v2\/media\/30515"}],"wp:attachment":[{"href":"https:\/\/eterle.cz\/eshop\/wp-json\/wp\/v2\/media?parent=30513"}],"wp:term":[{"taxonomy":"product_brand","embeddable":true,"href":"https:\/\/eterle.cz\/eshop\/wp-json\/wp\/v2\/product_brand?post=30513"},{"taxonomy":"product_cat","embeddable":true,"href":"https:\/\/eterle.cz\/eshop\/wp-json\/wp\/v2\/product_cat?post=30513"},{"taxonomy":"product_tag","embeddable":true,"href":"https:\/\/eterle.cz\/eshop\/wp-json\/wp\/v2\/product_tag?post=30513"}],"curies":[{"name":"wp","href":"https:\/\/api.w.org\/{rel}","templated":true}]}}