{"id":30530,"date":"2025-10-23T11:30:22","date_gmt":"2025-10-23T09:30:22","guid":{"rendered":"https:\/\/eterle.cz\/eshop\/produkt\/mosazna-stolni-lampicka\/"},"modified":"2025-12-05T22:29:25","modified_gmt":"2025-12-05T21:29:25","slug":"mosazna-stolni-lampicka","status":"publish","type":"product","link":"https:\/\/eterle.cz\/eshop\/produkt\/mosazna-stolni-lampicka\/","title":{"rendered":"Mosazn\u00e1 stoln\u00ed lampi\u010dka"},"content":{"rendered":"<p>Elegantn\u00ed stoln\u00ed lampa z le\u0161t\u011bn\u00e9 mosazi s nad\u010dasov\u00fdm kruhov\u00fdm st\u00ednidlem. Minimalistick\u00fd tvar s rovn\u00fdm stojanem a subtiln\u00ed z\u00e1kladnou p\u016fsob\u00ed klidn\u011b a vyv\u00e1\u017een\u011b, p\u0159itom d\u00edky tepl\u00e9mu kovov\u00e9mu lesku dod\u00e1v\u00e1 prostoru noblesu.<\/p>\n<p>Mosazn\u00e9 sv\u00edtidlo tohoto typu b\u00fdvalo sou\u010d\u00e1st\u00ed interi\u00e9r\u016f reprezentativn\u00edch kancel\u00e1\u0159\u00ed i modern\u00edch byt\u016f 70. a 80. let minul\u00e9ho stoelt\u00ed. Dnes se skv\u011ble hod\u00ed k dopln\u011bn\u00ed vintage i sou\u010dasn\u00fdch interi\u00e9r\u016f.<\/p>\n<p>Stav: el. p\u016fvodn\u00ed, funk\u010dn\u00ed<br \/>\nRozm\u011br<br \/>\nV\u00fd\u0161ka: 42,5 cm<br \/>\nPr\u016fm\u011br st\u00ednidla: 34 cm<br \/>\nV\u00e1ha: 3,6 kg<\/p>\n<p>&nbsp;<\/p>\n","protected":false},"excerpt":{"rendered":"<p>Elegantn\u00ed stoln\u00ed lampa z le\u0161t\u011bn\u00e9 mosazi s nad\u010dasov\u00fdm kruhov\u00fdm st\u00ednidlem. Minimalistick\u00fd tvar s rovn\u00fdm stojanem a subtiln\u00ed z\u00e1kladnou p\u016fsob\u00ed klidn\u011b<\/p>\n","protected":false},"featured_media":30532,"template":"","meta":[],"product_brand":[],"product_cat":[79,141],"product_tag":[],"class_list":{"0":"post-30530","1":"product","2":"type-product","3":"status-publish","4":"has-post-thumbnail","6":"product_cat-svetla","7":"product_cat-stolni-lampy","8":"product_shipping_class-nadrozmerne","10":"first","11":"instock","12":"purchasable","13":"product-type-simple"},"_links":{"self":[{"href":"https:\/\/eterle.cz\/eshop\/wp-json\/wp\/v2\/product\/30530","targetHints":{"allow":["GET"]}}],"collection":[{"href":"https:\/\/eterle.cz\/eshop\/wp-json\/wp\/v2\/product"}],"about":[{"href":"https:\/\/eterle.cz\/eshop\/wp-json\/wp\/v2\/types\/product"}],"version-history":[{"count":1,"href":"https:\/\/eterle.cz\/eshop\/wp-json\/wp\/v2\/product\/30530\/revisions"}],"predecessor-version":[{"id":30531,"href":"https:\/\/eterle.cz\/eshop\/wp-json\/wp\/v2\/product\/30530\/revisions\/30531"}],"wp:featuredmedia":[{"embeddable":true,"href":"https:\/\/eterle.cz\/eshop\/wp-json\/wp\/v2\/media\/30532"}],"wp:attachment":[{"href":"https:\/\/eterle.cz\/eshop\/wp-json\/wp\/v2\/media?parent=30530"}],"wp:term":[{"taxonomy":"product_brand","embeddable":true,"href":"https:\/\/eterle.cz\/eshop\/wp-json\/wp\/v2\/product_brand?post=30530"},{"taxonomy":"product_cat","embeddable":true,"href":"https:\/\/eterle.cz\/eshop\/wp-json\/wp\/v2\/product_cat?post=30530"},{"taxonomy":"product_tag","embeddable":true,"href":"https:\/\/eterle.cz\/eshop\/wp-json\/wp\/v2\/product_tag?post=30530"}],"curies":[{"name":"wp","href":"https:\/\/api.w.org\/{rel}","templated":true}]}}