{"id":30538,"date":"2025-10-23T11:30:28","date_gmt":"2025-10-23T09:30:28","guid":{"rendered":"https:\/\/eterle.cz\/eshop\/produkt\/stolni-lampicka-helo-leuchten\/"},"modified":"2025-12-05T22:29:25","modified_gmt":"2025-12-05T21:29:25","slug":"stolni-lampicka-helo-leuchten","status":"publish","type":"product","link":"https:\/\/eterle.cz\/eshop\/produkt\/stolni-lampicka-helo-leuchten\/","title":{"rendered":"Stoln\u00ed lampi\u010dka \/ Helo Leuchten"},"content":{"rendered":"<p>Elegantn\u00ed stoln\u00ed lampa z produkce Helo Leuchten, jednoho z v\u00fdznamn\u00fdch n\u011bmeck\u00fdch v\u00fdrobc\u016f sv\u00edtidel poloviny 20. stolet\u00ed. Dnes pat\u0159\u00ed k vyhled\u00e1van\u00fdm sb\u011bratelsk\u00fdm objekt\u016fm, kter\u00e9 dok\u00e1\u017eou z\u00fatulnit pracovn\u00ed st\u016fl i no\u010dn\u00ed stolek.<\/p>\n<p>Kovov\u00e9 t\u011blo s chromovan\u00fdmi prvky a jemn\u011b kr\u00e9mov\u00fdm lakem vytv\u00e1\u0159\u00ed harmonii tvar\u016f i materi\u00e1l\u016f \u2013 od zaoblen\u00e9 z\u00e1kladny po ikonick\u00e9 \u0161irok\u00e9 st\u00ednidlo se soust\u0159edn\u00fdmi kruhy. Typick\u00e9 pro 50. l\u00e9ta, kdy se technick\u00e1 preciznost spojovala s jemnou eleganc\u00ed. Lampa p\u016fsob\u00ed robustn\u011b a p\u0159itom lehce, s jasn\u00fdm odkazem na styl Art Deco p\u0159ech\u00e1zej\u00edc\u00ed do modernismu.<\/p>\n<p>Stav: el. p\u016fvodn\u00ed, funk\u010dn\u00ed<br \/>\nZna\u010dka: Helo Leuchten<br \/>\nRozm\u011br<br \/>\nV\u00fd\u0161ka: 34 cm<br \/>\nPr\u016fm\u011br st\u00ednidla: 30 cm<br \/>\nV\u00e1ha: 2 kg<\/p>\n<p>&nbsp;<\/p>\n","protected":false},"excerpt":{"rendered":"<p>Elegantn\u00ed stoln\u00ed lampa z produkce Helo Leuchten, jednoho z v\u00fdznamn\u00fdch n\u011bmeck\u00fdch v\u00fdrobc\u016f sv\u00edtidel poloviny 20. stolet\u00ed. Dnes pat\u0159\u00ed k vyhled\u00e1van\u00fdm<\/p>\n","protected":false},"featured_media":30540,"template":"","meta":[],"product_brand":[],"product_cat":[79,141],"product_tag":[],"class_list":{"0":"post-30538","1":"product","2":"type-product","3":"status-publish","4":"has-post-thumbnail","6":"product_cat-svetla","7":"product_cat-stolni-lampy","8":"product_shipping_class-nadrozmerne","10":"first","11":"instock","12":"purchasable","13":"product-type-simple"},"_links":{"self":[{"href":"https:\/\/eterle.cz\/eshop\/wp-json\/wp\/v2\/product\/30538","targetHints":{"allow":["GET"]}}],"collection":[{"href":"https:\/\/eterle.cz\/eshop\/wp-json\/wp\/v2\/product"}],"about":[{"href":"https:\/\/eterle.cz\/eshop\/wp-json\/wp\/v2\/types\/product"}],"version-history":[{"count":1,"href":"https:\/\/eterle.cz\/eshop\/wp-json\/wp\/v2\/product\/30538\/revisions"}],"predecessor-version":[{"id":30539,"href":"https:\/\/eterle.cz\/eshop\/wp-json\/wp\/v2\/product\/30538\/revisions\/30539"}],"wp:featuredmedia":[{"embeddable":true,"href":"https:\/\/eterle.cz\/eshop\/wp-json\/wp\/v2\/media\/30540"}],"wp:attachment":[{"href":"https:\/\/eterle.cz\/eshop\/wp-json\/wp\/v2\/media?parent=30538"}],"wp:term":[{"taxonomy":"product_brand","embeddable":true,"href":"https:\/\/eterle.cz\/eshop\/wp-json\/wp\/v2\/product_brand?post=30538"},{"taxonomy":"product_cat","embeddable":true,"href":"https:\/\/eterle.cz\/eshop\/wp-json\/wp\/v2\/product_cat?post=30538"},{"taxonomy":"product_tag","embeddable":true,"href":"https:\/\/eterle.cz\/eshop\/wp-json\/wp\/v2\/product_tag?post=30538"}],"curies":[{"name":"wp","href":"https:\/\/api.w.org\/{rel}","templated":true}]}}