{"id":30547,"date":"2025-10-23T11:30:34","date_gmt":"2025-10-23T09:30:34","guid":{"rendered":"https:\/\/eterle.cz\/eshop\/produkt\/kovova-stolni-lampicka\/"},"modified":"2026-01-15T09:11:40","modified_gmt":"2026-01-15T08:11:40","slug":"kovova-stolni-lampicka","status":"publish","type":"product","link":"https:\/\/eterle.cz\/eshop\/produkt\/kovova-stolni-lampicka\/","title":{"rendered":"Kovov\u00e1 stoln\u00ed lampi\u010dka"},"content":{"rendered":"<p>Elegantn\u00ed stoln\u00ed lampa v kombinaci mod\u0159e lakovan\u00e9ho kovu a chromovan\u00fdch prvk\u016f. Jej\u00ed tvar vych\u00e1z\u00ed z estetick\u00e9ho minimalismu 60. let minul\u00e9ho stolet\u00ed &#8211; praktick\u00fd, p\u0159esto s jemnou eleganc\u00ed. Naklon\u011bn\u00e9 st\u00ednidlo poskytuje sm\u011brovan\u00e9 sv\u011btlo, ide\u00e1ln\u00ed pro \u010dten\u00ed \u010di pr\u00e1ci u stolu, zat\u00edmco zak\u0159iven\u00e9 rameno p\u0159id\u00e1v\u00e1 kompozici dynamiku. Tento typ lampy se vyr\u00e1b\u011bl v n\u011bkolika barevn\u00fdch variant\u00e1ch a stal se symbolem funk\u010dn\u00edho designu pov\u00e1le\u010dn\u00e9ho \u010ceskoslovenska. Dodnes p\u016fsob\u00ed nad\u010dasov\u011b \u2013 vynikne jak v pracovn\u00edm koutku, tak na no\u010dn\u00edm stolku vedle modern\u00edho i retro n\u00e1bytku.<\/p>\n<p>Stav: el. p\u016fvodn\u00ed, funk\u010dn\u00ed<br \/>\nRozm\u011br<br \/>\nV\u00fd\u0161ka: 42 cm<br \/>\nPr\u016fm\u011br: 20 cm<br \/>\nV\u00e1ha: 1,8 kg<\/p>\n<p>&nbsp;<\/p>\n","protected":false},"excerpt":{"rendered":"<p>Elegantn\u00ed stoln\u00ed lampa v kombinaci mod\u0159e lakovan\u00e9ho kovu a chromovan\u00fdch prvk\u016f. Jej\u00ed tvar vych\u00e1z\u00ed z estetick\u00e9ho minimalismu 60. let minul\u00e9ho<\/p>\n","protected":false},"featured_media":30549,"template":"","meta":[],"product_brand":[],"product_cat":[91],"product_tag":[],"class_list":{"0":"post-30547","1":"product","2":"type-product","3":"status-publish","4":"has-post-thumbnail","6":"product_cat-prodane","7":"product_shipping_class-nadrozmerne","9":"first","10":"outofstock","11":"purchasable","12":"product-type-simple"},"_links":{"self":[{"href":"https:\/\/eterle.cz\/eshop\/wp-json\/wp\/v2\/product\/30547","targetHints":{"allow":["GET"]}}],"collection":[{"href":"https:\/\/eterle.cz\/eshop\/wp-json\/wp\/v2\/product"}],"about":[{"href":"https:\/\/eterle.cz\/eshop\/wp-json\/wp\/v2\/types\/product"}],"version-history":[{"count":1,"href":"https:\/\/eterle.cz\/eshop\/wp-json\/wp\/v2\/product\/30547\/revisions"}],"predecessor-version":[{"id":30548,"href":"https:\/\/eterle.cz\/eshop\/wp-json\/wp\/v2\/product\/30547\/revisions\/30548"}],"wp:featuredmedia":[{"embeddable":true,"href":"https:\/\/eterle.cz\/eshop\/wp-json\/wp\/v2\/media\/30549"}],"wp:attachment":[{"href":"https:\/\/eterle.cz\/eshop\/wp-json\/wp\/v2\/media?parent=30547"}],"wp:term":[{"taxonomy":"product_brand","embeddable":true,"href":"https:\/\/eterle.cz\/eshop\/wp-json\/wp\/v2\/product_brand?post=30547"},{"taxonomy":"product_cat","embeddable":true,"href":"https:\/\/eterle.cz\/eshop\/wp-json\/wp\/v2\/product_cat?post=30547"},{"taxonomy":"product_tag","embeddable":true,"href":"https:\/\/eterle.cz\/eshop\/wp-json\/wp\/v2\/product_tag?post=30547"}],"curies":[{"name":"wp","href":"https:\/\/api.w.org\/{rel}","templated":true}]}}