{"id":30556,"date":"2025-10-23T11:30:39","date_gmt":"2025-10-23T09:30:39","guid":{"rendered":"https:\/\/eterle.cz\/eshop\/produkt\/bakelitova-stolni-lampicka-coates\/"},"modified":"2026-02-02T15:47:40","modified_gmt":"2026-02-02T14:47:40","slug":"bakelitova-stolni-lampicka-coates","status":"publish","type":"product","link":"https:\/\/eterle.cz\/eshop\/produkt\/bakelitova-stolni-lampicka-coates\/","title":{"rendered":"Bakelitov\u00e1 stoln\u00ed lampi\u010dka \/ Coates"},"content":{"rendered":"<p>Star\u00e1 celobakelitov\u00e1 art deco stoln\u00ed lampa podle n\u00e1vrhu anglick\u00e9ho n\u00e1vrh\u00e1\u0159e Wells Coates, kterou vyr\u00e1b\u011bla firma Gummon v Bratislav\u011b od r. 1931.<\/p>\n<p>V\u00edce o hostorii t\u00e9to lampy zde: https:\/\/dennikn.sk\/52223\/slavna-slovenska-lampa-ma-anglicky-povod\/<\/p>\n<p>Stav: na fotce je povrch lesklej\u0161\u00ed ne\u017e ve skute\u010dnosti; el. nov\u00e1, funk\u010dn\u00ed<br \/>\nZna\u010dka: Wells Coates<br \/>\nRozm\u011br<br \/>\nV\u00fd\u0161ka: 35 cm<br \/>\nPr\u016fm\u011br st\u00ednidla: 16 cm<br \/>\nV\u00e1ha: 1,2 kg<\/p>\n<p>&nbsp;<\/p>\n","protected":false},"excerpt":{"rendered":"<p>Star\u00e1 celobakelitov\u00e1 art deco stoln\u00ed lampa podle n\u00e1vrhu anglick\u00e9ho n\u00e1vrh\u00e1\u0159e Wells Coates, kterou vyr\u00e1b\u011bla firma Gummon v Bratislav\u011b od r.<\/p>\n","protected":false},"featured_media":30558,"template":"","meta":[],"product_brand":[],"product_cat":[79,141],"product_tag":[],"class_list":{"0":"post-30556","1":"product","2":"type-product","3":"status-publish","4":"has-post-thumbnail","6":"product_cat-svetla","7":"product_cat-stolni-lampy","8":"product_shipping_class-nadrozmerne","10":"first","11":"instock","12":"purchasable","13":"product-type-simple"},"_links":{"self":[{"href":"https:\/\/eterle.cz\/eshop\/wp-json\/wp\/v2\/product\/30556","targetHints":{"allow":["GET"]}}],"collection":[{"href":"https:\/\/eterle.cz\/eshop\/wp-json\/wp\/v2\/product"}],"about":[{"href":"https:\/\/eterle.cz\/eshop\/wp-json\/wp\/v2\/types\/product"}],"version-history":[{"count":3,"href":"https:\/\/eterle.cz\/eshop\/wp-json\/wp\/v2\/product\/30556\/revisions"}],"predecessor-version":[{"id":33904,"href":"https:\/\/eterle.cz\/eshop\/wp-json\/wp\/v2\/product\/30556\/revisions\/33904"}],"wp:featuredmedia":[{"embeddable":true,"href":"https:\/\/eterle.cz\/eshop\/wp-json\/wp\/v2\/media\/30558"}],"wp:attachment":[{"href":"https:\/\/eterle.cz\/eshop\/wp-json\/wp\/v2\/media?parent=30556"}],"wp:term":[{"taxonomy":"product_brand","embeddable":true,"href":"https:\/\/eterle.cz\/eshop\/wp-json\/wp\/v2\/product_brand?post=30556"},{"taxonomy":"product_cat","embeddable":true,"href":"https:\/\/eterle.cz\/eshop\/wp-json\/wp\/v2\/product_cat?post=30556"},{"taxonomy":"product_tag","embeddable":true,"href":"https:\/\/eterle.cz\/eshop\/wp-json\/wp\/v2\/product_tag?post=30556"}],"curies":[{"name":"wp","href":"https:\/\/api.w.org\/{rel}","templated":true}]}}