{"id":30564,"date":"2025-10-23T11:30:45","date_gmt":"2025-10-23T09:30:45","guid":{"rendered":"https:\/\/eterle.cz\/eshop\/produkt\/bakelitove-parove-lampicky\/"},"modified":"2026-02-04T22:08:39","modified_gmt":"2026-02-04T21:08:39","slug":"bakelitove-parove-lampicky","status":"publish","type":"product","link":"https:\/\/eterle.cz\/eshop\/produkt\/bakelitove-parove-lampicky\/","title":{"rendered":"Bakelitov\u00e9 p\u00e1rove lampi\u010dky"},"content":{"rendered":"<p>P\u016fvabn\u00e1 dvojice stoln\u00edch lampi\u010dek pravd\u011bpodobn\u011b z produkce Drupolu, typick\u00e1 pro ran\u00fd pov\u00e1le\u010dn\u00fd modernismus. T\u011bla z tmav\u00e9ho bakelitu dopl\u0148uj\u00ed r\u016f\u017eov\u00e1 kulovit\u00e1 st\u00ednidla s jemnou strukturou, kter\u00e1 rozptyluje sv\u011btlo do m\u011bkk\u00e9ho, tepl\u00e9ho t\u00f3nu. Spojen\u00ed k\u0159ehk\u00e9 barevnosti a technick\u00e9 elegance \u010din\u00ed z lamp v\u00fdmluvn\u00fd symbol doby, kdy se modern\u00ed materi\u00e1ly setk\u00e1valy s poezi\u00ed sv\u011btla. Ide\u00e1ln\u00ed p\u00e1r do lo\u017enice.<\/p>\n<p>Stav: el. nov\u00e1, funk\u010dn\u00ed<br \/>\nRozm\u011br<br \/>\nV\u00fd\u0161ka: 22 cm<br \/>\nPr\u016fm\u011br st\u00ednidla: 12 cm<br \/>\nHloubka: 20 cm<br \/>\nV\u00e1ha: 1,8 kg<\/p>\n<p>&nbsp;<\/p>\n","protected":false},"excerpt":{"rendered":"<p>P\u016fvabn\u00e1 dvojice stoln\u00edch lampi\u010dek pravd\u011bpodobn\u011b z produkce Drupolu, typick\u00e1 pro ran\u00fd pov\u00e1le\u010dn\u00fd modernismus. T\u011bla z tmav\u00e9ho bakelitu dopl\u0148uj\u00ed r\u016f\u017eov\u00e1 kulovit\u00e1<\/p>\n","protected":false},"featured_media":30566,"template":"","meta":[],"product_brand":[],"product_cat":[91],"product_tag":[],"class_list":{"0":"post-30564","1":"product","2":"type-product","3":"status-publish","4":"has-post-thumbnail","6":"product_cat-prodane","7":"product_shipping_class-nadrozmerne","9":"first","10":"outofstock","11":"purchasable","12":"product-type-simple"},"_links":{"self":[{"href":"https:\/\/eterle.cz\/eshop\/wp-json\/wp\/v2\/product\/30564","targetHints":{"allow":["GET"]}}],"collection":[{"href":"https:\/\/eterle.cz\/eshop\/wp-json\/wp\/v2\/product"}],"about":[{"href":"https:\/\/eterle.cz\/eshop\/wp-json\/wp\/v2\/types\/product"}],"version-history":[{"count":1,"href":"https:\/\/eterle.cz\/eshop\/wp-json\/wp\/v2\/product\/30564\/revisions"}],"predecessor-version":[{"id":30565,"href":"https:\/\/eterle.cz\/eshop\/wp-json\/wp\/v2\/product\/30564\/revisions\/30565"}],"wp:featuredmedia":[{"embeddable":true,"href":"https:\/\/eterle.cz\/eshop\/wp-json\/wp\/v2\/media\/30566"}],"wp:attachment":[{"href":"https:\/\/eterle.cz\/eshop\/wp-json\/wp\/v2\/media?parent=30564"}],"wp:term":[{"taxonomy":"product_brand","embeddable":true,"href":"https:\/\/eterle.cz\/eshop\/wp-json\/wp\/v2\/product_brand?post=30564"},{"taxonomy":"product_cat","embeddable":true,"href":"https:\/\/eterle.cz\/eshop\/wp-json\/wp\/v2\/product_cat?post=30564"},{"taxonomy":"product_tag","embeddable":true,"href":"https:\/\/eterle.cz\/eshop\/wp-json\/wp\/v2\/product_tag?post=30564"}],"curies":[{"name":"wp","href":"https:\/\/api.w.org\/{rel}","templated":true}]}}