{"id":30573,"date":"2025-10-23T11:30:51","date_gmt":"2025-10-23T09:30:51","guid":{"rendered":"https:\/\/eterle.cz\/eshop\/produkt\/stolni-lampa-zarovka\/"},"modified":"2025-12-05T22:31:27","modified_gmt":"2025-12-05T21:31:27","slug":"stolni-lampa-zarovka","status":"publish","type":"product","link":"https:\/\/eterle.cz\/eshop\/produkt\/stolni-lampa-zarovka\/","title":{"rendered":"Stoln\u00ed lampa \u201c\u017e\u00e1rovka\u201d"},"content":{"rendered":"<p>Impozantn\u00ed stoln\u00ed lampa p\u0159ipom\u00ednaj\u00edc\u00ed tvar klasick\u00e9 \u017e\u00e1rovky. Matn\u00e9 op\u00e1lov\u00e9 sklo rozptyluje sv\u011btlo do jemn\u00e9ho, tepl\u00e9ho t\u00f3nu, zat\u00edmco chromovan\u00e1 z\u00e1kladna s plastick\u00fdm profilem mu dod\u00e1v\u00e1 noblesu.<br \/>\nTento model vznikl pravd\u011bpodobn\u011b v jugosl\u00e1vsk\u00e9m podniku Meblo Koper, kter\u00fd v 70. letech spolupracoval s italsk\u00fdmi v\u00fdrobci a vytv\u00e1\u0159el sv\u00edtidla ve stylu Guzzini.<\/p>\n<p>Solit\u00e9rn\u00ed objekt, kter\u00fd prom\u011bn\u00ed jak\u00fdkoli interi\u00e9r ve sc\u00e9nu \u2013 mezi designem a sv\u011btlem.<\/p>\n<p>Stav: el. p\u016fvodn\u00ed, funk\u010dn\u00ed<br \/>\nRozm\u011br<br \/>\nV\u00fd\u0161ka: 50 cm<br \/>\nPr\u016fm\u011br: 29 cm<br \/>\nV\u00e1ha: 2,8 kg<\/p>\n<p>&nbsp;<\/p>\n","protected":false},"excerpt":{"rendered":"<p>Impozantn\u00ed stoln\u00ed lampa p\u0159ipom\u00ednaj\u00edc\u00ed tvar klasick\u00e9 \u017e\u00e1rovky. Matn\u00e9 op\u00e1lov\u00e9 sklo rozptyluje sv\u011btlo do jemn\u00e9ho, tepl\u00e9ho t\u00f3nu, zat\u00edmco chromovan\u00e1 z\u00e1kladna s<\/p>\n","protected":false},"featured_media":30575,"template":"","meta":[],"product_brand":[],"product_cat":[79,141],"product_tag":[],"class_list":{"0":"post-30573","1":"product","2":"type-product","3":"status-publish","4":"has-post-thumbnail","6":"product_cat-svetla","7":"product_cat-stolni-lampy","8":"product_shipping_class-nadrozmerne","10":"first","11":"instock","12":"purchasable","13":"product-type-simple"},"_links":{"self":[{"href":"https:\/\/eterle.cz\/eshop\/wp-json\/wp\/v2\/product\/30573","targetHints":{"allow":["GET"]}}],"collection":[{"href":"https:\/\/eterle.cz\/eshop\/wp-json\/wp\/v2\/product"}],"about":[{"href":"https:\/\/eterle.cz\/eshop\/wp-json\/wp\/v2\/types\/product"}],"version-history":[{"count":1,"href":"https:\/\/eterle.cz\/eshop\/wp-json\/wp\/v2\/product\/30573\/revisions"}],"predecessor-version":[{"id":30574,"href":"https:\/\/eterle.cz\/eshop\/wp-json\/wp\/v2\/product\/30573\/revisions\/30574"}],"wp:featuredmedia":[{"embeddable":true,"href":"https:\/\/eterle.cz\/eshop\/wp-json\/wp\/v2\/media\/30575"}],"wp:attachment":[{"href":"https:\/\/eterle.cz\/eshop\/wp-json\/wp\/v2\/media?parent=30573"}],"wp:term":[{"taxonomy":"product_brand","embeddable":true,"href":"https:\/\/eterle.cz\/eshop\/wp-json\/wp\/v2\/product_brand?post=30573"},{"taxonomy":"product_cat","embeddable":true,"href":"https:\/\/eterle.cz\/eshop\/wp-json\/wp\/v2\/product_cat?post=30573"},{"taxonomy":"product_tag","embeddable":true,"href":"https:\/\/eterle.cz\/eshop\/wp-json\/wp\/v2\/product_tag?post=30573"}],"curies":[{"name":"wp","href":"https:\/\/api.w.org\/{rel}","templated":true}]}}