{"id":31043,"date":"2025-11-08T23:52:13","date_gmt":"2025-11-08T22:52:13","guid":{"rendered":"https:\/\/eterle.cz\/eshop\/produkt\/lustr-cervena-siska\/"},"modified":"2026-02-12T17:32:34","modified_gmt":"2026-02-12T16:32:34","slug":"lustr-cervena-siska","status":"publish","type":"product","link":"https:\/\/eterle.cz\/eshop\/produkt\/lustr-cervena-siska\/","title":{"rendered":"Lustr \u010derven\u00e1 \u0161i\u0161ka"},"content":{"rendered":"<p>V\u00fdrazn\u00e9 z\u00e1v\u011bsn\u00e9 sv\u00edtidlo z ru\u010dn\u011b foukan\u00e9ho hutn\u00edho skla v syt\u011b \u010derven\u00e9m odst\u00ednu. Plastick\u00fd reli\u00e9f vytv\u00e1\u0159\u00ed p\u0159i rozsv\u00edcen\u00ed jemnou hru sv\u011btla a st\u00edn\u016f, d\u00edky n\u00ed\u017e lampa p\u016fsob\u00ed jako sv\u011bteln\u00fd objekt i dekorativn\u00ed prvek interi\u00e9ru.<\/p>\n<p>Podobn\u00e1 sv\u00edtidla vznikala v 70. letech v \u010deskoslovensk\u00fdch i n\u011bmeck\u00fdch skl\u00e1rn\u00e1ch (nap\u0159. Osv\u011btlovac\u00ed sklo Vala\u0161sk\u00e9 Mezi\u0159\u00ed\u010d\u00ed nebo Th\u00fcringer Glas), kdy se design\u00e9\u0159i neb\u00e1li experimentovat s barvou a strukturou skla.<\/p>\n<p>Lampa vynikne samostatn\u011b i ve skupin\u011b \u2014 nad j\u00eddeln\u00edm stolem, v chodb\u011b nebo jako akcent v modern\u00edm interi\u00e9ru, kde p\u0159inese tepl\u00e9 sv\u011btlo i energickou barevnost.<\/p>\n<p>Stav: el. nov\u00e1, funk\u010dn\u00ed<br \/>\nRozm\u011br<br \/>\nV\u00fd\u0161ka st\u00ednidla: 31 cm<br \/>\nD\u00e9lka kabelu: 1 m cca<br \/>\nV\u00e1ha: 1,5 kg<\/p>\n<p>&nbsp;<\/p>\n","protected":false},"excerpt":{"rendered":"<p>V\u00fdrazn\u00e9 z\u00e1v\u011bsn\u00e9 sv\u00edtidlo z ru\u010dn\u011b foukan\u00e9ho hutn\u00edho skla v syt\u011b \u010derven\u00e9m odst\u00ednu. Plastick\u00fd reli\u00e9f vytv\u00e1\u0159\u00ed p\u0159i rozsv\u00edcen\u00ed jemnou hru sv\u011btla<\/p>\n","protected":false},"featured_media":31045,"template":"","meta":[],"product_brand":[],"product_cat":[91],"product_tag":[],"class_list":{"0":"post-31043","1":"product","2":"type-product","3":"status-publish","4":"has-post-thumbnail","6":"product_cat-prodane","7":"product_shipping_class-nadrozmerne","9":"first","10":"outofstock","11":"purchasable","12":"product-type-simple"},"_links":{"self":[{"href":"https:\/\/eterle.cz\/eshop\/wp-json\/wp\/v2\/product\/31043","targetHints":{"allow":["GET"]}}],"collection":[{"href":"https:\/\/eterle.cz\/eshop\/wp-json\/wp\/v2\/product"}],"about":[{"href":"https:\/\/eterle.cz\/eshop\/wp-json\/wp\/v2\/types\/product"}],"version-history":[{"count":1,"href":"https:\/\/eterle.cz\/eshop\/wp-json\/wp\/v2\/product\/31043\/revisions"}],"predecessor-version":[{"id":31044,"href":"https:\/\/eterle.cz\/eshop\/wp-json\/wp\/v2\/product\/31043\/revisions\/31044"}],"wp:featuredmedia":[{"embeddable":true,"href":"https:\/\/eterle.cz\/eshop\/wp-json\/wp\/v2\/media\/31045"}],"wp:attachment":[{"href":"https:\/\/eterle.cz\/eshop\/wp-json\/wp\/v2\/media?parent=31043"}],"wp:term":[{"taxonomy":"product_brand","embeddable":true,"href":"https:\/\/eterle.cz\/eshop\/wp-json\/wp\/v2\/product_brand?post=31043"},{"taxonomy":"product_cat","embeddable":true,"href":"https:\/\/eterle.cz\/eshop\/wp-json\/wp\/v2\/product_cat?post=31043"},{"taxonomy":"product_tag","embeddable":true,"href":"https:\/\/eterle.cz\/eshop\/wp-json\/wp\/v2\/product_tag?post=31043"}],"curies":[{"name":"wp","href":"https:\/\/api.w.org\/{rel}","templated":true}]}}