{"id":31051,"date":"2025-11-08T23:52:18","date_gmt":"2025-11-08T22:52:18","guid":{"rendered":"https:\/\/eterle.cz\/eshop\/produkt\/lustr-sneci-ulita\/"},"modified":"2025-12-05T22:31:26","modified_gmt":"2025-12-05T21:31:26","slug":"lustr-sneci-ulita","status":"publish","type":"product","link":"https:\/\/eterle.cz\/eshop\/produkt\/lustr-sneci-ulita\/","title":{"rendered":"Lustr \u0161ne\u010d\u00ed ulita"},"content":{"rendered":"<p>Z\u00e1v\u011bsn\u00e9 sv\u00edtidlo z foukan\u00e9ho vrstven\u00e9ho skla v kombinaci tepl\u00e9 kr\u00e9mov\u00e9 a \u0161edomodr\u00e9 barvy. T\u011blo lampy je tvo\u0159eno v pravideln\u00e9m rytmu horizont\u00e1ln\u00edch prstenc\u016f, kter\u00e9 vytv\u00e1\u0159ej\u00ed jemnou hru sv\u011btla a st\u00ednu. Lampa vynikne jako solit\u00e9r nad stolem \u010di v ob\u00fdvac\u00edm prostoru, kde dod\u00e1 interi\u00e9ru m\u011bkk\u00e9, rovnom\u011brn\u00e9 sv\u011btlo a elegantn\u00ed vintage atmosf\u00e9ru.<\/p>\n<p>Stav: el. nov\u00e1, funk\u010dn\u00ed<br \/>\nRozm\u011br<br \/>\nV\u00fd\u0161ka: 88 cm<br \/>\nPr\u016fm\u011br st\u00ednidla: 28 cm<br \/>\nD\u00e9lka ty\u010de: 48 cm<br \/>\nV\u00e1ha: 2 kg<\/p>\n<p>&nbsp;<\/p>\n","protected":false},"excerpt":{"rendered":"<p>Z\u00e1v\u011bsn\u00e9 sv\u00edtidlo z foukan\u00e9ho vrstven\u00e9ho skla v kombinaci tepl\u00e9 kr\u00e9mov\u00e9 a \u0161edomodr\u00e9 barvy. T\u011blo lampy je tvo\u0159eno v pravideln\u00e9m rytmu<\/p>\n","protected":false},"featured_media":31053,"template":"","meta":[],"product_brand":[],"product_cat":[79,140],"product_tag":[],"class_list":{"0":"post-31051","1":"product","2":"type-product","3":"status-publish","4":"has-post-thumbnail","6":"product_cat-svetla","7":"product_cat-lustry","8":"product_shipping_class-nadrozmerne","10":"first","11":"instock","12":"purchasable","13":"product-type-simple"},"_links":{"self":[{"href":"https:\/\/eterle.cz\/eshop\/wp-json\/wp\/v2\/product\/31051","targetHints":{"allow":["GET"]}}],"collection":[{"href":"https:\/\/eterle.cz\/eshop\/wp-json\/wp\/v2\/product"}],"about":[{"href":"https:\/\/eterle.cz\/eshop\/wp-json\/wp\/v2\/types\/product"}],"version-history":[{"count":1,"href":"https:\/\/eterle.cz\/eshop\/wp-json\/wp\/v2\/product\/31051\/revisions"}],"predecessor-version":[{"id":31052,"href":"https:\/\/eterle.cz\/eshop\/wp-json\/wp\/v2\/product\/31051\/revisions\/31052"}],"wp:featuredmedia":[{"embeddable":true,"href":"https:\/\/eterle.cz\/eshop\/wp-json\/wp\/v2\/media\/31053"}],"wp:attachment":[{"href":"https:\/\/eterle.cz\/eshop\/wp-json\/wp\/v2\/media?parent=31051"}],"wp:term":[{"taxonomy":"product_brand","embeddable":true,"href":"https:\/\/eterle.cz\/eshop\/wp-json\/wp\/v2\/product_brand?post=31051"},{"taxonomy":"product_cat","embeddable":true,"href":"https:\/\/eterle.cz\/eshop\/wp-json\/wp\/v2\/product_cat?post=31051"},{"taxonomy":"product_tag","embeddable":true,"href":"https:\/\/eterle.cz\/eshop\/wp-json\/wp\/v2\/product_tag?post=31051"}],"curies":[{"name":"wp","href":"https:\/\/api.w.org\/{rel}","templated":true}]}}