{"id":31078,"date":"2025-11-08T23:52:35","date_gmt":"2025-11-08T22:52:35","guid":{"rendered":"https:\/\/eterle.cz\/eshop\/produkt\/zluty-lustr-3\/"},"modified":"2026-02-19T17:55:27","modified_gmt":"2026-02-19T16:55:27","slug":"zluty-lustr-3","status":"publish","type":"product","link":"https:\/\/eterle.cz\/eshop\/produkt\/zluty-lustr-3\/","title":{"rendered":"\u017dlut\u00fd lustr"},"content":{"rendered":"<p>Sklen\u011bn\u00fd retro lustr z op\u00e1lov\u00e9ho skla, typick\u00fd sv\u00fdmi tvary a zbarven\u00edm pro tehdej\u0161\u00ed bruselskou \u00e9ru. Poch\u00e1z\u00ed z 60.-70. letech minul\u00e9ho stolet\u00ed pravd\u011bpodobn\u011b z NDR. Lustr je vyroben\u00fd z dvouvrstv\u00e9ho skla, kde vnit\u0159n\u00ed \u010d\u00e1st tvo\u0159\u00ed b\u00edl\u00e9 a vn\u011bj\u0161\u00ed \u010d\u00e1st syt\u011b \u017elut\u00e9 sklo.<\/p>\n<p>Stav: el. nov\u00e1, funk\u010dn\u00ed, kov drobn\u00e9 nedostatky<br \/>\nRozm\u011br<br \/>\nV\u00fd\u0161ka: 66 cm<br \/>\nPr\u016fm\u011br st\u00ednidla: 25 cm<br \/>\nD\u00e9lka ty\u010de: 37 cm<br \/>\nV\u00e1ha: 1,5 kg<\/p>\n<p>&nbsp;<\/p>\n","protected":false},"excerpt":{"rendered":"<p>Sklen\u011bn\u00fd retro lustr z op\u00e1lov\u00e9ho skla, typick\u00fd sv\u00fdmi tvary a zbarven\u00edm pro tehdej\u0161\u00ed bruselskou \u00e9ru. Poch\u00e1z\u00ed z 60.-70. letech minul\u00e9ho<\/p>\n","protected":false},"featured_media":31080,"template":"","meta":[],"product_brand":[],"product_cat":[91],"product_tag":[],"class_list":{"0":"post-31078","1":"product","2":"type-product","3":"status-publish","4":"has-post-thumbnail","6":"product_cat-prodane","7":"product_shipping_class-nadrozmerne","9":"first","10":"outofstock","11":"purchasable","12":"product-type-simple"},"_links":{"self":[{"href":"https:\/\/eterle.cz\/eshop\/wp-json\/wp\/v2\/product\/31078","targetHints":{"allow":["GET"]}}],"collection":[{"href":"https:\/\/eterle.cz\/eshop\/wp-json\/wp\/v2\/product"}],"about":[{"href":"https:\/\/eterle.cz\/eshop\/wp-json\/wp\/v2\/types\/product"}],"version-history":[{"count":4,"href":"https:\/\/eterle.cz\/eshop\/wp-json\/wp\/v2\/product\/31078\/revisions"}],"predecessor-version":[{"id":34405,"href":"https:\/\/eterle.cz\/eshop\/wp-json\/wp\/v2\/product\/31078\/revisions\/34405"}],"wp:featuredmedia":[{"embeddable":true,"href":"https:\/\/eterle.cz\/eshop\/wp-json\/wp\/v2\/media\/31080"}],"wp:attachment":[{"href":"https:\/\/eterle.cz\/eshop\/wp-json\/wp\/v2\/media?parent=31078"}],"wp:term":[{"taxonomy":"product_brand","embeddable":true,"href":"https:\/\/eterle.cz\/eshop\/wp-json\/wp\/v2\/product_brand?post=31078"},{"taxonomy":"product_cat","embeddable":true,"href":"https:\/\/eterle.cz\/eshop\/wp-json\/wp\/v2\/product_cat?post=31078"},{"taxonomy":"product_tag","embeddable":true,"href":"https:\/\/eterle.cz\/eshop\/wp-json\/wp\/v2\/product_tag?post=31078"}],"curies":[{"name":"wp","href":"https:\/\/api.w.org\/{rel}","templated":true}]}}