{"id":31120,"date":"2025-11-08T23:53:04","date_gmt":"2025-11-08T22:53:04","guid":{"rendered":"https:\/\/eterle.cz\/eshop\/produkt\/lustr-anyz\/"},"modified":"2025-12-05T22:31:26","modified_gmt":"2025-12-05T21:31:26","slug":"lustr-anyz","status":"publish","type":"product","link":"https:\/\/eterle.cz\/eshop\/produkt\/lustr-anyz\/","title":{"rendered":"Lustr \/ An\u00fd\u017e"},"content":{"rendered":"<p>Zaj\u00edmav\u00e1 kombinace \u010dist\u00e9 geometrie a hrav\u00e9ho detailu. Stropn\u00ed sv\u00edtidlo z d\u00edlny Franty An\u00fd\u017ee, navr\u017een\u00e9ho ve 30. letech min. stolet\u00ed, tvo\u0159\u00ed \u0161irok\u00e9, pr\u016fhledn\u00e9 sklen\u011bn\u00e9 st\u00ednidlo s punt\u00edky, kter\u00e9 se v sv\u011btle jemn\u011b lesknou. Do jeho st\u0159edu je zasazen b\u00edl\u00fd k\u00f3nick\u00fd prvek, jen\u017e sv\u011btlo usm\u011br\u0148uje a dod\u00e1v\u00e1 cel\u00e9 kompozici vyv\u00e1\u017eenost i klid. <\/p>\n<p>Franti\u0161ek An\u00fd\u017e (1876\u20131934) pat\u0159il k nejv\u00fdznamn\u011bj\u0161\u00edm \u010desk\u00fdm v\u00fdrobc\u016fm osv\u011btlovac\u00edch t\u011bles prvn\u00ed poloviny 20. stolet\u00ed. Jeho pra\u017esk\u00e1 d\u00edlna z\u00e1sobovala nejen dom\u00e1cnosti, ale i divadla, ve\u0159ejn\u00e9 budovy a reprezentativn\u00ed interi\u00e9ry. Typick\u00e9 jsou pro n\u011bj promy\u0161len\u00e9 proporce, technick\u00e1 p\u0159esnost a um\u011b\u0159en\u00e1 estetika, kter\u00e1 i po desetilet\u00edch p\u016fsob\u00ed p\u0159ekvapiv\u011b sou\u010dasn\u011b.<\/p>\n<p>Stav: el. p\u016fvodn\u00ed, funk\u010dn\u00ed<br \/>\nZna\u010dka: Franta An\u00fd\u017e<br \/>\nRozm\u011br<br \/>\n V\u00fd\u0161ka: 50 cm<br \/>\n V\u00fd\u0161ka ty\u010de: 36 cm<br \/>\n Pr\u016fm\u011br st\u00ednidla: 46 cm<br \/>\n V\u00e1ha: 4kg<\/p>\n<p>&nbsp;<\/p>\n","protected":false},"excerpt":{"rendered":"<p>Zaj\u00edmav\u00e1 kombinace \u010dist\u00e9 geometrie a hrav\u00e9ho detailu. Stropn\u00ed sv\u00edtidlo z d\u00edlny Franty An\u00fd\u017ee, navr\u017een\u00e9ho ve 30. letech min. stolet\u00ed, tvo\u0159\u00ed<\/p>\n","protected":false},"featured_media":31122,"template":"","meta":[],"product_brand":[],"product_cat":[79,140],"product_tag":[],"class_list":{"0":"post-31120","1":"product","2":"type-product","3":"status-publish","4":"has-post-thumbnail","6":"product_cat-svetla","7":"product_cat-lustry","8":"product_shipping_class-nadrozmerne","10":"first","11":"instock","12":"purchasable","13":"product-type-simple"},"_links":{"self":[{"href":"https:\/\/eterle.cz\/eshop\/wp-json\/wp\/v2\/product\/31120","targetHints":{"allow":["GET"]}}],"collection":[{"href":"https:\/\/eterle.cz\/eshop\/wp-json\/wp\/v2\/product"}],"about":[{"href":"https:\/\/eterle.cz\/eshop\/wp-json\/wp\/v2\/types\/product"}],"version-history":[{"count":1,"href":"https:\/\/eterle.cz\/eshop\/wp-json\/wp\/v2\/product\/31120\/revisions"}],"predecessor-version":[{"id":31121,"href":"https:\/\/eterle.cz\/eshop\/wp-json\/wp\/v2\/product\/31120\/revisions\/31121"}],"wp:featuredmedia":[{"embeddable":true,"href":"https:\/\/eterle.cz\/eshop\/wp-json\/wp\/v2\/media\/31122"}],"wp:attachment":[{"href":"https:\/\/eterle.cz\/eshop\/wp-json\/wp\/v2\/media?parent=31120"}],"wp:term":[{"taxonomy":"product_brand","embeddable":true,"href":"https:\/\/eterle.cz\/eshop\/wp-json\/wp\/v2\/product_brand?post=31120"},{"taxonomy":"product_cat","embeddable":true,"href":"https:\/\/eterle.cz\/eshop\/wp-json\/wp\/v2\/product_cat?post=31120"},{"taxonomy":"product_tag","embeddable":true,"href":"https:\/\/eterle.cz\/eshop\/wp-json\/wp\/v2\/product_tag?post=31120"}],"curies":[{"name":"wp","href":"https:\/\/api.w.org\/{rel}","templated":true}]}}