{"id":31131,"date":"2025-11-08T23:53:11","date_gmt":"2025-11-08T22:53:11","guid":{"rendered":"https:\/\/eterle.cz\/eshop\/produkt\/lustr-podelny\/"},"modified":"2026-02-01T00:21:14","modified_gmt":"2026-01-31T23:21:14","slug":"lustr-podelny","status":"publish","type":"product","link":"https:\/\/eterle.cz\/eshop\/produkt\/lustr-podelny\/","title":{"rendered":"Lustr pod\u00e9ln\u00fd"},"content":{"rendered":"<p>Z\u00e1v\u011bsn\u00e9 sv\u00edtidlo s trojic\u00ed plasticky tvarovan\u00fdch sklen\u011bn\u00fdch st\u00ednidel na chromovan\u00e9 konstrukci. Hrav\u00e1 textura skla rozptyluje sv\u011btlo do mnoha odlesk\u016f a vytv\u00e1\u0159\u00ed h\u0159ejivou atmosf\u00e9ru s lehk\u00fdm n\u00e1dechem glamour stylu.<\/p>\n<p>Tento typ sv\u00edtidel vznikal v 70. letech v \u010deskoslovensk\u00fdch podnic\u00edch jako Lustry Kamenick\u00fd \u0160enov nebo Osv\u011btlovac\u00ed sklo Vala\u0161sk\u00e9 Mezi\u0159\u00ed\u010d\u00ed, kter\u00e9 spojovaly skl\u00e1\u0159skou tradici s modern\u00edm kovov\u00fdm designem. Lustr se skv\u011ble hod\u00ed nad j\u00eddeln\u00ed st\u016fl.<\/p>\n<p>Stav: el. p\u016fvodn\u00ed, funk\u010dn\u00ed<br \/>\nRozm\u011br<br \/>\nV\u00fd\u0161ka: 54 cm<br \/>\nV\u00fd\u0161ka ty\u010de: 32<br \/>\nHloubka (pr\u016fm\u011br st\u00ednidla): 12 cm<br \/>\nD\u00e9lka 60 cm<br \/>\n V\u00e1ha: 4,6 kg<\/p>\n<p>&nbsp;<\/p>\n","protected":false},"excerpt":{"rendered":"<p>Z\u00e1v\u011bsn\u00e9 sv\u00edtidlo s trojic\u00ed plasticky tvarovan\u00fdch sklen\u011bn\u00fdch st\u00ednidel na chromovan\u00e9 konstrukci. Hrav\u00e1 textura skla rozptyluje sv\u011btlo do mnoha odlesk\u016f a<\/p>\n","protected":false},"featured_media":31133,"template":"","meta":[],"product_brand":[],"product_cat":[91],"product_tag":[],"class_list":{"0":"post-31131","1":"product","2":"type-product","3":"status-publish","4":"has-post-thumbnail","6":"product_cat-prodane","7":"product_shipping_class-nadrozmerne","9":"first","10":"outofstock","11":"purchasable","12":"product-type-simple"},"_links":{"self":[{"href":"https:\/\/eterle.cz\/eshop\/wp-json\/wp\/v2\/product\/31131","targetHints":{"allow":["GET"]}}],"collection":[{"href":"https:\/\/eterle.cz\/eshop\/wp-json\/wp\/v2\/product"}],"about":[{"href":"https:\/\/eterle.cz\/eshop\/wp-json\/wp\/v2\/types\/product"}],"version-history":[{"count":1,"href":"https:\/\/eterle.cz\/eshop\/wp-json\/wp\/v2\/product\/31131\/revisions"}],"predecessor-version":[{"id":31132,"href":"https:\/\/eterle.cz\/eshop\/wp-json\/wp\/v2\/product\/31131\/revisions\/31132"}],"wp:featuredmedia":[{"embeddable":true,"href":"https:\/\/eterle.cz\/eshop\/wp-json\/wp\/v2\/media\/31133"}],"wp:attachment":[{"href":"https:\/\/eterle.cz\/eshop\/wp-json\/wp\/v2\/media?parent=31131"}],"wp:term":[{"taxonomy":"product_brand","embeddable":true,"href":"https:\/\/eterle.cz\/eshop\/wp-json\/wp\/v2\/product_brand?post=31131"},{"taxonomy":"product_cat","embeddable":true,"href":"https:\/\/eterle.cz\/eshop\/wp-json\/wp\/v2\/product_cat?post=31131"},{"taxonomy":"product_tag","embeddable":true,"href":"https:\/\/eterle.cz\/eshop\/wp-json\/wp\/v2\/product_tag?post=31131"}],"curies":[{"name":"wp","href":"https:\/\/api.w.org\/{rel}","templated":true}]}}