{"id":31150,"date":"2025-11-08T23:53:24","date_gmt":"2025-11-08T22:53:24","guid":{"rendered":"https:\/\/eterle.cz\/eshop\/produkt\/stolni-lampa-houba-hurka\/"},"modified":"2025-12-05T22:31:25","modified_gmt":"2025-12-05T21:31:25","slug":"stolni-lampa-houba-hurka","status":"publish","type":"product","link":"https:\/\/eterle.cz\/eshop\/produkt\/stolni-lampa-houba-hurka\/","title":{"rendered":"Stoln\u00ed lampa houba \/ H\u016frka"},"content":{"rendered":"<p>Kovov\u00e1 stoln\u00ed lampa Napako ze 70. let minul\u00e9ho stolet\u00ed od Josefa H\u016frky, typ typ 851240. Jej\u00ed elegannt\u00ed design p\u0159ipom\u00edna stoln\u00ed lampu vyr\u00e1b\u011bnou Franti\u0161kem An\u00fd\u017eem ve 30. letech 20. stolet\u00ed (typ 5839).<\/p>\n<p>Stav: el. p\u016fvodn\u00ed, funk\u010dn\u00ed; drobn\u00e9 od\u011brky viz foto<br \/>\nZna\u010dka: Josef H\u016frka<br \/>\nRozm\u011br<br \/>\nV\u00e1ha: 2kg<\/p>\n<p>&nbsp;<\/p>\n","protected":false},"excerpt":{"rendered":"<p>Kovov\u00e1 stoln\u00ed lampa Napako ze 70. let minul\u00e9ho stolet\u00ed od Josefa H\u016frky, typ typ 851240. Jej\u00ed elegannt\u00ed design p\u0159ipom\u00edna stoln\u00ed<\/p>\n","protected":false},"featured_media":31152,"template":"","meta":[],"product_brand":[],"product_cat":[79,141],"product_tag":[],"class_list":{"0":"post-31150","1":"product","2":"type-product","3":"status-publish","4":"has-post-thumbnail","6":"product_cat-svetla","7":"product_cat-stolni-lampy","8":"product_shipping_class-nadrozmerne","10":"first","11":"instock","12":"purchasable","13":"product-type-simple"},"_links":{"self":[{"href":"https:\/\/eterle.cz\/eshop\/wp-json\/wp\/v2\/product\/31150","targetHints":{"allow":["GET"]}}],"collection":[{"href":"https:\/\/eterle.cz\/eshop\/wp-json\/wp\/v2\/product"}],"about":[{"href":"https:\/\/eterle.cz\/eshop\/wp-json\/wp\/v2\/types\/product"}],"version-history":[{"count":1,"href":"https:\/\/eterle.cz\/eshop\/wp-json\/wp\/v2\/product\/31150\/revisions"}],"predecessor-version":[{"id":31151,"href":"https:\/\/eterle.cz\/eshop\/wp-json\/wp\/v2\/product\/31150\/revisions\/31151"}],"wp:featuredmedia":[{"embeddable":true,"href":"https:\/\/eterle.cz\/eshop\/wp-json\/wp\/v2\/media\/31152"}],"wp:attachment":[{"href":"https:\/\/eterle.cz\/eshop\/wp-json\/wp\/v2\/media?parent=31150"}],"wp:term":[{"taxonomy":"product_brand","embeddable":true,"href":"https:\/\/eterle.cz\/eshop\/wp-json\/wp\/v2\/product_brand?post=31150"},{"taxonomy":"product_cat","embeddable":true,"href":"https:\/\/eterle.cz\/eshop\/wp-json\/wp\/v2\/product_cat?post=31150"},{"taxonomy":"product_tag","embeddable":true,"href":"https:\/\/eterle.cz\/eshop\/wp-json\/wp\/v2\/product_tag?post=31150"}],"curies":[{"name":"wp","href":"https:\/\/api.w.org\/{rel}","templated":true}]}}