{"id":31158,"date":"2025-11-08T23:53:30","date_gmt":"2025-11-08T22:53:30","guid":{"rendered":"https:\/\/eterle.cz\/eshop\/produkt\/stolni-lampicka-hurka\/"},"modified":"2026-02-12T17:33:03","modified_gmt":"2026-02-12T16:33:03","slug":"stolni-lampicka-hurka","status":"publish","type":"product","link":"https:\/\/eterle.cz\/eshop\/produkt\/stolni-lampicka-hurka\/","title":{"rendered":"Stoln\u00ed lampi\u010dka \/ H\u016frka"},"content":{"rendered":"<p>Ikonick\u00e1 stoln\u00ed lampa navr\u017een\u00e1 Josefem H\u016frkou, jej\u00ed\u017e silueta pat\u0159\u00ed k nejv\u00fdrazn\u011bj\u0161\u00edm p\u0159\u00edklad\u016fm \u010desk\u00e9ho modern\u00edho designu 50.\u201360. let. Tvarov\u011b i barevn\u011b dokonale vystihuje ducha doby \u2013 technickou strohost doprov\u00e1z\u00ed syt\u00fd lakovan\u00fd povrch, kter\u00fd dod\u00e1v\u00e1 lamp\u011b osobit\u00fd charakter.<\/p>\n<p>Ku\u017eelov\u00e9 st\u00ednidlo v \u010derven\u00e9m laku dopl\u0148uje subtiln\u00ed kovov\u00e1 konstrukce v \u010dern\u00e9 barv\u011b ve tvaru L. Lampa spojuje funk\u010dnost pracovn\u00edho sv\u011btla s eleganc\u00ed a hravost\u00ed, je\u017e jsou pro H\u016frkovy n\u00e1vrhy typick\u00e9. Dodnes p\u016fsob\u00ed sv\u011b\u017ee a modern\u011b \u2013 jako p\u0159ipom\u00ednka doby, kdy i ka\u017edodenn\u00ed p\u0159edm\u011bty vznikaly s d\u016frazem na kr\u00e1su, proporci a detail.<\/p>\n<p>Stav: el. p\u016fvodn\u00ed, funk\u010dn\u00ed; na dvou m\u00edstech chyb\u00ed kousek laku<br \/>\nZna\u010dka: Josef H\u016frka, Kovona<br \/>\nV\u00e1ha: 1 kg<\/p>\n<p>&nbsp;<\/p>\n","protected":false},"excerpt":{"rendered":"<p>Ikonick\u00e1 stoln\u00ed lampa navr\u017een\u00e1 Josefem H\u016frkou, jej\u00ed\u017e silueta pat\u0159\u00ed k nejv\u00fdrazn\u011bj\u0161\u00edm p\u0159\u00edklad\u016fm \u010desk\u00e9ho modern\u00edho designu 50.\u201360. let. Tvarov\u011b i barevn\u011b<\/p>\n","protected":false},"featured_media":31160,"template":"","meta":[],"product_brand":[],"product_cat":[91],"product_tag":[],"class_list":{"0":"post-31158","1":"product","2":"type-product","3":"status-publish","4":"has-post-thumbnail","6":"product_cat-prodane","7":"product_shipping_class-nadrozmerne","9":"first","10":"outofstock","11":"purchasable","12":"product-type-simple"},"_links":{"self":[{"href":"https:\/\/eterle.cz\/eshop\/wp-json\/wp\/v2\/product\/31158","targetHints":{"allow":["GET"]}}],"collection":[{"href":"https:\/\/eterle.cz\/eshop\/wp-json\/wp\/v2\/product"}],"about":[{"href":"https:\/\/eterle.cz\/eshop\/wp-json\/wp\/v2\/types\/product"}],"version-history":[{"count":1,"href":"https:\/\/eterle.cz\/eshop\/wp-json\/wp\/v2\/product\/31158\/revisions"}],"predecessor-version":[{"id":31159,"href":"https:\/\/eterle.cz\/eshop\/wp-json\/wp\/v2\/product\/31158\/revisions\/31159"}],"wp:featuredmedia":[{"embeddable":true,"href":"https:\/\/eterle.cz\/eshop\/wp-json\/wp\/v2\/media\/31160"}],"wp:attachment":[{"href":"https:\/\/eterle.cz\/eshop\/wp-json\/wp\/v2\/media?parent=31158"}],"wp:term":[{"taxonomy":"product_brand","embeddable":true,"href":"https:\/\/eterle.cz\/eshop\/wp-json\/wp\/v2\/product_brand?post=31158"},{"taxonomy":"product_cat","embeddable":true,"href":"https:\/\/eterle.cz\/eshop\/wp-json\/wp\/v2\/product_cat?post=31158"},{"taxonomy":"product_tag","embeddable":true,"href":"https:\/\/eterle.cz\/eshop\/wp-json\/wp\/v2\/product_tag?post=31158"}],"curies":[{"name":"wp","href":"https:\/\/api.w.org\/{rel}","templated":true}]}}