{"id":31167,"date":"2025-11-08T23:53:35","date_gmt":"2025-11-08T22:53:35","guid":{"rendered":"https:\/\/eterle.cz\/eshop\/produkt\/stojaci-lampa-hurka\/"},"modified":"2025-12-05T22:31:25","modified_gmt":"2025-12-05T21:31:25","slug":"stojaci-lampa-hurka","status":"publish","type":"product","link":"https:\/\/eterle.cz\/eshop\/produkt\/stojaci-lampa-hurka\/","title":{"rendered":"Stojac\u00ed lampa \/ H\u016frka"},"content":{"rendered":"<p>Stojac\u00ed lampa Napako z n\u00e1vrh\u016f Josefa H\u016frky z p\u0159elomu 50. a 60. let min. stoelt\u00ed. Dvojit\u00e9 nastaviteln\u00e9 st\u00ednidlo, kombinace \u010derven\u00e9ho laku a kovu a typicky technick\u00fd, av\u0161ak elegantn\u00ed tvar jsou pro tuto \u00e9ru i zna\u010dku velmi charakteristick\u00e9. <\/p>\n<p>Dvojice nastaviteln\u00fdch kovov\u00fdch st\u00ednidel v \u010derven\u00e9m laku je uchycena na \u0161t\u00edhl\u00e9 chromovan\u00e9 konstrukci s lakovanou z\u00e1kladnou. Ka\u017ed\u00e9 rameno lze samostatn\u011b sm\u011brovat, co\u017e umo\u017e\u0148uje vytvo\u0159it sv\u011btlo p\u0159esn\u011b tam, kde je t\u0159eba \u2013 k\u0159eslo, st\u016fl nebo \u010dtec\u00ed kout<\/p>\n<p>Stav: , el. p\u016fvodn\u00ed, funk\u010dn\u00ed; patina, m\u00edsty od\u0159en\u00fd lak, lehk\u00e1 koroze na ty\u010di<br \/>\nZna\u010dka: Josef H\u016frka, Napako<br \/>\nRozm\u011br<br \/>\nV\u00fd\u0161ka: 155 cm<br \/>\n\u0160\u00ed\u0159ka: 44 cm<br \/>\nPr\u016fm\u011br st\u00ednidla: 18 cm<br \/>\nV\u00fd\u0161ka st\u00ednidla: 21 cm<br \/>\nV\u00e1ha: 9,1 kg<\/p>\n<p>&nbsp;<\/p>\n","protected":false},"excerpt":{"rendered":"<p>Stojac\u00ed lampa Napako z n\u00e1vrh\u016f Josefa H\u016frky z p\u0159elomu 50. a 60. let min. stoelt\u00ed. Dvojit\u00e9 nastaviteln\u00e9 st\u00ednidlo, kombinace \u010derven\u00e9ho<\/p>\n","protected":false},"featured_media":31169,"template":"","meta":[],"product_brand":[],"product_cat":[79,142],"product_tag":[],"class_list":{"0":"post-31167","1":"product","2":"type-product","3":"status-publish","4":"has-post-thumbnail","6":"product_cat-svetla","7":"product_cat-stojaci-lampy","8":"product_shipping_class-nadrozmerne","10":"first","11":"instock","12":"purchasable","13":"product-type-simple"},"_links":{"self":[{"href":"https:\/\/eterle.cz\/eshop\/wp-json\/wp\/v2\/product\/31167","targetHints":{"allow":["GET"]}}],"collection":[{"href":"https:\/\/eterle.cz\/eshop\/wp-json\/wp\/v2\/product"}],"about":[{"href":"https:\/\/eterle.cz\/eshop\/wp-json\/wp\/v2\/types\/product"}],"version-history":[{"count":1,"href":"https:\/\/eterle.cz\/eshop\/wp-json\/wp\/v2\/product\/31167\/revisions"}],"predecessor-version":[{"id":31168,"href":"https:\/\/eterle.cz\/eshop\/wp-json\/wp\/v2\/product\/31167\/revisions\/31168"}],"wp:featuredmedia":[{"embeddable":true,"href":"https:\/\/eterle.cz\/eshop\/wp-json\/wp\/v2\/media\/31169"}],"wp:attachment":[{"href":"https:\/\/eterle.cz\/eshop\/wp-json\/wp\/v2\/media?parent=31167"}],"wp:term":[{"taxonomy":"product_brand","embeddable":true,"href":"https:\/\/eterle.cz\/eshop\/wp-json\/wp\/v2\/product_brand?post=31167"},{"taxonomy":"product_cat","embeddable":true,"href":"https:\/\/eterle.cz\/eshop\/wp-json\/wp\/v2\/product_cat?post=31167"},{"taxonomy":"product_tag","embeddable":true,"href":"https:\/\/eterle.cz\/eshop\/wp-json\/wp\/v2\/product_tag?post=31167"}],"curies":[{"name":"wp","href":"https:\/\/api.w.org\/{rel}","templated":true}]}}